{"id":4368,"date":"2018-11-30T19:12:41","date_gmt":"2018-11-30T19:12:41","guid":{"rendered":"https:\/\/sgp-sa.com\/?post_type=product&#038;p=4368"},"modified":"2019-03-21T01:22:52","modified_gmt":"2019-03-21T01:22:52","slug":"creation-de-site-internet","status":"publish","type":"product","link":"https:\/\/sgp-sa.com\/fr\/produit\/creation-de-site-internet\/","title":{"rendered":"Cr\u00e9ation de site internet"},"content":{"rendered":"<h2>Nous vous proposons de nous occuper de la cr\u00e9ation de votre site Internet. De l&#8217;id\u00e9e \u00e0 la mise en ligne, votre site web cl\u00e9 en main, sans surprises ni surco\u00fbt, c&#8217;est maintenant.<br \/>\n<!--more--><\/h2>\n<h3>Nous offrons \u00e9galement des prestations que vous pouvez prendre en suppl\u00e9ments ou de mani\u00e8re individuelle uniquement pour ce dont vous avez besoin.<\/h3>\n<h3>&#8211; <b><u>H\u00e9bergement<\/u><\/b> <b><u>et<\/u><\/b> <u>s\u00e9curisation<\/u> :\u00a0Performance, vitesse, s\u00e9curit\u00e9, nous attachons une importance particuli\u00e8re \u00e0 ces notions.<\/h3>\n<h3>&#8211; <b><u>D\u00e9veloppement<\/u><\/b> <b><u>web<\/u><\/b> <b><u>et<\/u><\/b> <b><u>mobile<\/u><\/b> : Notre informaticien sp\u00e9cialis\u00e9 d\u00e9veloppe vos applications web et mobiles. Notre sp\u00e9cialiste pourra digitaliser votre activit\u00e9, moderniser vos outils ou lancer vos services en ligne.<\/h3>\n<h3>&#8211;<b><u>Conception<\/u><\/b>, <b><u>conseil<\/u><\/b> <b><u>et<\/u><\/b> <b><u>gestion<\/u><\/b> <b><u>de<\/u><\/b> <b><u>projet<\/u><\/b> <b><u>Web<\/u><\/b> :\u00a0Nous vous accompagnons de l\u2019id\u00e9e au d\u00e9veloppement jusqu\u2019\u00e0 la mise en ligne.<\/h3>\n<p><!--more--><\/p>\n<h3>Nous serions ravi de vous rencontrez et discuter de vive voix de vos projets.<\/h3>\n<h3><!--more--><\/h3>\n<p><!--more--><br \/>\n<!--more--><\/p>\n<p><!--more--><\/p>\n<h3><b><u>Nouveaut\u00e9<\/u><\/b> : Dans le cadre de nos d\u00e9veloppements mobiles et web, d\u00e9couvrez le syst\u00e8me de g\u00e9olocalisation de vos agents sur le terrain. Imagin\u00e9 sur le model Uber, affectez les commandes aux plus proches agents et vos clients suivent leur progression en directe sur une carte interactive.<\/h3>\n","protected":false},"excerpt":{"rendered":"<p><u>Cr\u00e9ation et mise en ligne de site internet<\/u><\/p>\n","protected":false},"featured_media":4370,"template":"","meta":[],"product_cat":[111],"product_tag":[],"_links":{"self":[{"href":"https:\/\/sgp-sa.com\/fr\/wp-json\/wp\/v2\/product\/4368"}],"collection":[{"href":"https:\/\/sgp-sa.com\/fr\/wp-json\/wp\/v2\/product"}],"about":[{"href":"https:\/\/sgp-sa.com\/fr\/wp-json\/wp\/v2\/types\/product"}],"wp:featuredmedia":[{"embeddable":true,"href":"https:\/\/sgp-sa.com\/fr\/wp-json\/wp\/v2\/media\/4370"}],"wp:attachment":[{"href":"https:\/\/sgp-sa.com\/fr\/wp-json\/wp\/v2\/media?parent=4368"}],"wp:term":[{"taxonomy":"product_cat","embeddable":true,"href":"https:\/\/sgp-sa.com\/fr\/wp-json\/wp\/v2\/product_cat?post=4368"},{"taxonomy":"product_tag","embeddable":true,"href":"https:\/\/sgp-sa.com\/fr\/wp-json\/wp\/v2\/product_tag?post=4368"}],"curies":[{"name":"wp","href":"https:\/\/api.w.org\/{rel}","templated":true}]}}