{"id":4363,"date":"2018-11-30T18:33:17","date_gmt":"2018-11-30T18:33:17","guid":{"rendered":"https:\/\/sgp-sa.com\/?post_type=product&#038;p=4363"},"modified":"2019-03-21T01:23:27","modified_gmt":"2019-03-21T01:23:27","slug":"domiciliation","status":"publish","type":"product","link":"https:\/\/sgp-sa.com\/fr\/produit\/domiciliation\/","title":{"rendered":"Domiciliation"},"content":{"rendered":"<h2>Nous vous proposons plusieurs plusieurs solutions pour la domiciliation.<\/h2>\n<h2>Cette prestation s\u2019applique pour une personne physique, une soci\u00e9t\u00e9 individuelle, une soci\u00e9t\u00e9 \u00e0 responsabilit\u00e9 limit\u00e9e ( SARL ), une soci\u00e9t\u00e9 anonyme ( SA ) ou une holding internationale.<\/h2>\n<h3>Notre offre de lancement est de 50.- chf mensuelle pour une domiciliation avec :<\/h3>\n<p>&#8211; <strong>A<\/strong><b>dresse repr\u00e9sentative<br \/>\n&#8211; R\u00e9ception, tri et redistribution du courriers<br \/>\n<\/b><\/p>\n<h3>Nous pouvons vous proposez avec un suppl\u00e9ment :<\/h3>\n<p><b>\u2013 Mise \u00e0 disposition d\u2019une salle de r\u00e9union<br \/>\n\u2013 Soutien administratif<br \/>\n\u2013 Conseils en gestion d\u2019entreprise et juridique<br \/>\n\u2013 Gestion des appels t\u00e9l\u00e9phoniques<br \/>\n<\/b>\u2013 <b>R\u00e9daction<\/b> <b>de courrier et email<\/b><\/p>\n","protected":false},"excerpt":{"rendered":"<p><u>Domiciliation standard mensuelle\u00a0<\/u><\/p>\n","protected":false},"featured_media":4366,"template":"","meta":[],"product_cat":[110],"product_tag":[],"_links":{"self":[{"href":"https:\/\/sgp-sa.com\/fr\/wp-json\/wp\/v2\/product\/4363"}],"collection":[{"href":"https:\/\/sgp-sa.com\/fr\/wp-json\/wp\/v2\/product"}],"about":[{"href":"https:\/\/sgp-sa.com\/fr\/wp-json\/wp\/v2\/types\/product"}],"wp:featuredmedia":[{"embeddable":true,"href":"https:\/\/sgp-sa.com\/fr\/wp-json\/wp\/v2\/media\/4366"}],"wp:attachment":[{"href":"https:\/\/sgp-sa.com\/fr\/wp-json\/wp\/v2\/media?parent=4363"}],"wp:term":[{"taxonomy":"product_cat","embeddable":true,"href":"https:\/\/sgp-sa.com\/fr\/wp-json\/wp\/v2\/product_cat?post=4363"},{"taxonomy":"product_tag","embeddable":true,"href":"https:\/\/sgp-sa.com\/fr\/wp-json\/wp\/v2\/product_tag?post=4363"}],"curies":[{"name":"wp","href":"https:\/\/api.w.org\/{rel}","templated":true}]}}