{"id":4361,"date":"2018-11-30T18:08:43","date_gmt":"2018-11-30T18:08:43","guid":{"rendered":"https:\/\/sgp-sa.com\/?post_type=product&#038;p=4361"},"modified":"2019-03-21T01:21:34","modified_gmt":"2019-03-21T01:21:34","slug":"votre-declarations-dimpots","status":"publish","type":"product","link":"https:\/\/sgp-sa.com\/fr\/produit\/votre-declarations-dimpots\/","title":{"rendered":"Votre d\u00e9clarations d\u2019imp\u00f4ts &#8221; couple &#8220;"},"content":{"rendered":"<h3>Nous proposons une offre pour votre d\u00e9claration d\u2019imp\u00f4ts simplifi\u00e9e &#8221; couple &#8221; \u00e0 100.- Chf *<\/h3>\n<h3><!--more--><\/h3>\n<h3><!--more--><\/h3>\n<h3><\/h3>\n<p>*Ce prix est sous r\u00e9serve d\u2019\u00e9ventuels frais suppl\u00e9mentaires qui pourraient vous \u00eatre factur\u00e9 pour les dossiers plus complexes, par exemple; propri\u00e9taire immobilier, compte de d\u00e9p\u00f4ts de titres ( actions, obligations, fonds de placements ), h\u00e9ritage, etc.<\/p>\n<p>&nbsp;<\/p>\n","protected":false},"excerpt":{"rendered":"<p><u>D\u00e9claration d\u2019imp\u00f4t simplifi\u00e9e pour couple<\/u><\/p>\n","protected":false},"featured_media":4362,"template":"","meta":[],"product_cat":[110],"product_tag":[],"_links":{"self":[{"href":"https:\/\/sgp-sa.com\/fr\/wp-json\/wp\/v2\/product\/4361"}],"collection":[{"href":"https:\/\/sgp-sa.com\/fr\/wp-json\/wp\/v2\/product"}],"about":[{"href":"https:\/\/sgp-sa.com\/fr\/wp-json\/wp\/v2\/types\/product"}],"wp:featuredmedia":[{"embeddable":true,"href":"https:\/\/sgp-sa.com\/fr\/wp-json\/wp\/v2\/media\/4362"}],"wp:attachment":[{"href":"https:\/\/sgp-sa.com\/fr\/wp-json\/wp\/v2\/media?parent=4361"}],"wp:term":[{"taxonomy":"product_cat","embeddable":true,"href":"https:\/\/sgp-sa.com\/fr\/wp-json\/wp\/v2\/product_cat?post=4361"},{"taxonomy":"product_tag","embeddable":true,"href":"https:\/\/sgp-sa.com\/fr\/wp-json\/wp\/v2\/product_tag?post=4361"}],"curies":[{"name":"wp","href":"https:\/\/api.w.org\/{rel}","templated":true}]}}