{"id":5475,"date":"2019-01-31T02:20:44","date_gmt":"2019-01-31T02:20:44","guid":{"rendered":"https:\/\/sgp-sa.com\/?page_id=5475"},"modified":"2019-02-03T11:09:04","modified_gmt":"2019-02-03T11:09:04","slug":"asn","status":"publish","type":"page","link":"https:\/\/sgp-sa.com\/fr\/asn\/","title":{"rendered":"ASN"},"content":{"rendered":"<p>ASN Assurance maladie internationale pour priv\u00e9e\u00a0 Services d&#8217;expatri\u00e9s pour les particuliers Des solutions uniques pour des personnes uniques. Que dois-je consid\u00e9rer lors de l&#8217;\u00e9migration ? Quelle assurance maladie me couvre \u00e0 l&#8217;\u00e9tranger ? Qu&#8217;advient-il de ma caisse de retraite au cours de mon s\u00e9jour \u00e0 l&#8217;\u00e9tranger ?\u00a0 Nos sp\u00e9cialistes ind\u00e9pendants de l&#8217;expatriation connaissent toutes les questions et les probl\u00e8mes li\u00e9s \u00e0 un s\u00e9jour \u00e0 l&#8217;\u00e9tranger. Contactez-nous d\u00e8s aujourd&#8217;hui. Du contrat de travail \u00e0 l&#8217;assurance compl\u00e9mentaire : ASN est \u00e0 vos c\u00f4t\u00e9s. Que votre destination soit l&#8217;Europe, les \u00c9tats-Unis ou l&#8217;Asie, nous prenons soin de vous sur place. Vous voulez \u00e9migrer, votre employeur vous envoie \u00e0 l&#8217;\u00e9tranger, vous pr\u00e9voyez un s\u00e9jour linguistique ou vous comptez faire un tour du monde ? Nous avons le savoir-faire et les contacts n\u00e9cessaires pour chaque s\u00e9jour \u00e0 l&#8217;\u00e9tranger. Que vous soyez en plein dans la vie professionnelle, ou que vous vouliez profiter de votre retraite \u00e0 l&#8217;\u00e9tranger, ASN a une solution individuelle pour chaque d\u00e9fi personnel. S\u00e9curit\u00e9 et fiabilit\u00e9 sont les aspects les plus importants dans un environnement inconnu, c&#8217;est pour cela qu&#8217;ASN travaille uniquement avec les meilleures compagnies d&#8217;assurance internationales et les meilleurs fournisseurs de services. Vous, cependant, ne devez parler qu&#8217;avec un seul sp\u00e9cialiste parce que ASN s&#8217;occupe de tout pour vous. Avec ASN, vous avez une personne de contact sur qui vous pouvez compter dans n&#8217;importe quelle situation. Assurances internationales Conseils en pr\u00e9voyance internationaux \u00c9migration Travailleurs d\u00e9tach\u00e9s Suisses de l&#8217;\u00e9tranger Retour dans votre patrie Personnel qualifi\u00e9 international en Suisse Frontaliers Autres services En toute s\u00e9curit\u00e9 \u00e0 la destination : Des solutions d&#8217;assurance internationales pour les expatri\u00e9s Que vous ayez besoin d&#8217;une assurance <a href=\"https:\/\/sgp-sa.com\/fr\/asn\/\" title=\"Read more on ASN\" class=\"more-link\">read more<\/a><\/p>\n","protected":false},"excerpt":{"rendered":"<p>ASN Assurance maladie internationale pour priv\u00e9e\u00a0 Services d&#8217;expatri\u00e9s pour les particuliers Des solutions uniques pour des personnes uniques. Que dois-je consid\u00e9rer lors de l&#8217;\u00e9migration ? Quelle assurance maladie me couvre \u00e0 l&#8217;\u00e9tranger ? Qu&#8217;advient-il de ma caisse de retraite au cours de mon s\u00e9jour \u00e0 l&#8217;\u00e9tranger ?\u00a0 Nos sp\u00e9cialistes ind\u00e9pendants de l&#8217;expatriation connaissent toutes les &hellip;<\/p>\n","protected":false},"author":2,"featured_media":0,"parent":0,"menu_order":0,"comment_status":"closed","ping_status":"closed","template":"","meta":{"footnotes":""},"_links":{"self":[{"href":"https:\/\/sgp-sa.com\/fr\/wp-json\/wp\/v2\/pages\/5475"}],"collection":[{"href":"https:\/\/sgp-sa.com\/fr\/wp-json\/wp\/v2\/pages"}],"about":[{"href":"https:\/\/sgp-sa.com\/fr\/wp-json\/wp\/v2\/types\/page"}],"author":[{"embeddable":true,"href":"https:\/\/sgp-sa.com\/fr\/wp-json\/wp\/v2\/users\/2"}],"replies":[{"embeddable":true,"href":"https:\/\/sgp-sa.com\/fr\/wp-json\/wp\/v2\/comments?post=5475"}],"version-history":[{"count":0,"href":"https:\/\/sgp-sa.com\/fr\/wp-json\/wp\/v2\/pages\/5475\/revisions"}],"wp:attachment":[{"href":"https:\/\/sgp-sa.com\/fr\/wp-json\/wp\/v2\/media?parent=5475"}],"curies":[{"name":"wp","href":"https:\/\/api.w.org\/{rel}","templated":true}]}}