{"id":5314,"date":"2019-01-28T22:35:28","date_gmt":"2019-01-28T22:35:28","guid":{"rendered":"https:\/\/sgp-sa.com\/?page_id=5314"},"modified":"2019-01-28T22:48:51","modified_gmt":"2019-01-28T22:48:51","slug":"acs-entreprise","status":"publish","type":"page","link":"https:\/\/sgp-sa.com\/fr\/acs-entreprise\/","title":{"rendered":"ACS Entreprise"},"content":{"rendered":"<p>&nbsp; ACS Entreprise En cas de panne, nous volerons \u00e0 votre secours partout en Europe &nbsp; Une id\u00e9e fut\u00e9e L\u2019affiliation \u00e0 l\u2019ACS comme membre-entreprise vous assure, ainsi qu\u2019\u00e0 vos employ\u00e9s, la mobilit\u00e9 durant le travail quotidien. Une couverture qui vous permet de garantir vos rendez-vous et vos livraisons. Quel que soit le v\u00e9hicule que votre collaborateur conduit, nous sommes l\u00e0 pour vous en cas de panne, dans toute l\u2019Europe et pour une modeste cotisation. &nbsp; En vous affiliant \u00e0 l\u2019ACS comme membre-entreprise, vous avez droit aux prestations suivantes: service de d\u00e9pannage ACS pour vos v\u00e9hicules en Suisse et dans toute l\u2019Europe en cas de panne ou d\u2019\u00e9v\u00e9nement couvert par l\u2019assurance casco (inclus la couverture des frais de remorquage, l\u2019intervention en cas de panne de carburant ou d\u2019oubli des cl\u00e9s dans la voiture, la mise \u00e0 disposition d\u2019un v\u00e9hicule de remplacement, etc.) &nbsp; Bienvenue \u00e0 l\u2019ACS &#8211; Votre cadeau \u00c0 partir de 3 v\u00e9hicules assur\u00e9s par vos soins nous vous faisons cadeau d\u2018un bon d\u2019essence d\u2019une valeur de CHF 50.- &nbsp; Conditions g\u00e9n\u00e9rales 1. G\u00e9n\u00e9ralit\u00e9s Les membres-entreprise sont des firmes avec le statut de personnes morales (les municipalit\u00e9s, \u00e9coles, associations \u00e9galement). Elles sont repr\u00e9sent\u00e9es par une personne physique disposant d\u2019une voix (l\u2019interlocuteur indiqu\u00e9 par la maison fait office de repr\u00e9sentant). 2. Prestations Vos v\u00e9hicules sont assur\u00e9s pour le d\u00e9pannage contre paiement d\u2019une cotisation annuelle. En compl\u00e9ment, vous pouvez contracter l\u2019ACS Protection juridique d\u2019entreprise en mati\u00e8re de circulation (CH et Europe). Cela est possible pour les v\u00e9hicules d\u2019un poids total jusqu\u2019\u00e0 3,5 t qui peuvent en principe \u00eatre conduits avec un permis de conduire de la cat\u00e9gorie B. 3. Dur\u00e9e de validit\u00e9 <a href=\"https:\/\/sgp-sa.com\/fr\/acs-entreprise\/\" title=\"Read more on ACS Entreprise\" class=\"more-link\">read more<\/a><\/p>\n","protected":false},"excerpt":{"rendered":"<p>&nbsp; ACS Entreprise En cas de panne, nous volerons \u00e0 votre secours partout en Europe &nbsp; Une id\u00e9e fut\u00e9e L\u2019affiliation \u00e0 l\u2019ACS comme membre-entreprise vous assure, ainsi qu\u2019\u00e0 vos employ\u00e9s, la mobilit\u00e9 durant le travail quotidien. Une couverture qui vous permet de garantir vos rendez-vous et vos livraisons. Quel que soit le v\u00e9hicule que votre &hellip;<\/p>\n","protected":false},"author":2,"featured_media":0,"parent":0,"menu_order":0,"comment_status":"closed","ping_status":"closed","template":"","meta":{"footnotes":""},"_links":{"self":[{"href":"https:\/\/sgp-sa.com\/fr\/wp-json\/wp\/v2\/pages\/5314"}],"collection":[{"href":"https:\/\/sgp-sa.com\/fr\/wp-json\/wp\/v2\/pages"}],"about":[{"href":"https:\/\/sgp-sa.com\/fr\/wp-json\/wp\/v2\/types\/page"}],"author":[{"embeddable":true,"href":"https:\/\/sgp-sa.com\/fr\/wp-json\/wp\/v2\/users\/2"}],"replies":[{"embeddable":true,"href":"https:\/\/sgp-sa.com\/fr\/wp-json\/wp\/v2\/comments?post=5314"}],"version-history":[{"count":0,"href":"https:\/\/sgp-sa.com\/fr\/wp-json\/wp\/v2\/pages\/5314\/revisions"}],"wp:attachment":[{"href":"https:\/\/sgp-sa.com\/fr\/wp-json\/wp\/v2\/media?parent=5314"}],"curies":[{"name":"wp","href":"https:\/\/api.w.org\/{rel}","templated":true}]}}