{"id":5309,"date":"2019-01-28T22:24:02","date_gmt":"2019-01-28T22:24:02","guid":{"rendered":"https:\/\/sgp-sa.com\/?page_id=5309"},"modified":"2019-01-28T22:51:52","modified_gmt":"2019-01-28T22:51:52","slug":"acs-travel-classic","status":"publish","type":"page","link":"https:\/\/sgp-sa.com\/fr\/acs-travel-classic\/","title":{"rendered":"ACS Travel &#038; Classic"},"content":{"rendered":"<p>ACS Travel &amp; Classic &nbsp; D\u00e9pannage &nbsp; Quelle est l\u2019\u00e9tendue de la garantie? L\u2019Europe (selon carte Internationale d\u2019Assurance Automobile \u2013 carte verte) \u00a0sont les v\u00e9hicules assur\u00e9s? Les voitures de tourisme et les motocycles d\u2019un poids total inf\u00e9rieur \u00e0 3,5 tonnes, ainsi que les camping-cars jusqu&#8217;\u00e0 9 tonnes Quels sont les \u00e9v\u00e8nements garantis? Panne Vol Accident Quelles sont les frais pris en charge? D\u00e9pannage sur place Evacuation et gardiennage du v\u00e9hicule Exp\u00e9dition de pi\u00e8ces d\u00e9tach\u00e9es Assistance en cas de panne d\u2019essence ou de probl\u00e8me de cl\u00e9s H\u00e9bergement sur place Fin du trajet avec les transports publics ou en taxi V\u00e9hicule de remplacement Rapatriement du v\u00e9hicule depuis l\u2019\u00e9tranger Au maximum 3 cas de panne sont indemnis\u00e9s par ann\u00e9e civile. L\u2019organisation du d\u00e9pannage est \u00e9galement garantie au-del\u00e0 de 3 cas, mais les frais en d\u00e9coulant sont \u00e0 r\u00e9gler sur place. &nbsp; Couverture voyage \/ Annulation &nbsp; Frais d\u2019annulation Vous \u00eates dans l\u2019obligation de renoncer \u00e0 vos vacances ou dans l\u2019impossibilit\u00e9 de faire le voyage \u00e0 la suite d\u2019un \u00e9v\u00e8nement assur\u00e9 (maladie grave ou accident par exemple), l\u2019ACS prend en charge les frais d\u2019annulation des voyages organis\u00e9s, les billets d\u2019avion, de train ou de bateau, ainsi que la location d\u2019h\u00e9bergements saisonniers, de bateaux, de voitures de tourisme ou de camping-cars. Nous assurons aussi: les billets pour des spectacles (hors voyages organis\u00e9s) les frais de pension de votre animal domestique dans un centre, pour un montant maximum de CHF 1&#8217;000.\u2013, en cas de d\u00e9faillance de la personne qui en a la charge &nbsp; Couverture voyage Vous \u00eates assur\u00e9s dans le monde entier en cas d\u2019accident ou de maladie grave par exemple, qui surviendrait pendant les <a href=\"https:\/\/sgp-sa.com\/fr\/acs-travel-classic\/\" title=\"Read more on ACS Travel &#038; Classic\" class=\"more-link\">read more<\/a><\/p>\n","protected":false},"excerpt":{"rendered":"<p>ACS Travel &amp; Classic &nbsp; D\u00e9pannage &nbsp; Quelle est l\u2019\u00e9tendue de la garantie? L\u2019Europe (selon carte Internationale d\u2019Assurance Automobile \u2013 carte verte) \u00a0sont les v\u00e9hicules assur\u00e9s? Les voitures de tourisme et les motocycles d\u2019un poids total inf\u00e9rieur \u00e0 3,5 tonnes, ainsi que les camping-cars jusqu&#8217;\u00e0 9 tonnes Quels sont les \u00e9v\u00e8nements garantis? Panne Vol Accident &hellip;<\/p>\n","protected":false},"author":2,"featured_media":0,"parent":0,"menu_order":0,"comment_status":"closed","ping_status":"closed","template":"","meta":{"footnotes":""},"_links":{"self":[{"href":"https:\/\/sgp-sa.com\/fr\/wp-json\/wp\/v2\/pages\/5309"}],"collection":[{"href":"https:\/\/sgp-sa.com\/fr\/wp-json\/wp\/v2\/pages"}],"about":[{"href":"https:\/\/sgp-sa.com\/fr\/wp-json\/wp\/v2\/types\/page"}],"author":[{"embeddable":true,"href":"https:\/\/sgp-sa.com\/fr\/wp-json\/wp\/v2\/users\/2"}],"replies":[{"embeddable":true,"href":"https:\/\/sgp-sa.com\/fr\/wp-json\/wp\/v2\/comments?post=5309"}],"version-history":[{"count":0,"href":"https:\/\/sgp-sa.com\/fr\/wp-json\/wp\/v2\/pages\/5309\/revisions"}],"wp:attachment":[{"href":"https:\/\/sgp-sa.com\/fr\/wp-json\/wp\/v2\/media?parent=5309"}],"curies":[{"name":"wp","href":"https:\/\/api.w.org\/{rel}","templated":true}]}}