{"id":5296,"date":"2019-01-28T21:55:53","date_gmt":"2019-01-28T21:55:53","guid":{"rendered":"https:\/\/sgp-sa.com\/?page_id=5296"},"modified":"2019-01-28T22:50:13","modified_gmt":"2019-01-28T22:50:13","slug":"acs-travel","status":"publish","type":"page","link":"https:\/\/sgp-sa.com\/fr\/acs-travel\/","title":{"rendered":"ACS Travel"},"content":{"rendered":"<p>&nbsp; ACS Travel Une s\u00e9curit\u00e9 absolue en voyage dans le monde entier Qui sont les b\u00e9n\u00e9ficiaires? Le membre ainsi que les personnes faisant m\u00e9nage commun Frais d\u2019annulation Vous \u00eates dans l\u2019obligation de renoncer \u00e0 vos vacances ou dans l\u2019impossibilit\u00e9 de faire le voyage \u00e0 la suite d\u2019un \u00e9v\u00e8nement assur\u00e9 (maladie grave ou accident par exemple), l\u2019ACS prend en charge les frais d\u2019annulation des voyages organis\u00e9s, les billets d\u2019avion, de train ou de bateau, ainsi que la location d\u2019h\u00e9bergements saisonniers, de bateaux, de voitures de tourisme ou de camping-cars. Nous assurons aussi: les billets pour des spectacles (hors voyages organis\u00e9s) les frais de pension de votre animal domestique dans un centre, pour un montant maximum de CHF 1&#8217;000.\u2013, en cas de d\u00e9faillance de la personne qui en a la charge Couverture voyage Vous \u00eates assur\u00e9s dans le monde entier en cas d\u2019accident ou de maladie grave par exemple, qui surviendrait pendant les vacances ou lors d\u2019un voyage. Nous prenons en charge les frais li\u00e9s \u00e0 l\u2019organisation des interventions n\u00e9cessaires dans les situations d\u2019urgence, comme par exemple: les frais de recherche, de sauvetage et de transport le voyage retour ou le rapatriement les frais de visite, d\u2019h\u00e9bergement et de restauration les services r\u00e9serv\u00e9s pour le s\u00e9jour, qui n\u2019ont pas \u00e9t\u00e9 utilis\u00e9s &nbsp; Cotisation CHF 178.00 par an, pour le membre et les personnes faisant m\u00e9nage commun &nbsp; &nbsp; Liens vers la page officielle ACS Travel<\/p>\n","protected":false},"excerpt":{"rendered":"<p>&nbsp; ACS Travel Une s\u00e9curit\u00e9 absolue en voyage dans le monde entier<\/p>\n","protected":false},"author":2,"featured_media":0,"parent":0,"menu_order":0,"comment_status":"closed","ping_status":"closed","template":"","meta":{"footnotes":""},"_links":{"self":[{"href":"https:\/\/sgp-sa.com\/fr\/wp-json\/wp\/v2\/pages\/5296"}],"collection":[{"href":"https:\/\/sgp-sa.com\/fr\/wp-json\/wp\/v2\/pages"}],"about":[{"href":"https:\/\/sgp-sa.com\/fr\/wp-json\/wp\/v2\/types\/page"}],"author":[{"embeddable":true,"href":"https:\/\/sgp-sa.com\/fr\/wp-json\/wp\/v2\/users\/2"}],"replies":[{"embeddable":true,"href":"https:\/\/sgp-sa.com\/fr\/wp-json\/wp\/v2\/comments?post=5296"}],"version-history":[{"count":0,"href":"https:\/\/sgp-sa.com\/fr\/wp-json\/wp\/v2\/pages\/5296\/revisions"}],"wp:attachment":[{"href":"https:\/\/sgp-sa.com\/fr\/wp-json\/wp\/v2\/media?parent=5296"}],"curies":[{"name":"wp","href":"https:\/\/api.w.org\/{rel}","templated":true}]}}