{"id":5281,"date":"2019-01-28T21:14:26","date_gmt":"2019-01-28T21:14:26","guid":{"rendered":"https:\/\/sgp-sa.com\/?page_id=5281"},"modified":"2019-01-28T23:29:54","modified_gmt":"2019-01-28T23:29:54","slug":"acs-light","status":"publish","type":"page","link":"https:\/\/sgp-sa.com\/fr\/acs-light\/","title":{"rendered":"ACS Light"},"content":{"rendered":"<p>&nbsp; \u00a0ACS Light \u00a0\u00a0 \u00a0 \u00a0 \u00a0 \u00a0 Profitez des prestations de service de l&#8217; ACS au prix de CHF 80.- par an, par personne &#x25aa;&#xfe0f;Magazine ACS Auto, avec des conseils et des tendances &#x25aa;&#xfe0f;www.acs.ch &#8211; le monde virtuel de l&#8217;ACS &#x25aa;&#xfe0f;ACS E-Shop &#8211; des offres toujours int\u00e9ressantes pour nos membres &#x25aa;&#xfe0f;ACS Voyages &#8211; D\u00e9couvrir des destinations, faire des voyages, vivre des cultures &#x25aa;&#xfe0f;ACS Drive Events pour plus de s\u00e9curit\u00e9 et de plaisir de conduite &#x25aa;&#xfe0f;Vivre les manifestations de sport automobile avec l&#8217;ACS &#x25aa;&#xfe0f;Carte de camping ACS pour des r\u00e9ductions sur les places de camping en Suisse et \u00e0 l&#8217;\u00e9tranger &#x25aa;&#xfe0f;Conseil juridique et technique gratuit &#x25aa;&#xfe0f;ACS Medical Hotlined &nbsp; &nbsp; Liens vers la page officielle ACS Light<\/p>\n","protected":false},"excerpt":{"rendered":"<p>&nbsp; \u00a0ACS Light \u00a0\u00a0 \u00a0 \u00a0 \u00a0 \u00a0 Profitez des prestations de service de l&#8217; ACS au prix de CHF 80.- par an, par personne<\/p>\n","protected":false},"author":2,"featured_media":0,"parent":0,"menu_order":0,"comment_status":"closed","ping_status":"closed","template":"","meta":{"footnotes":""},"_links":{"self":[{"href":"https:\/\/sgp-sa.com\/fr\/wp-json\/wp\/v2\/pages\/5281"}],"collection":[{"href":"https:\/\/sgp-sa.com\/fr\/wp-json\/wp\/v2\/pages"}],"about":[{"href":"https:\/\/sgp-sa.com\/fr\/wp-json\/wp\/v2\/types\/page"}],"author":[{"embeddable":true,"href":"https:\/\/sgp-sa.com\/fr\/wp-json\/wp\/v2\/users\/2"}],"replies":[{"embeddable":true,"href":"https:\/\/sgp-sa.com\/fr\/wp-json\/wp\/v2\/comments?post=5281"}],"version-history":[{"count":0,"href":"https:\/\/sgp-sa.com\/fr\/wp-json\/wp\/v2\/pages\/5281\/revisions"}],"wp:attachment":[{"href":"https:\/\/sgp-sa.com\/fr\/wp-json\/wp\/v2\/media?parent=5281"}],"curies":[{"name":"wp","href":"https:\/\/api.w.org\/{rel}","templated":true}]}}