{"id":4665,"date":"2019-01-07T21:31:20","date_gmt":"2019-01-07T21:31:20","guid":{"rendered":"https:\/\/sgp-sa.com\/?page_id=4665"},"modified":"2019-03-05T00:35:28","modified_gmt":"2019-03-05T00:35:28","slug":"lettres-de-resiliations-lamal-et-lca","status":"publish","type":"page","link":"https:\/\/sgp-sa.com\/fr\/lettres-de-resiliations-lamal-et-lca\/","title":{"rendered":"Lettres de r\u00e9siliations LAMal et LCA"},"content":{"rendered":"<p>Modalit\u00e9s et d\u00e9lais de r\u00e9siliation Assurance obligatoire des soins (LAMal) Date possible de r\u00e9siliation : 31 d\u00e9cembre de l\u2019ann\u00e9e en cours D\u00e9lai de r\u00e9siliation : la lettre doit \u00eatre parvenue \u00e0 votre caisse-maladie au plus tard le 30 novembre de l\u2019ann\u00e9e en cours (le cachet de la poste ne faisant pas foi). Assurance compl\u00e9mentaire (LCA) Date possible de r\u00e9siliation : 31 d\u00e9cembre de l\u2019ann\u00e9e en cours \u00e0 condition d\u2019avoir respect\u00e9 le d\u00e9lai minimal contractuel D\u00e9lai de r\u00e9siliation : 3 mois avant la fin de l\u2019ann\u00e9e, soit le 30 septembre Si vos primes augmentent, le d\u00e9lai est indiqu\u00e9 dans les conditions g\u00e9n\u00e9rales de votre contrat d\u2019assurance Mod\u00e8les de lettres de r\u00e9siliations \u00e0 t\u00e9l\u00e9charger \u00a0Lettre-resiliation-LAMal word Lettre resiliation-LAMal pdf lettre-resiliation-assurances-complementaires word lettre-resiliation-assurances-complementaires pdf Lettre-resiliation-LAMal-augmentation-prime word Lettre-resiliation-LAMal-augmentation-prime pdf Lettre-demande-report-LAMal-1 word Lettre-demande-report-LAMal-1 pdf Vous avez besoin d\u2019aide pour votre r\u00e9siliation ? Compl\u00e9tez le formulaire ci-dessous * En validant cette demande, j&#8217;accepte de recevoir des mailings et je reconnais avoir pris connaissance de la POLITIQUE DE CONFIDENTIALIT\u00c9<\/p>\n","protected":false},"excerpt":{"rendered":"<p>Modalit\u00e9s et d\u00e9lais de r\u00e9siliation<\/p>\n","protected":false},"author":2,"featured_media":0,"parent":0,"menu_order":0,"comment_status":"closed","ping_status":"closed","template":"","meta":{"footnotes":""},"_links":{"self":[{"href":"https:\/\/sgp-sa.com\/fr\/wp-json\/wp\/v2\/pages\/4665"}],"collection":[{"href":"https:\/\/sgp-sa.com\/fr\/wp-json\/wp\/v2\/pages"}],"about":[{"href":"https:\/\/sgp-sa.com\/fr\/wp-json\/wp\/v2\/types\/page"}],"author":[{"embeddable":true,"href":"https:\/\/sgp-sa.com\/fr\/wp-json\/wp\/v2\/users\/2"}],"replies":[{"embeddable":true,"href":"https:\/\/sgp-sa.com\/fr\/wp-json\/wp\/v2\/comments?post=4665"}],"version-history":[{"count":0,"href":"https:\/\/sgp-sa.com\/fr\/wp-json\/wp\/v2\/pages\/4665\/revisions"}],"wp:attachment":[{"href":"https:\/\/sgp-sa.com\/fr\/wp-json\/wp\/v2\/media?parent=4665"}],"curies":[{"name":"wp","href":"https:\/\/api.w.org\/{rel}","templated":true}]}}