{"id":4639,"date":"2019-01-07T20:48:19","date_gmt":"2019-01-07T20:48:19","guid":{"rendered":"https:\/\/sgp-sa.com\/?page_id=4639"},"modified":"2020-01-10T13:13:41","modified_gmt":"2020-01-10T13:13:41","slug":"deductions-fiscales-3-eme-pilier-a-et-b","status":"publish","type":"page","link":"https:\/\/sgp-sa.com\/fr\/deductions-fiscales-3-eme-pilier-a-et-b\/","title":{"rendered":"D\u00e9ductions fiscales 3 \u00e8me Pilier A et B"},"content":{"rendered":"<p>D\u00e9ductions fiscales 3\u00e8me Pilier A ( li\u00e9e ) D\u00e9ductions fiscales 3\u00e8me Pilier B ( Libre ) Gen\u00e8ve Montant d\u00e9ductible par personne CHF 6\u2019826.\u2013 pour les salari\u00e9s 20% du b\u00e9n\u00e9fice net d\u2019exploitation jusqu\u2019\u00e0 hauteur de CHF 34&#8217;128.- pour les ind\u00e9pendants\u00a0(qui ne cotisent pas au 2\u00e8me pilier) Si vous \u00eates ind\u00e9pendant et que vous cotisez \u00e0 un 2\u00e8me pilier de fa\u00e7on facultative, vous pouvez d\u00e9duire de vos imp\u00f4ts la m\u00eame somme que si vous \u00e9tiez salari\u00e9 (CHF 6\u2019826.-). Montants d\u00e9ductibles dans le canton de Gen\u00e8ve pour le 3\u00e8me pilier B Pour une personne c\u00e9libataire : CHF 2\u2019217.- si vous \u00eates salari\u00e9 CHF 4\u2019434.- si vous \u00eates ind\u00e9pendant (et que vous ne cotisez pas \u00e0 un 2\u00e8me pilier facultatif) Pour un couple mari\u00e9 ou des partenaires enregistr\u00e9s : CHF 3\u2019326.- pour le couple si vous \u00eates tous les deux salari\u00e9s CHF 4\u2019989.- pour le couple si l\u2019un des deux conjoints est ind\u00e9pendant (et ne cotise pas \u00e0 un 2\u00e8me pilier facultatif) CHF 6\u2019652.- pour le couple si vous \u00eates tous les deux ind\u00e9pendants Et ce\u00a0 n\u2019est pas tout. Si vous avez des enfants, vous b\u00e9n\u00e9ficiez \u00e9galement d\u2019une d\u00e9duction fiscale de : CHF 907.- par enfant si vous \u00eates tous les deux salari\u00e9s CHF 1\u2019361.- par enfant si l\u2019un de vous deux est ind\u00e9pendant CHF 1\u2019814.- par enfant si vous \u00eates tous les deux ind\u00e9pendants Fribourg Montant d\u00e9ductible par personne CHF 6\u2019826.\u2013 pour les salari\u00e9s 20% du b\u00e9n\u00e9fice net d\u2019exploitation jusqu\u2019\u00e0 hauteur de CHF 34&#8217;128.- pour les ind\u00e9pendants\u00a0(qui ne cotisent pas au 2\u00e8me pilier) Si vous \u00eates ind\u00e9pendant et que vous cotisez \u00e0 un 2\u00e8me pilier de fa\u00e7on facultative, vous pouvez d\u00e9duire de vos <a href=\"https:\/\/sgp-sa.com\/fr\/deductions-fiscales-3-eme-pilier-a-et-b\/\" title=\"Read more on D\u00e9ductions fiscales 3 \u00e8me Pilier A et B\" class=\"more-link\">read more<\/a><\/p>\n","protected":false},"excerpt":{"rendered":"<p>D\u00e9ductions fiscales 3\u00e8me Pilier A ( li\u00e9e ) D\u00e9ductions fiscales 3\u00e8me Pilier B ( Libre ) Gen\u00e8ve Montant d\u00e9ductible par personne CHF 6\u2019826.\u2013 pour les salari\u00e9s 20% du b\u00e9n\u00e9fice net d\u2019exploitation jusqu\u2019\u00e0 hauteur de CHF 34&#8217;128.- pour les ind\u00e9pendants\u00a0(qui ne cotisent pas au 2\u00e8me pilier) Si vous \u00eates ind\u00e9pendant et que vous cotisez \u00e0 un &hellip;<\/p>\n","protected":false},"author":2,"featured_media":0,"parent":0,"menu_order":0,"comment_status":"closed","ping_status":"closed","template":"","meta":{"footnotes":""},"_links":{"self":[{"href":"https:\/\/sgp-sa.com\/fr\/wp-json\/wp\/v2\/pages\/4639"}],"collection":[{"href":"https:\/\/sgp-sa.com\/fr\/wp-json\/wp\/v2\/pages"}],"about":[{"href":"https:\/\/sgp-sa.com\/fr\/wp-json\/wp\/v2\/types\/page"}],"author":[{"embeddable":true,"href":"https:\/\/sgp-sa.com\/fr\/wp-json\/wp\/v2\/users\/2"}],"replies":[{"embeddable":true,"href":"https:\/\/sgp-sa.com\/fr\/wp-json\/wp\/v2\/comments?post=4639"}],"version-history":[{"count":0,"href":"https:\/\/sgp-sa.com\/fr\/wp-json\/wp\/v2\/pages\/4639\/revisions"}],"wp:attachment":[{"href":"https:\/\/sgp-sa.com\/fr\/wp-json\/wp\/v2\/media?parent=4639"}],"curies":[{"name":"wp","href":"https:\/\/api.w.org\/{rel}","templated":true}]}}