{"id":3796,"date":"2018-11-25T12:46:41","date_gmt":"2018-11-25T12:46:41","guid":{"rendered":"https:\/\/sgp-sa.com\/?page_id=3796"},"modified":"2019-03-05T00:24:46","modified_gmt":"2019-03-05T00:24:46","slug":"visio-conference","status":"publish","type":"page","link":"https:\/\/sgp-sa.com\/fr\/visio-conference\/","title":{"rendered":"Conseil visio-conf\u00e9rence"},"content":{"rendered":"<p>Conseil en assurance par visio-conf\u00e9rence Code transmis par votre conseiller(e)\u00a0 :\u00a0 \u00a0\u00a0\u00a0\u00a0 \u00a0 \u00a0 \u00a0 Il vous suffit de prendre contact avec un de nos sp\u00e9cialistes en assurances qui \u00e9tudiera en direct avec vous les diff\u00e9rentes solutions d\u2019assurance et vous pourrez ainsi lui poser toutes vos questions et suivre visuellement les explications. \u00a0 &nbsp; &nbsp; &nbsp; 1. Entrer sur la page du site \u201c Visio conf\u00e9rence\u201d 2. Vous rendre sur l\u2019agenda pour fixer un rendez-vous 3. Choisir un conseiller 4. Choisir une date et une heure 5. Valider le rendez-vous 6. En-suite vous recevrez une confirmation 7. Le jour du rendez-vous vous recevrez, quelques heures avant, un lien avec un num\u00e9ro que vous devrez utiliser pour vous connecter \u00e0 la visio conf\u00e9rence 8. Nous vous demandons de vous connecter 5 min avant le rendez-vous 9. A l\u2019heure pr\u00e9cise le conseiller se connectera et vous pourrez d\u00e9buter votre conseil personnalis\u00e9 &nbsp; \u00a0 \u00a0 Pour faire profiter tous nos clients, nous vous demandons de bien vouloir nous avertir en avance si vous deviez annuler ou reporter votre visio conf\u00e9rence. \u00a0 \u00a0 &nbsp; &nbsp; Pour que ce rendez-vous ce d\u00e9roule dans les meilleures conditions, il vous faudra : &#8211; Si vous utilisez un ordinateur,\u00a0vous rendre sur notre page\u00a0Visio-conf\u00e9rence , introduire le code que nous vous avons transmis en avance par e-mail, et cliquer sur &#8221; rejoindre une r\u00e9union &#8221;\u00a0pour vous connectez. &#8211; Si vous utilisez un iPhone, un smartphone, un iPad ou une tablette, il vous faudra t\u00e9l\u00e9charger l\u2019application &#8221; Zoom &#8220;,\u00a0une fois charg\u00e9\u00a0vous pourrez cliquer sur &#8221; rejoindre une r\u00e9union &#8221;\u00a0pour introduire le code que nous vous avons transmis en avance par <a href=\"https:\/\/sgp-sa.com\/fr\/visio-conference\/\" title=\"Read more on Conseil visio-conf\u00e9rence\" class=\"more-link\">read more<\/a><\/p>\n","protected":false},"excerpt":{"rendered":"","protected":false},"author":2,"featured_media":0,"parent":0,"menu_order":0,"comment_status":"closed","ping_status":"closed","template":"","meta":{"footnotes":""},"_links":{"self":[{"href":"https:\/\/sgp-sa.com\/fr\/wp-json\/wp\/v2\/pages\/3796"}],"collection":[{"href":"https:\/\/sgp-sa.com\/fr\/wp-json\/wp\/v2\/pages"}],"about":[{"href":"https:\/\/sgp-sa.com\/fr\/wp-json\/wp\/v2\/types\/page"}],"author":[{"embeddable":true,"href":"https:\/\/sgp-sa.com\/fr\/wp-json\/wp\/v2\/users\/2"}],"replies":[{"embeddable":true,"href":"https:\/\/sgp-sa.com\/fr\/wp-json\/wp\/v2\/comments?post=3796"}],"version-history":[{"count":0,"href":"https:\/\/sgp-sa.com\/fr\/wp-json\/wp\/v2\/pages\/3796\/revisions"}],"wp:attachment":[{"href":"https:\/\/sgp-sa.com\/fr\/wp-json\/wp\/v2\/media?parent=3796"}],"curies":[{"name":"wp","href":"https:\/\/api.w.org\/{rel}","templated":true}]}}