{"id":3454,"date":"2018-11-20T21:27:16","date_gmt":"2018-11-20T21:27:16","guid":{"rendered":"https:\/\/sgp-sa.com\/?page_id=3454"},"modified":"2019-09-20T10:51:09","modified_gmt":"2019-09-20T10:51:09","slug":"3454-2","status":"publish","type":"page","link":"https:\/\/sgp-sa.com\/fr\/3454-2\/","title":{"rendered":"Assurance maladie frontalier"},"content":{"rendered":"<p>L\u2019assurance maladie pour frontaliers Principe du lieu de travail\u00a0: depuis l&#8217;entr\u00e9e en vigueur des accords bilat\u00e9raux entre la Suisse et l&#8217;UE, toute personne exer\u00e7ant une activit\u00e9 lucrative en Suisse doit obligatoirement s&#8217;affilier \u00e0 l&#8217;assurance maladie en Suisse. Toutefois, les personnes domicili\u00e9es en Allemagne, France, Italie ou Autriche b\u00e9n\u00e9ficiant d&#8217;un \u00ab\u00a0droit d&#8217;option\u00a0\u00bb\u00a0: elles peuvent choisir entre l&#8217;affiliation en Suisse ou dans leur pays de domicile. Les personnes concern\u00e9es doivent d\u00e9cider, dans un d\u00e9lai de trois mois d\u00e8s le d\u00e9but de l&#8217;activit\u00e9 lucrative exerc\u00e9e, si elles souhaitent s&#8217;affilier \u00e0 une caisse maladie suisse ou d\u00e9poser une demande demande d\u2019exemption \u00e0 l\u2019obligation de s\u2019assurer en Suisse aupr\u00e8s de l&#8217;autorit\u00e9 comp\u00e9tente du canton du lieu de travail. L&#8217;affiliation \u00e0 une caisse maladie dans l&#8217;\u00c9tat de r\u00e9sidence (exercice du droit d&#8217;option) est assimilable \u00e0 une d\u00e9claration de volont\u00e9 et est irr\u00e9vocable. En r\u00e8gle g\u00e9n\u00e9rale, les membres de la famille sans activit\u00e9 lucrative doivent \u00eatre assur\u00e9s en cas de maladie dans l&#8217;\u00c9tat o\u00f9 travaille le membre de la famille exer\u00e7ant une activit\u00e9 lucrative. L&#8217;Allemagne, la Finlande, la France, l&#8217;Italie et l&#8217;Autriche accordent aux personnes sans activit\u00e9 lucrative, membres de la famille de frontaliers, un droit d&#8217;option entre l&#8217;affiliation \u00e0 l&#8217;assurance maladie dans l&#8217;\u00c9tat de r\u00e9sidence, d&#8217;une part et en Suisse, d&#8217;autre part. En revanche, les personnes sans activit\u00e9 lucrative membres de la famille de frontaliers au Danemark, Royaume-Uni, Liechtenstein, Portugal ou en Su\u00e8de, Espagne et Hongrie sont soumis \u00e0 l&#8217;obligation de s&#8217;affilier dans l&#8217;\u00c9tat de r\u00e9sidence. Le cas particulier de la France\u00a0: jusqu&#8217;en 2014, les frontaliers pouvaient \u00e9galement choisir une assurance maladie priv\u00e9e en France. Aujourd&#8217;hui, l&#8217;affiliation en France n&#8217;est possible qu&#8217;aupr\u00e8s de la s\u00e9curit\u00e9 sociale <a href=\"https:\/\/sgp-sa.com\/fr\/3454-2\/\" title=\"Read more on Assurance maladie frontalier\" class=\"more-link\">read more<\/a><\/p>\n","protected":false},"excerpt":{"rendered":"<p>L\u2019assurance maladie pour frontaliers Principe du lieu de travail\u00a0: depuis l&#8217;entr\u00e9e en vigueur des accords bilat\u00e9raux entre la Suisse et l&#8217;UE, toute personne exer\u00e7ant une activit\u00e9 lucrative en Suisse doit obligatoirement s&#8217;affilier \u00e0 l&#8217;assurance maladie en Suisse. Toutefois, les personnes domicili\u00e9es en Allemagne, France, Italie ou Autriche b\u00e9n\u00e9ficiant d&#8217;un \u00ab\u00a0droit d&#8217;option\u00a0\u00bb\u00a0: elles peuvent choisir entre &hellip;<\/p>\n","protected":false},"author":2,"featured_media":0,"parent":0,"menu_order":0,"comment_status":"closed","ping_status":"closed","template":"","meta":{"footnotes":""},"_links":{"self":[{"href":"https:\/\/sgp-sa.com\/fr\/wp-json\/wp\/v2\/pages\/3454"}],"collection":[{"href":"https:\/\/sgp-sa.com\/fr\/wp-json\/wp\/v2\/pages"}],"about":[{"href":"https:\/\/sgp-sa.com\/fr\/wp-json\/wp\/v2\/types\/page"}],"author":[{"embeddable":true,"href":"https:\/\/sgp-sa.com\/fr\/wp-json\/wp\/v2\/users\/2"}],"replies":[{"embeddable":true,"href":"https:\/\/sgp-sa.com\/fr\/wp-json\/wp\/v2\/comments?post=3454"}],"version-history":[{"count":0,"href":"https:\/\/sgp-sa.com\/fr\/wp-json\/wp\/v2\/pages\/3454\/revisions"}],"wp:attachment":[{"href":"https:\/\/sgp-sa.com\/fr\/wp-json\/wp\/v2\/media?parent=3454"}],"curies":[{"name":"wp","href":"https:\/\/api.w.org\/{rel}","templated":true}]}}