{"id":2909,"date":"2018-11-15T20:33:09","date_gmt":"2018-11-15T20:33:09","guid":{"rendered":"https:\/\/sgp-sa.com\/?page_id=2909"},"modified":"2021-01-22T14:04:27","modified_gmt":"2021-01-22T14:04:27","slug":"devenir-conseiller-en-assurance","status":"publish","type":"page","link":"https:\/\/sgp-sa.com\/fr\/devenir-conseiller-en-assurance\/","title":{"rendered":"Devenir conseiller en assurance"},"content":{"rendered":"<p>Devenez conseiller en assurance\u00a0! Id\u00e9alement, vous disposez d&#8217;une formation professionnelle, \u00eates s\u00fbr\/e de vous, abordez activement la client\u00e8le et appr\u00e9ciez autant les contacts t\u00e9l\u00e9phoniques que directs. Vous travaillez de mani\u00e8re autonome, en vous focalisant sur des objectifs d\u00e9finis, faites preuve de d\u00e9termination et savez fixer des priorit\u00e9s. En outre, votre flexibilit\u00e9, votre engagement, votre endurance et votre aptitude \u00e0 convaincre vous aident \u00e0 g\u00e9rer vos t\u00e2ches avec succ\u00e8s. Vous vous distinguez par votre pr\u00e9cision et par votre capacit\u00e9 \u00e0 travailler en \u00e9quipe. Votre travail est bas\u00e9 sur les besoins de la client\u00e8le. Id\u00e9alement, vous pouvez d\u00e9j\u00e0 justifier de certains succ\u00e8s dans les domaines de la vente et du service externe et disposez d&#8217;un r\u00e9seau efficace. Ce poste vous int\u00e9resse ? Vous pensez correspondre au profil ? Dans ce cas nous nous r\u00e9jouissons de recevoir votre candidature compl\u00e8te en ligne. &nbsp; Formulaire de candidature<\/p>\n","protected":false},"excerpt":{"rendered":"<p>Devenez conseiller en assurance\u00a0! Id\u00e9alement, vous disposez d&#8217;une formation professionnelle, \u00eates s\u00fbr\/e de vous, abordez activement la client\u00e8le et appr\u00e9ciez autant les contacts t\u00e9l\u00e9phoniques que directs. Vous travaillez de mani\u00e8re autonome, en vous focalisant sur des objectifs d\u00e9finis, faites preuve de d\u00e9termination et savez fixer des priorit\u00e9s. En outre, votre flexibilit\u00e9, votre engagement, votre endurance &hellip;<\/p>\n","protected":false},"author":2,"featured_media":0,"parent":0,"menu_order":0,"comment_status":"closed","ping_status":"closed","template":"","meta":{"footnotes":""},"_links":{"self":[{"href":"https:\/\/sgp-sa.com\/fr\/wp-json\/wp\/v2\/pages\/2909"}],"collection":[{"href":"https:\/\/sgp-sa.com\/fr\/wp-json\/wp\/v2\/pages"}],"about":[{"href":"https:\/\/sgp-sa.com\/fr\/wp-json\/wp\/v2\/types\/page"}],"author":[{"embeddable":true,"href":"https:\/\/sgp-sa.com\/fr\/wp-json\/wp\/v2\/users\/2"}],"replies":[{"embeddable":true,"href":"https:\/\/sgp-sa.com\/fr\/wp-json\/wp\/v2\/comments?post=2909"}],"version-history":[{"count":0,"href":"https:\/\/sgp-sa.com\/fr\/wp-json\/wp\/v2\/pages\/2909\/revisions"}],"wp:attachment":[{"href":"https:\/\/sgp-sa.com\/fr\/wp-json\/wp\/v2\/media?parent=2909"}],"curies":[{"name":"wp","href":"https:\/\/api.w.org\/{rel}","templated":true}]}}