{"id":2670,"date":"2018-11-13T11:51:26","date_gmt":"2018-11-13T11:51:26","guid":{"rendered":"https:\/\/www.sgp-sa.com\/?page_id=2670"},"modified":"2019-04-04T20:50:52","modified_gmt":"2019-04-04T20:50:52","slug":"fiduciaire-comptabilite","status":"publish","type":"page","link":"https:\/\/sgp-sa.com\/fr\/fiduciaire-comptabilite\/","title":{"rendered":"Fiduciaire-Comptabilit\u00e9-Informatique"},"content":{"rendered":"<p>COMPTABILIT\u00c9 Concentrez-vous sur votre activit\u00e9, ne perdez pas de temps dans l\u2019administratif de votre soci\u00e9t\u00e9, nous sommes l\u00e0 pour vous aider. \u2013 Tenue de comptes et bouclements \u2013 Comptabilit\u00e9 Analytique et Budg\u00e9taire \u2013 TVA \u2013 Salaires \u2013 Contrats et Certificats de travail \u2013 D\u00e9clarations d\u2019imp\u00f4ts \u2013 R\u00e9cup\u00e9rations de TVA dans tous les pays Europ\u00e9ens \u2013 Divers et autres demandes sp\u00e9cifiques \u2013 Suivi des d\u00e9biteurs RESSOURCES HUMAINES l\u2019administration du personnel \u2013 l\u2019enregistrement, le suivi et le contr\u00f4le des donn\u00e9es individuelles, et collectives du personnel de l\u2019entreprise ; \u2013 l\u2019application des dispositions l\u00e9gales et r\u00e9glementaires dans l\u2019entreprise ; la gestion au sens large\u00a0: \u2013 Gestion du recrutement \u2013 Gestion des r\u00e9mun\u00e9rations \u2013 Gestion des salaires \u2013 Gestion des vacances \u2013 Gestion des heures sup. la communication, l\u2019information : \u2013 La d\u00e9finition des publications orient\u00e9es vers l\u2019ext\u00e9rieur et la conception des messages, DOMICILIATION La domiciliation permet aux entreprises d\u2019avoir un si\u00e8ge social et tous les services administratifs qui en d\u00e9pends. Nous proposons les prestations suivantes : \u2013 R\u00e9ception, tri et r\u00e9exp\u00e9dition des correspondances \u2013 Mise \u00e0 disposition d\u2019une salle de r\u00e9union \u2013 Adresse repr\u00e9sentative et soutien administratif \u2013 Conseils en gestion d\u2019entreprise et juridique \u2013 Gestion des appels t\u00e9l\u00e9phoniques \u2013 R\u00e9daction de courriers et emails Ces solutions sont particuli\u00e8rement destin\u00e9es aux soci\u00e9t\u00e9s en phases de cr\u00e9ation, les holding international d\u00e9sirant un bureau virtuel \u00e0 Gen\u00e8ve et les entreprises d\u00e9sirant distinguer leur si\u00e8ge administratif de leurs bureau d\u2019exploit\u00e2tion. Nous vous proposons des contrats de domiciliations indiquants les services fournis pour une dur\u00e9e d\u00e9termin\u00e9e ou ind\u00e9termin\u00e9e CONSEILS \u2013 Business Plan \u2013 Evaluations \u2013 Domiciliation et suivi de toute l\u2019administration \u2013 Optimisation Fiscale \u2013 Gestion de <a href=\"https:\/\/sgp-sa.com\/fr\/fiduciaire-comptabilite\/\" title=\"Read more on Fiduciaire-Comptabilit\u00e9-Informatique\" class=\"more-link\">read more<\/a><\/p>\n","protected":false},"excerpt":{"rendered":"","protected":false},"author":2,"featured_media":0,"parent":0,"menu_order":0,"comment_status":"closed","ping_status":"closed","template":"","meta":{"footnotes":""},"_links":{"self":[{"href":"https:\/\/sgp-sa.com\/fr\/wp-json\/wp\/v2\/pages\/2670"}],"collection":[{"href":"https:\/\/sgp-sa.com\/fr\/wp-json\/wp\/v2\/pages"}],"about":[{"href":"https:\/\/sgp-sa.com\/fr\/wp-json\/wp\/v2\/types\/page"}],"author":[{"embeddable":true,"href":"https:\/\/sgp-sa.com\/fr\/wp-json\/wp\/v2\/users\/2"}],"replies":[{"embeddable":true,"href":"https:\/\/sgp-sa.com\/fr\/wp-json\/wp\/v2\/comments?post=2670"}],"version-history":[{"count":0,"href":"https:\/\/sgp-sa.com\/fr\/wp-json\/wp\/v2\/pages\/2670\/revisions"}],"wp:attachment":[{"href":"https:\/\/sgp-sa.com\/fr\/wp-json\/wp\/v2\/media?parent=2670"}],"curies":[{"name":"wp","href":"https:\/\/api.w.org\/{rel}","templated":true}]}}