{"id":2562,"date":"2018-11-12T12:17:12","date_gmt":"2018-11-12T12:17:12","guid":{"rendered":"https:\/\/www.sgp-sa.com\/?page_id=2562"},"modified":"2019-03-14T01:05:45","modified_gmt":"2019-03-14T01:05:45","slug":"assurance-abus-de-confiance","status":"publish","type":"page","link":"https:\/\/sgp-sa.com\/fr\/assurances-professionelles\/assurance-abus-de-confiance\/","title":{"rendered":"Assurance abus de confiance"},"content":{"rendered":"<p>L\u2019assurance abus de confiance Assurance contre les abus de confiance Longtemps, cette couverture \u00e9tait seulement r\u00e9pandue dans les pays anglophones et en Am\u00e9rique du Sud. Ces derni\u00e8res ann\u00e9es, elle s\u2019est \u00e9galement \u00e9tablie en Suisse, les abus de confiance commis par des collaborateurs devenant de plus en plus fr\u00e9quents. En tant qu\u2019\u00e9l\u00e9ment central, l\u2019assurance contre les abus de confiance couvre les dommages p\u00e9cuniaires subis par le preneur d\u2019assurance en tant que cons\u00e9quence exclusive et directe de: a. fraude (y compris falsification d\u2019un instrument de paiement, abus informatique ou virement d\u2019argent) commise par un ou plusieurs employ\u00e9s, avec ou sans la connaissance ou le consentement de tiers, ou b. falsification d\u2019un instrument de paiement, abus informatique ou virement d\u2019argent, commise par un ou plusieurs tiers sans la connaissance ou le consentement d\u2019employ\u00e9s. Cette couverture contient \u00e9galement de nombreuses d\u00e9finitions. Nous ne les expliquons pas en d\u00e9tail ici, mais nous contentons de pr\u00e9senter bri\u00e8vement les exclusions les plus importantes: Exclusions les plus importantes concernant les virements d\u2019argent et les employ\u00e9s criminels. Les virements d\u2019argent sont exclus dans la mesure o\u00f9 ceux-ci n\u2019ont pas \u00e9t\u00e9 ex\u00e9cut\u00e9s conform\u00e9ment aux directives ou ont \u00e9t\u00e9 ex\u00e9cut\u00e9s par des employ\u00e9s non autoris\u00e9s \u00e0 cet effet. Cette exclusion ne s\u2019applique pas aux virements ex\u00e9cut\u00e9s dans une intention frauduleuse; en cas de fraude, le dommage serait donc couvert. Les actes d\u2019employ\u00e9s criminels sont exclus lorsque l\u2019entreprise assur\u00e9e conna\u00eet ou aurait d\u00fb conna\u00eetre leur pass\u00e9 criminel. En outre, les amendes, charges sociales et imp\u00f4ts r\u00e9sultant d\u2019\u00e9tats de fait d\u00e9lictueux ne peuvent pas \u00eatre assur\u00e9s. Sur le plan temporel, l\u2019assurance contre les abus de confiance couvre les dommages d\u00e9couverts pendant la dur\u00e9e <a href=\"https:\/\/sgp-sa.com\/fr\/assurances-professionelles\/assurance-abus-de-confiance\/\" title=\"Read more on Assurance abus de confiance\" class=\"more-link\">read more<\/a><\/p>\n","protected":false},"excerpt":{"rendered":"<p>L\u2019assurance abus de confiance Assurance contre les abus de confiance Longtemps, cette couverture \u00e9tait seulement r\u00e9pandue dans les pays anglophones et en Am\u00e9rique du Sud. Ces derni\u00e8res ann\u00e9es, elle s\u2019est \u00e9galement \u00e9tablie en Suisse, les abus de confiance commis par des collaborateurs devenant de plus en plus fr\u00e9quents. En tant qu\u2019\u00e9l\u00e9ment central, l\u2019assurance contre les &hellip;<\/p>\n","protected":false},"author":2,"featured_media":0,"parent":2486,"menu_order":0,"comment_status":"closed","ping_status":"closed","template":"","meta":{"footnotes":""},"_links":{"self":[{"href":"https:\/\/sgp-sa.com\/fr\/wp-json\/wp\/v2\/pages\/2562"}],"collection":[{"href":"https:\/\/sgp-sa.com\/fr\/wp-json\/wp\/v2\/pages"}],"about":[{"href":"https:\/\/sgp-sa.com\/fr\/wp-json\/wp\/v2\/types\/page"}],"author":[{"embeddable":true,"href":"https:\/\/sgp-sa.com\/fr\/wp-json\/wp\/v2\/users\/2"}],"replies":[{"embeddable":true,"href":"https:\/\/sgp-sa.com\/fr\/wp-json\/wp\/v2\/comments?post=2562"}],"version-history":[{"count":0,"href":"https:\/\/sgp-sa.com\/fr\/wp-json\/wp\/v2\/pages\/2562\/revisions"}],"up":[{"embeddable":true,"href":"https:\/\/sgp-sa.com\/fr\/wp-json\/wp\/v2\/pages\/2486"}],"wp:attachment":[{"href":"https:\/\/sgp-sa.com\/fr\/wp-json\/wp\/v2\/media?parent=2562"}],"curies":[{"name":"wp","href":"https:\/\/api.w.org\/{rel}","templated":true}]}}