{"id":2550,"date":"2018-11-12T12:09:15","date_gmt":"2018-11-12T12:09:15","guid":{"rendered":"https:\/\/www.sgp-sa.com\/?page_id=2550"},"modified":"2019-03-14T01:11:53","modified_gmt":"2019-03-14T01:11:53","slug":"assurance-oeuvre-art","status":"publish","type":"page","link":"https:\/\/sgp-sa.com\/fr\/assurances-professionelles\/assurance-oeuvre-art\/","title":{"rendered":"Assurance \u0153uvre d\u2019art"},"content":{"rendered":"<p>L\u2019assurance \u0153uvre d\u2019art Une assurance oeuvre d\u2019art\u00a0est une solution d\u2019assurance propre aux objets d\u2019art et de collection. Elle offre de nombreuses garanties qui permettent aux acteurs du march\u00e9 de l\u2019art de mieux prot\u00e9ger leur patrimoine contre le vol, les d\u00e9gradations et autres risques tout en b\u00e9n\u00e9ficiant d\u2019une bonne indemnisation en cas de sinistre. L\u2019ASSURANCE DES PROFESSIONNELS DE L\u2019ART. Une galerie d\u2019art, comme tout autre commerce, doit d\u2019abord prot\u00e9ger ses locaux et son inventaire contre les dommages de vol, incendie, d\u00e9g\u00e2ts des eaux. La particularit\u00e9 pour une galerie d\u2019art est que l\u2019inventaire comprend des \u0153uvres qui lui appartiennent et des \u0153uvres qui lui sont confi\u00e9es, de plus cet inventaire varie selon les expositions. Les \u0153uvres peuvent \u00eatre pr\u00eat\u00e9es ou expos\u00e9es lors d\u2019expositions particuli\u00e8res, augmentant d\u2019autant plus le risque de dommage lors du transport et pendant l\u2019exposition. Les \u0153uvres d\u2019art sont le principal \u00e9l\u00e9ment de l\u2019actif des professionnels de l\u2019art. Les Mus\u00e9es, Fondations, antiquaires, commissaires-priseurs, galeristes ou antiquaires doivent porter une attention particuli\u00e8re \u00e0 leur contrat d\u2019assurance, aux garanties admises et au niveau des sommes d\u2019assurance pour leur inventaire. Les mus\u00e9es et fondations souscriront un contrat tous risques expositions. Les professionnels du commerce de l\u2019art, galeristes, antiquaires, restaurateurs, etc concluront un contrat du type clou \u00e0 clou, pour les objets d\u2019art confi\u00e9s, pr\u00eat\u00e9s. Les \u0153uvres d\u2019art expos\u00e9es dans les institutions culturelles publiques, comme les mus\u00e9es, les fondations ou priv\u00e9es tel que les entreprises, sont assur\u00e9es via un contrat dit tous risques expositions. Ce contrat concerne les collections permanentes ou les expositions temporaires. POUR LES PROFESSIONNELS DE L\u2019ART Un contrat en tous risques totalement flexible et sur-mesure pour assurer le stock et les <a href=\"https:\/\/sgp-sa.com\/fr\/assurances-professionelles\/assurance-oeuvre-art\/\" title=\"Read more on Assurance \u0153uvre d\u2019art\" class=\"more-link\">read more<\/a><\/p>\n","protected":false},"excerpt":{"rendered":"<p>L\u2019assurance \u0153uvre d\u2019art Une assurance oeuvre d\u2019art\u00a0est une solution d\u2019assurance propre aux objets d\u2019art et de collection. Elle offre de nombreuses garanties qui permettent aux acteurs du march\u00e9 de l\u2019art de mieux prot\u00e9ger leur patrimoine contre le vol, les d\u00e9gradations et autres risques tout en b\u00e9n\u00e9ficiant d\u2019une bonne indemnisation en cas de sinistre. L\u2019ASSURANCE DES &hellip;<\/p>\n","protected":false},"author":2,"featured_media":0,"parent":2486,"menu_order":0,"comment_status":"closed","ping_status":"closed","template":"","meta":{"footnotes":""},"_links":{"self":[{"href":"https:\/\/sgp-sa.com\/fr\/wp-json\/wp\/v2\/pages\/2550"}],"collection":[{"href":"https:\/\/sgp-sa.com\/fr\/wp-json\/wp\/v2\/pages"}],"about":[{"href":"https:\/\/sgp-sa.com\/fr\/wp-json\/wp\/v2\/types\/page"}],"author":[{"embeddable":true,"href":"https:\/\/sgp-sa.com\/fr\/wp-json\/wp\/v2\/users\/2"}],"replies":[{"embeddable":true,"href":"https:\/\/sgp-sa.com\/fr\/wp-json\/wp\/v2\/comments?post=2550"}],"version-history":[{"count":0,"href":"https:\/\/sgp-sa.com\/fr\/wp-json\/wp\/v2\/pages\/2550\/revisions"}],"up":[{"embeddable":true,"href":"https:\/\/sgp-sa.com\/fr\/wp-json\/wp\/v2\/pages\/2486"}],"wp:attachment":[{"href":"https:\/\/sgp-sa.com\/fr\/wp-json\/wp\/v2\/media?parent=2550"}],"curies":[{"name":"wp","href":"https:\/\/api.w.org\/{rel}","templated":true}]}}