{"id":2541,"date":"2018-11-12T12:03:26","date_gmt":"2018-11-12T12:03:26","guid":{"rendered":"https:\/\/www.sgp-sa.com\/?page_id=2541"},"modified":"2019-03-14T01:06:24","modified_gmt":"2019-03-14T01:06:24","slug":"assurance-construction","status":"publish","type":"page","link":"https:\/\/sgp-sa.com\/fr\/assurances-professionelles\/assurance-construction\/","title":{"rendered":"Assurance construction"},"content":{"rendered":"<p>Assurance construction Construire en \u00e9valuant les risques Si, avant la livraison, l\u2019ouvrage p\u00e9rit par cas fortuit, l\u2019entrepreneur ne peut r\u00e9clamer ni le prix de son travail, ni le remboursement de ses d\u00e9penses, \u00e0 moins que le ma\u00eetre ne soit en demeure d\u2019en prendre livraison. La perte de la mati\u00e8re est, dans ce cas, \u00e0 la charge de la partie qui l\u2019a fournie (art. 376 CO). L\u2019assurance de construction peut \u00eatre compar\u00e9e \u00e0 la \u201ccasco int\u00e9grale\u201d dans l\u2019assurance v\u00e9hicule \u00e0 moteur. Elle prot\u00e8ge tous les participants \u00e0 une construction incluse dans la couverture, et ceci contre les risques de dommages mat\u00e9riels qui ne sont pas assur\u00e9s dans une assurance RC. Elle permet par ailleurs de mettre imm\u00e9diatement \u00e0 disposition du responsable les moyens financiers n\u00e9cessaires \u00e0 la r\u00e9paration d\u2019un dommage et rend ainsi possible la poursuite rapide des travaux. Des pertes financi\u00e8res importantes sont ainsi \u00e9vit\u00e9es. Dans la couverture de base de l\u2019assurance de construction, les points suivants peuvent \u00eatre \u00e9num\u00e9r\u00e9s : \u2022les d\u00e9g\u00e2ts mat\u00e9riels r\u00e9sultant d\u2019accidents de construction impr\u00e9vus. \u2022le vol d\u2019objets fix\u00e9s \u00e0 l\u2019ouvrage. \u2022les dommages dus \u00e0 la malveillance, au vandalisme, au sabotage. Sont \u00e9galement couverts les int\u00e9r\u00eats assur\u00e9s : \u2022du g\u00e9ologue. \u2022du ma\u00eetre de l\u2019ouvrage. \u2022de l\u2019auteur du projet et des mandataires techniques. \u2022des entrepreneurs. Objet de l\u2019assurance La prestation en mati\u00e8re de construction, y compris les \u00e9l\u00e9ments de construction. Peuvent \u00eatre assur\u00e9s au premier risque \u2022Les frais de d\u00e9blaiement. \u2022Les installations de chantier. \u2022Les engins, machines et le mat\u00e9riel de construction. \u2022Le terrain et le sol. \u2022Les ouvrages existants. \u2022Le mobilier. QUELQUES AVANTAGES DE CETTE COUVERTURE POUR LE MA\u00ceTRE DE L\u2019OUVRAGE La r\u00e9paration imm\u00e9diate des dommages <a href=\"https:\/\/sgp-sa.com\/fr\/assurances-professionelles\/assurance-construction\/\" title=\"Read more on Assurance construction\" class=\"more-link\">read more<\/a><\/p>\n","protected":false},"excerpt":{"rendered":"<p>Assurance construction Construire en \u00e9valuant les risques Si, avant la livraison, l\u2019ouvrage p\u00e9rit par cas fortuit, l\u2019entrepreneur ne peut r\u00e9clamer ni le prix de son travail, ni le remboursement de ses d\u00e9penses, \u00e0 moins que le ma\u00eetre ne soit en demeure d\u2019en prendre livraison. La perte de la mati\u00e8re est, dans ce cas, \u00e0 la &hellip;<\/p>\n","protected":false},"author":2,"featured_media":0,"parent":2486,"menu_order":0,"comment_status":"closed","ping_status":"closed","template":"","meta":{"footnotes":""},"_links":{"self":[{"href":"https:\/\/sgp-sa.com\/fr\/wp-json\/wp\/v2\/pages\/2541"}],"collection":[{"href":"https:\/\/sgp-sa.com\/fr\/wp-json\/wp\/v2\/pages"}],"about":[{"href":"https:\/\/sgp-sa.com\/fr\/wp-json\/wp\/v2\/types\/page"}],"author":[{"embeddable":true,"href":"https:\/\/sgp-sa.com\/fr\/wp-json\/wp\/v2\/users\/2"}],"replies":[{"embeddable":true,"href":"https:\/\/sgp-sa.com\/fr\/wp-json\/wp\/v2\/comments?post=2541"}],"version-history":[{"count":0,"href":"https:\/\/sgp-sa.com\/fr\/wp-json\/wp\/v2\/pages\/2541\/revisions"}],"up":[{"embeddable":true,"href":"https:\/\/sgp-sa.com\/fr\/wp-json\/wp\/v2\/pages\/2486"}],"wp:attachment":[{"href":"https:\/\/sgp-sa.com\/fr\/wp-json\/wp\/v2\/media?parent=2541"}],"curies":[{"name":"wp","href":"https:\/\/api.w.org\/{rel}","templated":true}]}}