{"id":2538,"date":"2018-11-12T12:00:38","date_gmt":"2018-11-12T12:00:38","guid":{"rendered":"https:\/\/www.sgp-sa.com\/?page_id=2538"},"modified":"2019-03-14T01:07:05","modified_gmt":"2019-03-14T01:07:05","slug":"assurance-do","status":"publish","type":"page","link":"https:\/\/sgp-sa.com\/fr\/assurances-professionelles\/assurance-do\/","title":{"rendered":"Assurance D&#038;O"},"content":{"rendered":"<p>Assurance D&amp;O ASSURANCE RESPONSABILIT\u00c9 DES DIRIGEANTS (DIRECTORS &amp; OFFICERS \u00ab D&amp;O \u00bb) Prot\u00e9gez vos cadres dirigeants en cas de poursuite Avec l\u2019assurance Responsabilit\u00e9 des Dirigeants (Directors &amp; Officers \u00ab\u00a0D&amp;O\u00a0\u00bb), les membres de la direction et des conseils d\u2019administration peuvent prot\u00e9ger leur patrimoine priv\u00e9. L\u2019assurance couvre les frais de contestation de plainte et pr\u00e9tentions injustifi\u00e9es ainsi que les \u00e9ventuels versements \u00e0 titre d\u2019indemnit\u00e9. Une protection sur mesure de la fortune personnelle des responsables de votre entreprise Prise en charge des indemnit\u00e9s \u00e0 verser et des frais de contestation en justice Pas de blocage inutile de la direction pour la contestation de pr\u00e9tentions injustifi\u00e9es Couverture \u00e9tendue pour une prime r\u00e9duite Protection juridique en affaires p\u00e9nales Les frais de r\u00e9tablissement d\u2019une bonne r\u00e9putation sont pris en charge Conform\u00e9ment \u00e0 la loi, en cas de pr\u00e9tention en dommages-int\u00e9r\u00eats, les cadres dirigeants sont responsables sur leur fortune personnelle de leurs actes et omissions au sein de l\u2019entreprise. L\u2019assurance Responsabilit\u00e9 des Dirigeants permet la prise en charge de cette responsabilit\u00e9 et constitue de ce fait la solution sur mesure pour votre entreprise. Couverture et extensions de la couverture L\u2019assurance D&amp;O assure la fortune personnelle des cadres dirigeants en cas de sinistres \u00e0 l\u2019encontre de la personne assur\u00e9e Les \u00e9poux, partenaires enregistr\u00e9s, h\u00e9ritiers et repr\u00e9sentants l\u00e9gaux sont \u00e9galement assur\u00e9s dans la mesure o\u00f9 l\u2019on peut avoir recours \u00e0 eux pour des actes ou omissions de la personne assur\u00e9e Extension de la couverture \u00e0 la soci\u00e9t\u00e9 ainsi qu\u2019\u00e0 ses filiales si celles-ci ont d\u00e9dommag\u00e9 un dirigeant L\u2019assurance prend en charge les versements \u00e0 titre d\u2019indemnit\u00e9 et les frais de contestation en cas de plainte Contact us Since our <a href=\"https:\/\/sgp-sa.com\/fr\/assurances-professionelles\/assurance-do\/\" title=\"Read more on Assurance D&#038;O\" class=\"more-link\">read more<\/a><\/p>\n","protected":false},"excerpt":{"rendered":"<p>Assurance D&amp;O ASSURANCE RESPONSABILIT\u00c9 DES DIRIGEANTS (DIRECTORS &amp; OFFICERS \u00ab D&amp;O \u00bb) Prot\u00e9gez vos cadres dirigeants en cas de poursuite Avec l\u2019assurance Responsabilit\u00e9 des Dirigeants (Directors &amp; Officers \u00ab\u00a0D&amp;O\u00a0\u00bb), les membres de la direction et des conseils d\u2019administration peuvent prot\u00e9ger leur patrimoine priv\u00e9. L\u2019assurance couvre les frais de contestation de plainte et pr\u00e9tentions injustifi\u00e9es ainsi &hellip;<\/p>\n","protected":false},"author":2,"featured_media":0,"parent":2486,"menu_order":0,"comment_status":"closed","ping_status":"closed","template":"","meta":{"footnotes":""},"_links":{"self":[{"href":"https:\/\/sgp-sa.com\/fr\/wp-json\/wp\/v2\/pages\/2538"}],"collection":[{"href":"https:\/\/sgp-sa.com\/fr\/wp-json\/wp\/v2\/pages"}],"about":[{"href":"https:\/\/sgp-sa.com\/fr\/wp-json\/wp\/v2\/types\/page"}],"author":[{"embeddable":true,"href":"https:\/\/sgp-sa.com\/fr\/wp-json\/wp\/v2\/users\/2"}],"replies":[{"embeddable":true,"href":"https:\/\/sgp-sa.com\/fr\/wp-json\/wp\/v2\/comments?post=2538"}],"version-history":[{"count":0,"href":"https:\/\/sgp-sa.com\/fr\/wp-json\/wp\/v2\/pages\/2538\/revisions"}],"up":[{"embeddable":true,"href":"https:\/\/sgp-sa.com\/fr\/wp-json\/wp\/v2\/pages\/2486"}],"wp:attachment":[{"href":"https:\/\/sgp-sa.com\/fr\/wp-json\/wp\/v2\/media?parent=2538"}],"curies":[{"name":"wp","href":"https:\/\/api.w.org\/{rel}","templated":true}]}}