{"id":2523,"date":"2018-11-12T11:34:54","date_gmt":"2018-11-12T11:34:54","guid":{"rendered":"https:\/\/www.sgp-sa.com\/?page_id=2523"},"modified":"2019-03-14T01:09:10","modified_gmt":"2019-03-14T01:09:10","slug":"assurance-flotte-de-vehicules","status":"publish","type":"page","link":"https:\/\/sgp-sa.com\/fr\/assurances-professionelles\/assurance-flotte-de-vehicules\/","title":{"rendered":"Assurance flotte de v\u00e9hicules"},"content":{"rendered":"<p>Assurance flotte de v\u00e9hicules Avec l\u2019assurance flotte , vous disposez d\u2019une solution d\u2019assurance qui couvre l\u2019ensemble de votre parc de v\u00e9hicules, y compris les \u00e9l\u00e9vateurs \u00e0 fourche, grues de chargement, chasse-neige ou plates-formes \u00e9l\u00e9vatrices, ceci avec une seule police. Nous vous proposons, avec nos partenaires, la meilleure protection possible ainsi qu\u2019une aide imm\u00e9diate suite \u00e0 une panne ou un accident, valables aussi pour les bus et les camions de plus de 3,5 tonnes. Frais de gu\u00e9rison Indemnit\u00e9 journali\u00e8re Rente d\u2019invalidit\u00e9 Indemnit\u00e9 pour atteinte \u00e0 l\u2019int\u00e9grit\u00e9 Prestations pour survivants Pour les cas de prestations, nous collaborons avec la SUVA, qui est sp\u00e9cialis\u00e9e dans le domaine du r\u00e8glement des sinistres li\u00e9s aux accidents et de la r\u00e9int\u00e9gration. Cette coop\u00e9ration exceptionnelle offre de nombreux avantages significatifs en termes de gestion de la qualit\u00e9 et de gestion des co\u00fbts. En tant que client, vous pouvez en profiter imm\u00e9diatement. Besoins de plus d&#8217;informations ? Remplissez ce formulaire et nous vous contacterons rapidement. &nbsp; &nbsp; * En validant cette demande d\u2019offre, j&#8217;accepte de recevoir des mailings et je reconnais avoir pris connaissance de la POLITIQUE DE CONFIDENTIALIT\u00c9 Demander un rendez-vous Nos conseillers sp\u00e9cialis\u00e9s se feront un plaisir de vous rencontrez !<\/p>\n","protected":false},"excerpt":{"rendered":"<p>Assurance flotte de v\u00e9hicules Avec l\u2019assurance flotte , vous disposez d\u2019une solution d\u2019assurance qui couvre l\u2019ensemble de votre parc de v\u00e9hicules, y compris les \u00e9l\u00e9vateurs \u00e0 fourche, grues de chargement, chasse-neige ou plates-formes \u00e9l\u00e9vatrices, ceci avec une seule police. Nous vous proposons, avec nos partenaires, la meilleure protection possible ainsi qu\u2019une aide imm\u00e9diate suite \u00e0 &hellip;<\/p>\n","protected":false},"author":2,"featured_media":0,"parent":2486,"menu_order":0,"comment_status":"closed","ping_status":"closed","template":"","meta":{"footnotes":""},"_links":{"self":[{"href":"https:\/\/sgp-sa.com\/fr\/wp-json\/wp\/v2\/pages\/2523"}],"collection":[{"href":"https:\/\/sgp-sa.com\/fr\/wp-json\/wp\/v2\/pages"}],"about":[{"href":"https:\/\/sgp-sa.com\/fr\/wp-json\/wp\/v2\/types\/page"}],"author":[{"embeddable":true,"href":"https:\/\/sgp-sa.com\/fr\/wp-json\/wp\/v2\/users\/2"}],"replies":[{"embeddable":true,"href":"https:\/\/sgp-sa.com\/fr\/wp-json\/wp\/v2\/comments?post=2523"}],"version-history":[{"count":0,"href":"https:\/\/sgp-sa.com\/fr\/wp-json\/wp\/v2\/pages\/2523\/revisions"}],"up":[{"embeddable":true,"href":"https:\/\/sgp-sa.com\/fr\/wp-json\/wp\/v2\/pages\/2486"}],"wp:attachment":[{"href":"https:\/\/sgp-sa.com\/fr\/wp-json\/wp\/v2\/media?parent=2523"}],"curies":[{"name":"wp","href":"https:\/\/api.w.org\/{rel}","templated":true}]}}