{"id":2515,"date":"2018-11-12T11:15:33","date_gmt":"2018-11-12T11:15:33","guid":{"rendered":"https:\/\/www.sgp-sa.com\/?page_id=2515"},"modified":"2019-03-14T01:12:20","modified_gmt":"2019-03-14T01:12:20","slug":"assurance-accidents-obligatoire-selon-la-laa","status":"publish","type":"page","link":"https:\/\/sgp-sa.com\/fr\/assurances-professionelles\/assurance-accidents-obligatoire-selon-la-laa\/","title":{"rendered":"Assurance-accidents obligatoire selon la LAA"},"content":{"rendered":"<p>Assurance-accidents obligatoire selon la LAA L\u2019assurance-accidents est partie int\u00e9grante de la loi f\u00e9d\u00e9rale; en tant qu\u2019employeur, vous \u00eates tenu l\u00e9galement d\u2019assurer vos collaborateurs contre les accidents. L\u2019assurance LAA compl\u00e9mentaire \u00e9largit la couverture d\u2019assurance de l\u2019assurance-accidents obligatoire. Le produit que nous vous proposons: les assurances-accidents selon la LAA Prestations de l\u2019assurance-accidents selon la LAA Frais de gu\u00e9rison Indemnit\u00e9 journali\u00e8re Rente d\u2019invalidit\u00e9 Indemnit\u00e9 pour atteinte \u00e0 l\u2019int\u00e9grit\u00e9 Prestations pour survivants Pour les cas de prestations, nous collaborons avec la SUVA, qui est sp\u00e9cialis\u00e9e dans le domaine du r\u00e8glement des sinistres li\u00e9s aux accidents et de la r\u00e9int\u00e9gration. Cette coop\u00e9ration exceptionnelle offre de nombreux avantages significatifs en termes de gestion de la qualit\u00e9 et de gestion des co\u00fbts. En tant que client, vous pouvez en profiter imm\u00e9diatement. Contact us Since our founding days we&#8217;ve transformed from a small insurance office covering just 1 county in the state of Utah to a vast, US-wide company. \u00a0 Request a Consultation With a full range of all possible insurance services imaginable, we&#8217;re offering you what thousands of our clients have already praised!<\/p>\n","protected":false},"excerpt":{"rendered":"<p>Assurance-accidents obligatoire selon la LAA L\u2019assurance-accidents est partie int\u00e9grante de la loi f\u00e9d\u00e9rale; en tant qu\u2019employeur, vous \u00eates tenu l\u00e9galement d\u2019assurer vos collaborateurs contre les accidents. L\u2019assurance LAA compl\u00e9mentaire \u00e9largit la couverture d\u2019assurance de l\u2019assurance-accidents obligatoire. Le produit que nous vous proposons: les assurances-accidents selon la LAA Prestations de l\u2019assurance-accidents selon la LAA Frais de &hellip;<\/p>\n","protected":false},"author":2,"featured_media":0,"parent":2486,"menu_order":0,"comment_status":"closed","ping_status":"closed","template":"","meta":{"footnotes":""},"_links":{"self":[{"href":"https:\/\/sgp-sa.com\/fr\/wp-json\/wp\/v2\/pages\/2515"}],"collection":[{"href":"https:\/\/sgp-sa.com\/fr\/wp-json\/wp\/v2\/pages"}],"about":[{"href":"https:\/\/sgp-sa.com\/fr\/wp-json\/wp\/v2\/types\/page"}],"author":[{"embeddable":true,"href":"https:\/\/sgp-sa.com\/fr\/wp-json\/wp\/v2\/users\/2"}],"replies":[{"embeddable":true,"href":"https:\/\/sgp-sa.com\/fr\/wp-json\/wp\/v2\/comments?post=2515"}],"version-history":[{"count":0,"href":"https:\/\/sgp-sa.com\/fr\/wp-json\/wp\/v2\/pages\/2515\/revisions"}],"up":[{"embeddable":true,"href":"https:\/\/sgp-sa.com\/fr\/wp-json\/wp\/v2\/pages\/2486"}],"wp:attachment":[{"href":"https:\/\/sgp-sa.com\/fr\/wp-json\/wp\/v2\/media?parent=2515"}],"curies":[{"name":"wp","href":"https:\/\/api.w.org\/{rel}","templated":true}]}}