{"id":2512,"date":"2018-11-12T11:10:48","date_gmt":"2018-11-12T11:10:48","guid":{"rendered":"https:\/\/www.sgp-sa.com\/?page_id=2512"},"modified":"2019-03-14T01:11:22","modified_gmt":"2019-03-14T01:11:22","slug":"assurance-perte-de-salaire-maladie","status":"publish","type":"page","link":"https:\/\/sgp-sa.com\/fr\/assurances-professionelles\/assurance-perte-de-salaire-maladie\/","title":{"rendered":"Assurance perte de salaire maladie"},"content":{"rendered":"<p>Assurance perte de salaire maladie Souvent sous-estim\u00e9es, les questions de sant\u00e9 sont cruciales pour l\u2019entreprise. Afin d\u2019\u00e9viter de tomber en faillite et poursuivre ses activit\u00e9s en cas de p\u00e9pin, l\u2019entrepreneur doit \u00eatre assur\u00e9 contre la maladie, l\u2019accident, l\u2019invalidit\u00e9 et le d\u00e9c\u00e8s. Le risque d\u2019incapacit\u00e9 de travail pour cause de maladie peut \u00eatre couvert par une assurance indemnit\u00e9s journali\u00e8res (deux ans d\u2019indemnisation maximum). L\u2019arr\u00eat de l\u2019activit\u00e9 en raison d\u2019un accident est couvert par l\u2019assurance-accidents. Dans les cas d\u2019invalidit\u00e9, cela peut devenir un peu plus compliqu\u00e9. Il est possible d\u2019augmenter les prestations couvertes dans le fonds de pension de l\u2019entreprise ou de s\u2019assurer au moyen d\u2019une assurance priv\u00e9e par exemple. Il en va de m\u00eame pour un d\u00e9c\u00e8s: un entrepreneur avec une famille \u00e0 charge devra mieux s\u2019assurer qu\u2019un jeune entrepreneur c\u00e9libataire. Contact us Since our founding days we&#8217;ve transformed from a small insurance office covering just 1 county in the state of Utah to a vast, US-wide company. \u00a0 Request a Consultation With a full range of all possible insurance services imaginable, we&#8217;re offering you what thousands of our clients have already praised!<\/p>\n","protected":false},"excerpt":{"rendered":"<p>Assurance perte de salaire maladie Souvent sous-estim\u00e9es, les questions de sant\u00e9 sont cruciales pour l\u2019entreprise. Afin d\u2019\u00e9viter de tomber en faillite et poursuivre ses activit\u00e9s en cas de p\u00e9pin, l\u2019entrepreneur doit \u00eatre assur\u00e9 contre la maladie, l\u2019accident, l\u2019invalidit\u00e9 et le d\u00e9c\u00e8s. Le risque d\u2019incapacit\u00e9 de travail pour cause de maladie peut \u00eatre couvert par une &hellip;<\/p>\n","protected":false},"author":2,"featured_media":0,"parent":2486,"menu_order":0,"comment_status":"closed","ping_status":"closed","template":"","meta":{"footnotes":""},"_links":{"self":[{"href":"https:\/\/sgp-sa.com\/fr\/wp-json\/wp\/v2\/pages\/2512"}],"collection":[{"href":"https:\/\/sgp-sa.com\/fr\/wp-json\/wp\/v2\/pages"}],"about":[{"href":"https:\/\/sgp-sa.com\/fr\/wp-json\/wp\/v2\/types\/page"}],"author":[{"embeddable":true,"href":"https:\/\/sgp-sa.com\/fr\/wp-json\/wp\/v2\/users\/2"}],"replies":[{"embeddable":true,"href":"https:\/\/sgp-sa.com\/fr\/wp-json\/wp\/v2\/comments?post=2512"}],"version-history":[{"count":0,"href":"https:\/\/sgp-sa.com\/fr\/wp-json\/wp\/v2\/pages\/2512\/revisions"}],"up":[{"embeddable":true,"href":"https:\/\/sgp-sa.com\/fr\/wp-json\/wp\/v2\/pages\/2486"}],"wp:attachment":[{"href":"https:\/\/sgp-sa.com\/fr\/wp-json\/wp\/v2\/media?parent=2512"}],"curies":[{"name":"wp","href":"https:\/\/api.w.org\/{rel}","templated":true}]}}