{"id":2509,"date":"2018-11-12T11:04:22","date_gmt":"2018-11-12T11:04:22","guid":{"rendered":"https:\/\/www.sgp-sa.com\/?page_id=2509"},"modified":"2019-03-14T01:05:24","modified_gmt":"2019-03-14T01:05:24","slug":"2em-pilier-caisse-de-pension-lpp","status":"publish","type":"page","link":"https:\/\/sgp-sa.com\/fr\/assurances-professionelles\/2em-pilier-caisse-de-pension-lpp\/","title":{"rendered":"2\u00e8me pilier: caisse de pension (LPP)"},"content":{"rendered":"<p>2\u00e8me pilier: caisse de pension (LPP) Les entrepreneurs doivent s\u2019occuper des assurances sociales pour eux-m\u00eames et d\u2019\u00e9ventuels collaborateurs. Pr\u00e9sentation des obligations li\u00e9es au second pilier: caisse de pension (LPP). Les caisses de pension d\u2019entreprise doivent garantir le maintien du standard de vie habituel. C\u2019est la Loi sur la pr\u00e9voyance professionnelle (LPP) qui s\u2019applique: elle pr\u00e9voit l\u2019assurance obligatoire pour tous les employ\u00e9s d\u00e8s le 1er janvier qui suit la date \u00e0 laquelle ils ont eu 17 ans (contre les risques d\u2019invalidit\u00e9 et de d\u00e9c\u00e8s) et d\u00e8s le 1er janvier qui suit la date \u00e0 laquelle ils ont eu 24 ans (contre la vieillesse). Actuellement, un salaire annuel minimal de CHF 21\u2019150 (2016) constitue la condition pr\u00e9alable. Le maximum du revenu soumis \u00e0 l\u2019assurance s\u2019\u00e9l\u00e8ve \u00e0 CHF 84\u2019600 (2016), mais l\u2019entreprise peut mettre la barre plus haut. Les contributions de la LPP sont, en premier lieu, financ\u00e9es par les cotisations salariales. La cotisation de l\u2019employeur doit \u00eatre au moins \u00e9gale \u00e0 la somme des cotisations de tous ses employ\u00e9s. Certains employeurs octroient volontairement des contributions plus \u00e9lev\u00e9es. Les cotisations des employeurs et des employ\u00e9s sont fix\u00e9es dans le r\u00e8glement de pr\u00e9voyance de chaque institution de pr\u00e9voyance. Elles sont normalement \u00e9chelonn\u00e9es en fonction de l\u2019\u00e2ge de l\u2019assur\u00e9. Les cotisations financent les avoirs de vieillesse pour les rentes vieillesses futures et les assurances contre les risques de d\u00e9c\u00e8s et d\u2019invalidit\u00e9. Chaque ann\u00e9e, les employ\u00e9s re\u00e7oivent un certificat de pr\u00e9voyance indiquant les contributions d\u00e9j\u00e0 pay\u00e9es et le capital-vieillesse potentiel. Les fondations, les coop\u00e9ratives ou les institutions de droit public, contr\u00f4l\u00e9es par les autorit\u00e9s de surveillance cantonales et f\u00e9d\u00e9rales, peuvent \u00eatre le support juridique de la <a href=\"https:\/\/sgp-sa.com\/fr\/assurances-professionelles\/2em-pilier-caisse-de-pension-lpp\/\" title=\"Read more on 2\u00e8me pilier: caisse de pension (LPP)\" class=\"more-link\">read more<\/a><\/p>\n","protected":false},"excerpt":{"rendered":"<p>2\u00e8me pilier: caisse de pension (LPP) Les entrepreneurs doivent s\u2019occuper des assurances sociales pour eux-m\u00eames et d\u2019\u00e9ventuels collaborateurs. Pr\u00e9sentation des obligations li\u00e9es au second pilier: caisse de pension (LPP). Les caisses de pension d\u2019entreprise doivent garantir le maintien du standard de vie habituel. C\u2019est la Loi sur la pr\u00e9voyance professionnelle (LPP) qui s\u2019applique: elle pr\u00e9voit &hellip;<\/p>\n","protected":false},"author":2,"featured_media":0,"parent":2486,"menu_order":0,"comment_status":"closed","ping_status":"closed","template":"","meta":{"footnotes":""},"_links":{"self":[{"href":"https:\/\/sgp-sa.com\/fr\/wp-json\/wp\/v2\/pages\/2509"}],"collection":[{"href":"https:\/\/sgp-sa.com\/fr\/wp-json\/wp\/v2\/pages"}],"about":[{"href":"https:\/\/sgp-sa.com\/fr\/wp-json\/wp\/v2\/types\/page"}],"author":[{"embeddable":true,"href":"https:\/\/sgp-sa.com\/fr\/wp-json\/wp\/v2\/users\/2"}],"replies":[{"embeddable":true,"href":"https:\/\/sgp-sa.com\/fr\/wp-json\/wp\/v2\/comments?post=2509"}],"version-history":[{"count":0,"href":"https:\/\/sgp-sa.com\/fr\/wp-json\/wp\/v2\/pages\/2509\/revisions"}],"up":[{"embeddable":true,"href":"https:\/\/sgp-sa.com\/fr\/wp-json\/wp\/v2\/pages\/2486"}],"wp:attachment":[{"href":"https:\/\/sgp-sa.com\/fr\/wp-json\/wp\/v2\/media?parent=2509"}],"curies":[{"name":"wp","href":"https:\/\/api.w.org\/{rel}","templated":true}]}}