{"id":2488,"date":"2018-11-12T10:32:21","date_gmt":"2018-11-12T10:32:21","guid":{"rendered":"https:\/\/www.sgp-sa.com\/?page_id=2488"},"modified":"2019-03-14T01:12:35","modified_gmt":"2019-03-14T01:12:35","slug":"responsabilite-civile-dentreprise","status":"publish","type":"page","link":"https:\/\/sgp-sa.com\/fr\/assurances-professionelles\/responsabilite-civile-dentreprise\/","title":{"rendered":"Responsabilit\u00e9 civile d\u2019entreprise"},"content":{"rendered":"<p>Responsabilit\u00e9 civile d\u2019entreprise Pour ainsi dire, toute entreprise a besoin d\u2019une assurance responsabilit\u00e9 civile. Les risques sont tr\u00e8s diff\u00e9rents d\u2019une branche \u00e0 l\u2019autre. Il est conseill\u00e9 d\u2019analyser pr\u00e9cis\u00e9ment les risques de l\u2019entreprise avant de conclure un contrat d\u2019assurance. Les risques suivants peuvent \u00eatre couverts: risque li\u00e9s aux installations: dommages qui surviennent sous la responsabilit\u00e9 du propri\u00e9taire ou du locataire de locaux commerciaux. Exemple: une tuile tombe du b\u00e2timent d\u2019exploitation et endommage une voiture parqu\u00e9e \u00e0 proximit\u00e9. Risque d\u2019exploitation: dommages qui surviennent en phase d\u2019exploitation de l\u2019entreprise. Exemple: lors de l\u2019installation d\u2019une nouvelle machine \u00e0 laver, le monteur ab\u00eeme un \u00e9l\u00e9ment de la cuisine agenc\u00e9e qui doit alors \u00eatre remplac\u00e9. Risque li\u00e9 au produit: dommages caus\u00e9s par un d\u00e9faut de construction ou de conception de produits. Exemple: un composant d\u2019une machine \u00e0 caf\u00e9 issue de la gamme de l\u2019entreprise \u00e0 tendance \u00e0 surchauffer, ce qui peut provoquer des incendies. De plus, divers risques sp\u00e9cifiques peuvent \u00eatre inclus dans un contrat. Toutefois, l\u2019assurance responsabilit\u00e9 civile d\u2019entreprise ne couvre pas les dommages provoqu\u00e9s par l\u2019entrepreneur lui-m\u00eame ou un membre de sa famille. Les personnes pratiquant une profession lib\u00e9rale, tels que les m\u00e9decins, pharmaciens ou architectes, sont libres de conclure une assurance responsabilit\u00e9 civile professionnelle. Elle couvre les risques particuliers propres \u00e0 leur m\u00e9tier. Besoin de plus d&#8217;informations ? Remplissez ce formulaire et nous vous contacterons rapidement. &nbsp; &nbsp; * En validant cette demande d\u2019offre, j&#8217;accepte de recevoir des mailings et je reconnais avoir pris connaissance de la POLITIQUE DE CONFIDENTIALIT\u00c9 Demander un rendez-vous Nos conseillers sp\u00e9cialis\u00e9s se feront un plaisir de vous rencontrez !<\/p>\n","protected":false},"excerpt":{"rendered":"<p>Responsabilit\u00e9 civile d\u2019entreprise Pour ainsi dire, toute entreprise a besoin d\u2019une assurance responsabilit\u00e9 civile. Les risques sont tr\u00e8s diff\u00e9rents d\u2019une branche \u00e0 l\u2019autre. Il est conseill\u00e9 d\u2019analyser pr\u00e9cis\u00e9ment les risques de l\u2019entreprise avant de conclure un contrat d\u2019assurance. Les risques suivants peuvent \u00eatre couverts: risque li\u00e9s aux installations: dommages qui surviennent sous la responsabilit\u00e9 du &hellip;<\/p>\n","protected":false},"author":2,"featured_media":0,"parent":2486,"menu_order":0,"comment_status":"closed","ping_status":"closed","template":"","meta":{"footnotes":""},"_links":{"self":[{"href":"https:\/\/sgp-sa.com\/fr\/wp-json\/wp\/v2\/pages\/2488"}],"collection":[{"href":"https:\/\/sgp-sa.com\/fr\/wp-json\/wp\/v2\/pages"}],"about":[{"href":"https:\/\/sgp-sa.com\/fr\/wp-json\/wp\/v2\/types\/page"}],"author":[{"embeddable":true,"href":"https:\/\/sgp-sa.com\/fr\/wp-json\/wp\/v2\/users\/2"}],"replies":[{"embeddable":true,"href":"https:\/\/sgp-sa.com\/fr\/wp-json\/wp\/v2\/comments?post=2488"}],"version-history":[{"count":0,"href":"https:\/\/sgp-sa.com\/fr\/wp-json\/wp\/v2\/pages\/2488\/revisions"}],"up":[{"embeddable":true,"href":"https:\/\/sgp-sa.com\/fr\/wp-json\/wp\/v2\/pages\/2486"}],"wp:attachment":[{"href":"https:\/\/sgp-sa.com\/fr\/wp-json\/wp\/v2\/media?parent=2488"}],"curies":[{"name":"wp","href":"https:\/\/api.w.org\/{rel}","templated":true}]}}