{"id":2477,"date":"2018-11-12T09:55:26","date_gmt":"2018-11-12T09:55:26","guid":{"rendered":"https:\/\/www.sgp-sa.com\/?page_id=2477"},"modified":"2019-03-14T00:58:11","modified_gmt":"2019-03-14T00:58:11","slug":"assurance-epargne","status":"publish","type":"page","link":"https:\/\/sgp-sa.com\/fr\/assurances-particuliers\/assurance-epargne\/","title":{"rendered":"Assurance \u00e9pargne"},"content":{"rendered":"<p>Assurance \u00e9pargne Une assurance est constitutive de capital ou susceptible de rachat si la survenance d\u2019un \u00e9v\u00e9nement assur\u00e9 et donc le versement de la prestation d\u2019assurance \u00e0 l\u2019ayant droit sont \u00e9tablis. Les assurances de capitaux constitutives de capital, outre une part de risque (invalidit\u00e9, d\u00e9c\u00e8s), comportent \u00e9galement une part d\u2019\u00e9pargne. \u00a0 L\u2019assurance-vie mixte est toujours la forme la plus courante d\u2019assurance constitutive de capital. Elle se caract\u00e9rise par des prestations garanties en cas de d\u00e9c\u00e8s et en cas de vie. Le capital assur\u00e9 est vers\u00e9 en cas de d\u00e9c\u00e8s de la personne assur\u00e9e, mais au plus tard \u00e0 l\u2019\u00e9ch\u00e9ance de l\u2019assurance. En plus des prestations d\u2019assurance garanties, a lieu une participation aux exc\u00e9dents de la compagnie d\u2019assurance. La part d\u2019exc\u00e9dents est d\u00e9termin\u00e9e chaque ann\u00e9e sur la base du r\u00e9sultat d\u2019exploitation de la compagnie d\u2019assurance. En principe, une assurance-vie prot\u00e8ge contre des risques tels que le d\u00e9c\u00e8s ou l\u2019invalidit\u00e9 et est utilis\u00e9e dans le cadre de la pr\u00e9voyance vieillesse priv\u00e9e. Cela repr\u00e9sente par exemple une bonne solution si vous souhaitez mettre r\u00e9guli\u00e8rement des fonds de c\u00f4t\u00e9, investir une somme d\u2019argent de mani\u00e8re pratique ou financer une maison ou un appartement. Les 1er et 2e piliers vous garantissent \u00e0 l\u2019\u00e2ge de la retraite environ 60% du dernier salaire per\u00e7u. Dans de nombreux cas, toutefois, ces 60% ne suffisent pas \u00e0 maintenir le niveau de vie habituel. Il est donc souhaitable de compl\u00e9ter ces moindres revenus par la pr\u00e9voyance priv\u00e9e. D\u2019apr\u00e8s notre exp\u00e9rience, on vise g\u00e9n\u00e9ralement environ 80% du dernier salaire per\u00e7u. Etant donn\u00e9 que non seulement l\u2019AVS, mais aussi la LPP pr\u00e9voient une assurance-vieillesse maximale jusqu\u2019\u00e0 un salaire annuel d\u2019environ 85 000 <a href=\"https:\/\/sgp-sa.com\/fr\/assurances-particuliers\/assurance-epargne\/\" title=\"Read more on Assurance \u00e9pargne\" class=\"more-link\">read more<\/a><\/p>\n","protected":false},"excerpt":{"rendered":"<p>Assurance \u00e9pargne Une assurance est constitutive de capital ou susceptible de rachat si la survenance d\u2019un \u00e9v\u00e9nement assur\u00e9 et donc le versement de la prestation d\u2019assurance \u00e0 l\u2019ayant droit sont \u00e9tablis. Les assurances de capitaux constitutives de capital, outre une part de risque (invalidit\u00e9, d\u00e9c\u00e8s), comportent \u00e9galement une part d\u2019\u00e9pargne. \u00a0 L\u2019assurance-vie mixte est toujours &hellip;<\/p>\n","protected":false},"author":2,"featured_media":0,"parent":2484,"menu_order":0,"comment_status":"closed","ping_status":"closed","template":"","meta":{"footnotes":""},"_links":{"self":[{"href":"https:\/\/sgp-sa.com\/fr\/wp-json\/wp\/v2\/pages\/2477"}],"collection":[{"href":"https:\/\/sgp-sa.com\/fr\/wp-json\/wp\/v2\/pages"}],"about":[{"href":"https:\/\/sgp-sa.com\/fr\/wp-json\/wp\/v2\/types\/page"}],"author":[{"embeddable":true,"href":"https:\/\/sgp-sa.com\/fr\/wp-json\/wp\/v2\/users\/2"}],"replies":[{"embeddable":true,"href":"https:\/\/sgp-sa.com\/fr\/wp-json\/wp\/v2\/comments?post=2477"}],"version-history":[{"count":0,"href":"https:\/\/sgp-sa.com\/fr\/wp-json\/wp\/v2\/pages\/2477\/revisions"}],"up":[{"embeddable":true,"href":"https:\/\/sgp-sa.com\/fr\/wp-json\/wp\/v2\/pages\/2484"}],"wp:attachment":[{"href":"https:\/\/sgp-sa.com\/fr\/wp-json\/wp\/v2\/media?parent=2477"}],"curies":[{"name":"wp","href":"https:\/\/api.w.org\/{rel}","templated":true}]}}