{"id":2464,"date":"2018-11-12T09:34:52","date_gmt":"2018-11-12T09:34:52","guid":{"rendered":"https:\/\/www.sgp-sa.com\/?page_id=2464"},"modified":"2019-03-14T01:04:14","modified_gmt":"2019-03-14T01:04:14","slug":"placements-financiers","status":"publish","type":"page","link":"https:\/\/sgp-sa.com\/fr\/assurances-particuliers\/placements-financiers\/","title":{"rendered":"Placements financiers"},"content":{"rendered":"<p>Placements financiers La gestion de fortune est un domaine d\u2019activit\u00e9 important pour les banques suisses. Elle constitue l\u2019un des piliers de notre place financi\u00e8re. En associant une excellente qualit\u00e9 de conseils et des conditions- cadres attrayantes, la Suisse s\u2019est hiss\u00e9e \u00e0 la pointe du Private Banking international. Riche d\u2019une tradition de plus de deux si\u00e8cles, le secteur bancaire helv\u00e9tique peut se pr\u00e9valoir de comp\u00e9tences de haut niveau, qui renforcent consid\u00e9rablement la confiance dans la place financi\u00e8re et contribuent \u00e0 sa position de premier plan. La gestion de fortune pour des clients nationaux et \u00e9trangers apporte une large contribution \u00e0 la performance \u00e9conomique nationale et repr\u00e9sente pr\u00e8s de la moiti\u00e9 de la cr\u00e9ation de valeur g\u00e9n\u00e9r\u00e9e par les banques suisses. En 2009, elle a contribu\u00e9 \u00e0 la cr\u00e9ation de valeur \u00e0 hauteur de CHF 15,7 milliards, soit 2,9% du produit int\u00e9rieur brut (PIB). Le train de r\u00e9formes \u00abB\u00e2le III\u00bb, adopt\u00e9 dans ses grandes lignes \u00e0 la mi-novembre 2010 par le groupe des vingt \u00e9conomies les plus importantes (G20), rel\u00e8ve les exigences minimales en mati\u00e8re de fonds propres et de liquidit\u00e9s dans le secteur bancaire. Besoin de plus d&#8217;informations ? Remplissez ce formulaire et nous vous contacterons rapidement. &nbsp; &nbsp; * En validant cette demande d\u2019offre, j&#8217;accepte de recevoir des mailings et je reconnais avoir pris connaissance de la POLITIQUE DE CONFIDENTIALIT\u00c9 Demander un rendez-vous Nos conseillers sp\u00e9cialis\u00e9s se feront un plaisir de vous rencontrez !<\/p>\n","protected":false},"excerpt":{"rendered":"<p>Placements financiers La gestion de fortune est un domaine d\u2019activit\u00e9 important pour les banques suisses. Elle constitue l\u2019un des piliers de notre place financi\u00e8re. En associant une excellente qualit\u00e9 de conseils et des conditions- cadres attrayantes, la Suisse s\u2019est hiss\u00e9e \u00e0 la pointe du Private Banking international. Riche d\u2019une tradition de plus de deux si\u00e8cles, &hellip;<\/p>\n","protected":false},"author":2,"featured_media":0,"parent":2484,"menu_order":0,"comment_status":"closed","ping_status":"closed","template":"","meta":{"footnotes":""},"_links":{"self":[{"href":"https:\/\/sgp-sa.com\/fr\/wp-json\/wp\/v2\/pages\/2464"}],"collection":[{"href":"https:\/\/sgp-sa.com\/fr\/wp-json\/wp\/v2\/pages"}],"about":[{"href":"https:\/\/sgp-sa.com\/fr\/wp-json\/wp\/v2\/types\/page"}],"author":[{"embeddable":true,"href":"https:\/\/sgp-sa.com\/fr\/wp-json\/wp\/v2\/users\/2"}],"replies":[{"embeddable":true,"href":"https:\/\/sgp-sa.com\/fr\/wp-json\/wp\/v2\/comments?post=2464"}],"version-history":[{"count":0,"href":"https:\/\/sgp-sa.com\/fr\/wp-json\/wp\/v2\/pages\/2464\/revisions"}],"up":[{"embeddable":true,"href":"https:\/\/sgp-sa.com\/fr\/wp-json\/wp\/v2\/pages\/2484"}],"wp:attachment":[{"href":"https:\/\/sgp-sa.com\/fr\/wp-json\/wp\/v2\/media?parent=2464"}],"curies":[{"name":"wp","href":"https:\/\/api.w.org\/{rel}","templated":true}]}}