{"id":2444,"date":"2018-11-12T08:57:09","date_gmt":"2018-11-12T08:57:09","guid":{"rendered":"https:\/\/www.sgp-sa.com\/?page_id=2444"},"modified":"2019-03-14T00:54:52","modified_gmt":"2019-03-14T00:54:52","slug":"assurance-animaux","status":"publish","type":"page","link":"https:\/\/sgp-sa.com\/fr\/assurances-particuliers\/assurance-animaux\/","title":{"rendered":"Assurance animaux"},"content":{"rendered":"<p>Assurance animaux Meilleur ami et membre de la famille, votre animal m\u00e9rite incontestablement tout votre amour. L\u2019assurance des animaux couvre les pertes financi\u00e8res r\u00e9sultant du d\u00e9c\u00e8s ou de l\u2019abattage d\u2019urgence d\u2019animaux, pour certains: les frais de traitement v\u00e9t\u00e9rinaire, vaccination, examens, physioth\u00e9rapie, etc. peuvent \u00eatre \u00e9galement assur\u00e9s. Une assurance sp\u00e9cifique pour animaux est propos\u00e9e, certaines compagnies assurent en outre les bovins, animaux de la ferme, les oiseaux, les chevaux, \u00e9quid\u00e9 et les animaux domestiques. LOI SUR LA PROTECTION DES ANIMAUX La loi sur la protection des animaux, son ordonnance et les commentaires, repr\u00e9sente 241 pages. Tout protecteur des animaux devrait prendre connaissance de ce qui est la base l\u00e9gale de la protection de leur compagnon. Cet ensemble est un v\u00e9ritable manuel qui peut et doit \u00eatre consult\u00e9 dans tous les cas lorsqu&#8217;un probl\u00e8me de protection des animaux se pose. Les nouvelles dispositions par rapport \u00e0 l\u2019ancienne ordonnance font l\u2019objet de r\u00e9sum\u00e9s de Office f\u00e9d\u00e9ral de la s\u00e9curit\u00e9 alimentaire et des affaires v\u00e9t\u00e9rinaires, par exemple : \u00abMon chien, j\u2019en prends soin\u00bb, \u00abMes chevaux j\u2019en prends soin\u00bb, etc. Besoins de plus d&#8217;informations ? Remplissez ce formulaire et nous vous contacterons rapidement. &nbsp; &nbsp; * En validant cette demande d\u2019offre, j&#8217;accepte de recevoir des mailings et je reconnais avoir pris connaissance de la POLITIQUE DE CONFIDENTIALIT\u00c9 Demander un rendez-vous Nos conseillers sp\u00e9cialis\u00e9s se feront un plaisir de vous rencontrez !<\/p>\n","protected":false},"excerpt":{"rendered":"<p>Assurance animaux Meilleur ami et membre de la famille, votre animal m\u00e9rite incontestablement tout votre amour. L\u2019assurance des animaux couvre les pertes financi\u00e8res r\u00e9sultant du d\u00e9c\u00e8s ou de l\u2019abattage d\u2019urgence d\u2019animaux, pour certains: les frais de traitement v\u00e9t\u00e9rinaire, vaccination, examens, physioth\u00e9rapie, etc. peuvent \u00eatre \u00e9galement assur\u00e9s. Une assurance sp\u00e9cifique pour animaux est propos\u00e9e, certaines compagnies &hellip;<\/p>\n","protected":false},"author":2,"featured_media":0,"parent":2484,"menu_order":0,"comment_status":"closed","ping_status":"closed","template":"","meta":{"footnotes":""},"_links":{"self":[{"href":"https:\/\/sgp-sa.com\/fr\/wp-json\/wp\/v2\/pages\/2444"}],"collection":[{"href":"https:\/\/sgp-sa.com\/fr\/wp-json\/wp\/v2\/pages"}],"about":[{"href":"https:\/\/sgp-sa.com\/fr\/wp-json\/wp\/v2\/types\/page"}],"author":[{"embeddable":true,"href":"https:\/\/sgp-sa.com\/fr\/wp-json\/wp\/v2\/users\/2"}],"replies":[{"embeddable":true,"href":"https:\/\/sgp-sa.com\/fr\/wp-json\/wp\/v2\/comments?post=2444"}],"version-history":[{"count":0,"href":"https:\/\/sgp-sa.com\/fr\/wp-json\/wp\/v2\/pages\/2444\/revisions"}],"up":[{"embeddable":true,"href":"https:\/\/sgp-sa.com\/fr\/wp-json\/wp\/v2\/pages\/2484"}],"wp:attachment":[{"href":"https:\/\/sgp-sa.com\/fr\/wp-json\/wp\/v2\/media?parent=2444"}],"curies":[{"name":"wp","href":"https:\/\/api.w.org\/{rel}","templated":true}]}}