{"id":2428,"date":"2018-11-12T08:33:52","date_gmt":"2018-11-12T08:33:52","guid":{"rendered":"https:\/\/www.sgp-sa.com\/?page_id=2428"},"modified":"2019-03-14T00:55:14","modified_gmt":"2019-03-14T00:55:14","slug":"assurance-assistance-depannage","status":"publish","type":"page","link":"https:\/\/sgp-sa.com\/fr\/assurances-particuliers\/assurance-assistance-depannage\/","title":{"rendered":"Assurance assistance d\u00e9pannage"},"content":{"rendered":"<p>Assurance assistance d\u00e9pannage Votre assurance vous pr\u00eate assistance, assure la mobilit\u00e9 des occupants du v\u00e9hicule et s\u2019occupe de ce dernier lorsqu\u2019il est devenu inapte \u00e0 circuler en raison d\u2019une panne ou d\u2019un accident ou inutilisable pour cause de vol ou si, en cours de route, le conducteur n\u2019est plus apte \u00e0 conduire en raison de maladie, d\u2019accident ou de d\u00e9c\u00e8s et si aucun autre passager n\u2019est en mesure de ramener le v\u00e9hicule. D\u00e9pannage \/ remorquage \/ sauvetage H\u00e9bergement V\u00e9hicule de remplacement\/location\u00a0 Rapatriement du v\u00e9hicule Envoi de pi\u00e8ces d\u00e9tach\u00e9es de remplacement \u00e0 l\u2019\u00e9tranger Envoi d\u2019un chauffeur pour rapatrier le v\u00e9hicule Rapatriement des passagers \/ du v\u00e9hicule Service de notification Taxi ou transports publics Contact us Since our founding days we&#8217;ve transformed from a small insurance office covering just 1 county in the state of Utah to a vast, US-wide company. \u00a0 Request a Consultation With a full range of all possible insurance services imaginable, we&#8217;re offering you what thousands of our clients have already praised!<\/p>\n","protected":false},"excerpt":{"rendered":"<p>Assurance assistance d\u00e9pannage Votre assurance vous pr\u00eate assistance, assure la mobilit\u00e9 des occupants du v\u00e9hicule et s\u2019occupe de ce dernier lorsqu\u2019il est devenu inapte \u00e0 circuler en raison d\u2019une panne ou d\u2019un accident ou inutilisable pour cause de vol ou si, en cours de route, le conducteur n\u2019est plus apte \u00e0 conduire en raison de &hellip;<\/p>\n","protected":false},"author":2,"featured_media":0,"parent":2484,"menu_order":0,"comment_status":"closed","ping_status":"closed","template":"","meta":{"footnotes":""},"_links":{"self":[{"href":"https:\/\/sgp-sa.com\/fr\/wp-json\/wp\/v2\/pages\/2428"}],"collection":[{"href":"https:\/\/sgp-sa.com\/fr\/wp-json\/wp\/v2\/pages"}],"about":[{"href":"https:\/\/sgp-sa.com\/fr\/wp-json\/wp\/v2\/types\/page"}],"author":[{"embeddable":true,"href":"https:\/\/sgp-sa.com\/fr\/wp-json\/wp\/v2\/users\/2"}],"replies":[{"embeddable":true,"href":"https:\/\/sgp-sa.com\/fr\/wp-json\/wp\/v2\/comments?post=2428"}],"version-history":[{"count":0,"href":"https:\/\/sgp-sa.com\/fr\/wp-json\/wp\/v2\/pages\/2428\/revisions"}],"up":[{"embeddable":true,"href":"https:\/\/sgp-sa.com\/fr\/wp-json\/wp\/v2\/pages\/2484"}],"wp:attachment":[{"href":"https:\/\/sgp-sa.com\/fr\/wp-json\/wp\/v2\/media?parent=2428"}],"curies":[{"name":"wp","href":"https:\/\/api.w.org\/{rel}","templated":true}]}}