{"id":2402,"date":"2018-11-12T07:33:10","date_gmt":"2018-11-12T07:33:10","guid":{"rendered":"https:\/\/www.sgp-sa.com\/?page_id=2402"},"modified":"2019-03-14T01:01:26","modified_gmt":"2019-03-14T01:01:26","slug":"assurance-protection-juridique","status":"publish","type":"page","link":"https:\/\/sgp-sa.com\/fr\/assurances-particuliers\/assurance-protection-juridique\/","title":{"rendered":"Assurance protection juridique"},"content":{"rendered":"<p>Assurance protection juridique D\u00e9fendre ses droits, \u00e7a peut co\u00fbter cher ! Nombreux sont ceux qui se croient \u00e0 l\u2019abri de tout rapport avec la justice. Pourtant, un litige pouvant conduire \u00e0 un proc\u00e8s peut survenir plus rapidement que l\u2019on ne croit. En effet, imaginez par exemple que vous achetiez une nouvelle voiture qui s\u2019av\u00e8re avoir un vice cach\u00e9 et que le vendeur refuse de prendre en charge la r\u00e9paration\u2026\u00a0Ou encore que vous fassiez construire une maison et qu\u2019il y ait un d\u00e9faut de construction que l\u2019artisan refuse d\u2019admettre. Vous pouvez \u00e9galement avoir\u00a0un diff\u00e9rend avec un employeur qui vous licencie de mani\u00e8re abusive ou encore avec un locataire qui refuse de vous payer\u2026 C\u2019est souvent quand une situation de ce type se pr\u00e9sente\u00a0qu\u2019on se rend compte de l\u2019utilit\u00e9 d\u2019une assurance Protection juridique. Mieux vaut donc anticiper les al\u00e9as de la vie en souscrivant \u00e0 l\u2019assurance avant qu\u2019un litige ne survienne. En effet, un profane qui d\u00e9fend seul son droit perd vite pied: r\u00e9soudre un conflit juridique est une affaire complexe, ardue et souvent on\u00e9reuse. Frais de justice, honoraires d\u2019avocat, honoraires d\u2019expertises, indemnit\u00e9s \u00e0 verser \u00e0 la partie adverse\u00a0: le co\u00fbt d\u2019une proc\u00e9dure judiciaire peut rapidement s\u2019\u00e9lever \u00e0 des milliers de francs\u00a0! Or, une assurance juridique co\u00fbte moins en une ann\u00e9e qu\u2019un bon avocat en une heure !\u2026 En cas de litige, l\u2019assurance Protection juridique vous conseille et vous assiste. Si vous devez vraiment passer devant un juge, elle couvre les frais\u00a0du proc\u00e8s. Plusieurs couvertures Protection juridique sont possibles : Vous pouvez opter pour une couverture\u00a0individuelle\u00a0ou\u00a0familiale. Contact us Since our founding days we&#8217;ve transformed from a small insurance office covering just 1 <a href=\"https:\/\/sgp-sa.com\/fr\/assurances-particuliers\/assurance-protection-juridique\/\" title=\"Read more on Assurance protection juridique\" class=\"more-link\">read more<\/a><\/p>\n","protected":false},"excerpt":{"rendered":"<p>Assurance protection juridique D\u00e9fendre ses droits, \u00e7a peut co\u00fbter cher ! Nombreux sont ceux qui se croient \u00e0 l\u2019abri de tout rapport avec la justice. Pourtant, un litige pouvant conduire \u00e0 un proc\u00e8s peut survenir plus rapidement que l\u2019on ne croit. En effet, imaginez par exemple que vous achetiez une nouvelle voiture qui s\u2019av\u00e8re avoir &hellip;<\/p>\n","protected":false},"author":2,"featured_media":0,"parent":2484,"menu_order":0,"comment_status":"closed","ping_status":"closed","template":"","meta":{"footnotes":""},"_links":{"self":[{"href":"https:\/\/sgp-sa.com\/fr\/wp-json\/wp\/v2\/pages\/2402"}],"collection":[{"href":"https:\/\/sgp-sa.com\/fr\/wp-json\/wp\/v2\/pages"}],"about":[{"href":"https:\/\/sgp-sa.com\/fr\/wp-json\/wp\/v2\/types\/page"}],"author":[{"embeddable":true,"href":"https:\/\/sgp-sa.com\/fr\/wp-json\/wp\/v2\/users\/2"}],"replies":[{"embeddable":true,"href":"https:\/\/sgp-sa.com\/fr\/wp-json\/wp\/v2\/comments?post=2402"}],"version-history":[{"count":0,"href":"https:\/\/sgp-sa.com\/fr\/wp-json\/wp\/v2\/pages\/2402\/revisions"}],"up":[{"embeddable":true,"href":"https:\/\/sgp-sa.com\/fr\/wp-json\/wp\/v2\/pages\/2484"}],"wp:attachment":[{"href":"https:\/\/sgp-sa.com\/fr\/wp-json\/wp\/v2\/media?parent=2402"}],"curies":[{"name":"wp","href":"https:\/\/api.w.org\/{rel}","templated":true}]}}