{"id":2391,"date":"2018-11-07T18:01:45","date_gmt":"2018-11-07T18:01:45","guid":{"rendered":"https:\/\/www.sgp-sa.com\/?page_id=2391"},"modified":"2019-03-14T00:57:14","modified_gmt":"2019-03-14T00:57:14","slug":"assurance-caution-de-loyer","status":"publish","type":"page","link":"https:\/\/sgp-sa.com\/fr\/assurances-particuliers\/assurance-caution-de-loyer\/","title":{"rendered":"Assurance caution de loyer"},"content":{"rendered":"<p>Assurance caution de loyer LE CAUTIONNEMENT DE LOYER, SANS D\u00c9P\u00d4T BANCAIRE. Louer un bien implique en g\u00e9n\u00e9ral de d\u00e9poser sur un compte bancaire, un certain nombre de mois de loyer en tant que garantie pour le bailleur. Le cautionnement de loyer ou garantie de loyer, offre une solution aux locataires qui ne souhaitent pas bloquer ce montant durant des ann\u00e9es ou qui ne poss\u00e8dent pas cette somme. Ce cautionnement r\u00e9pond aux exigences l\u00e9gales pr\u00e9vues dans le droit du bail (art. 257e, CO), le contrat-cadre romand de baux \u00e0 loyer et le contrat-cadre de baux \u00e0 loyer du canton de Vaud. Avec ce cautionnement de loyer vous disposez librement de vos \u00e9conomies au lieu de les bloquer sur un compte et ceci durant toute la dur\u00e9e de la location. Une prime annuelle vous permet de profiter de vos \u00e9conomies ! La prime annuelle est calcul\u00e9e sur un pourcentage du montant de garantie exig\u00e9. (4% tarif 2017) Exemple : Loyer mensuel CHF. 2\u2019000.- D\u00e9p\u00f4t exig\u00e9 par le bailleur, 3 mois, soit CHF. 6\u2019000.- Prime annuelle CHF. 240.- ! D\u00e8s lors vous disposez librement de votre argent puisque aucun d\u00e9p\u00f4t ne serait \u00e0 faire \u00e0 la banque. M\u00caMES SURET\u00c9S QU\u2019UN D\u00c9P\u00d4T BANCAIRE &nbsp; Si vous avez un compte de d\u00e9p\u00f4t bancaire, vous pouvez en tout temps, avec l\u2019accord de votre bailleur, obtenir un cautionnement de loyer. Votre d\u00e9p\u00f4t bancaire vous sera alors restitu\u00e9 par le bailleur. Ce cautionnement de loyer offre \u00e0 votre bailleur les m\u00eames garanties qu\u2019une solution traditionnelle du d\u00e9p\u00f4t bancaire. Tel que des arri\u00e9r\u00e9s de loyer, mais aussi lors de dommages caus\u00e9s \u00e0 la location, la compagnie couvrant le cautionnement, <a href=\"https:\/\/sgp-sa.com\/fr\/assurances-particuliers\/assurance-caution-de-loyer\/\" title=\"Read more on Assurance caution de loyer\" class=\"more-link\">read more<\/a><\/p>\n","protected":false},"excerpt":{"rendered":"<p>Assurance caution de loyer LE CAUTIONNEMENT DE LOYER, SANS D\u00c9P\u00d4T BANCAIRE. Louer un bien implique en g\u00e9n\u00e9ral de d\u00e9poser sur un compte bancaire, un certain nombre de mois de loyer en tant que garantie pour le bailleur. Le cautionnement de loyer ou garantie de loyer, offre une solution aux locataires qui ne souhaitent pas bloquer &hellip;<\/p>\n","protected":false},"author":2,"featured_media":0,"parent":2484,"menu_order":0,"comment_status":"closed","ping_status":"closed","template":"","meta":{"footnotes":""},"_links":{"self":[{"href":"https:\/\/sgp-sa.com\/fr\/wp-json\/wp\/v2\/pages\/2391"}],"collection":[{"href":"https:\/\/sgp-sa.com\/fr\/wp-json\/wp\/v2\/pages"}],"about":[{"href":"https:\/\/sgp-sa.com\/fr\/wp-json\/wp\/v2\/types\/page"}],"author":[{"embeddable":true,"href":"https:\/\/sgp-sa.com\/fr\/wp-json\/wp\/v2\/users\/2"}],"replies":[{"embeddable":true,"href":"https:\/\/sgp-sa.com\/fr\/wp-json\/wp\/v2\/comments?post=2391"}],"version-history":[{"count":0,"href":"https:\/\/sgp-sa.com\/fr\/wp-json\/wp\/v2\/pages\/2391\/revisions"}],"up":[{"embeddable":true,"href":"https:\/\/sgp-sa.com\/fr\/wp-json\/wp\/v2\/pages\/2484"}],"wp:attachment":[{"href":"https:\/\/sgp-sa.com\/fr\/wp-json\/wp\/v2\/media?parent=2391"}],"curies":[{"name":"wp","href":"https:\/\/api.w.org\/{rel}","templated":true}]}}