{"id":2354,"date":"2018-11-07T15:18:13","date_gmt":"2018-11-07T15:18:13","guid":{"rendered":"https:\/\/www.sgp-sa.com\/?page_id=2354"},"modified":"2019-03-14T01:03:48","modified_gmt":"2019-03-14T01:03:48","slug":"assurance-batiment","status":"publish","type":"page","link":"https:\/\/sgp-sa.com\/fr\/assurances-particuliers\/assurance-batiment\/","title":{"rendered":"L\u2019assurance B\u00e2timent"},"content":{"rendered":"<p>L\u2019assurance B\u00e2timent L\u2019assurance b\u00e2timent couvre tous les risques importants, tels que les dommages caus\u00e9s par l\u2019incendie, les forces de la nature, les d\u00e9g\u00e2ts d\u2019eau et les bris de glace. Des compl\u00e9ments peuvent tr\u00e8s souvent \u00eatre inclus dans le contrat, tels que, par exemple:&nbsp; les frais de d\u00e9gagement d\u2019une conduite ayant saut\u00e9 ou d\u00e9fectueux, la perte de revenu, les frais de changement de serrures, etc. Pour les dommages dus \u00e0 l\u2019incendie ainsi que les dommages naturels, il faut tenir compte du fait que la loi, dans la plupart des cantons, stipule qu\u2019il est obligatoire d\u2019assurer son immeuble contre de tels risques. Cependant, seuls les cantons suivants accordent le libre choix de l\u2019assureur : Appenzell Rhodes Int\u00e9rieures &#8211; Gen\u00e8ve &#8211; Obwald &#8211; Schwyz &#8211; Tessin &#8211; Uri &#8211; Valais Tous les autres cantons pr\u00e9voient un monopole d\u2019assurance cantonale. ASSUREZ CE QUI VOUS EST CHER Un b\u00e2timent ne peut pas \u00eatre d\u00e9plac\u00e9, mais il peut \u00eatre assur\u00e9. De jour, comme de nuit, il est expos\u00e9 aux dangers les plus divers. Une conduite d\u2019eau qui a saut\u00e9 cause des dommages importants, tout comme un glissement de terrain, une temp\u00eate ou un incendie. Une imprudence lors de travaux de transformation peut aussi revenir cher. L\u2019assurance b\u00e2timent vous offre une protection compl\u00e8te contre les cons\u00e9quences financi\u00e8res des dommages \u00e0 votre domicile. Vous pouvez d\u00e9terminer quels risques vous souhaitez assurer. Assurance contre l\u2019incendie, le roussissement, la foudre, les d\u00e9g\u00e2ts d\u2019eau, le bris de glaces. Protection financi\u00e8re contre les catastrophes naturelles, par exemple une crue, un glissement de terrain, une avalanche, gr\u00eale, fum\u00e9e ou une temp\u00eate. Des dommages caus\u00e9s par des eaux pluviales, celles provenant de la fonte <a href=\"https:\/\/sgp-sa.com\/fr\/assurances-particuliers\/assurance-batiment\/\" title=\"Read more on L\u2019assurance B\u00e2timent\" class=\"more-link\">read more<\/a><\/p>\n","protected":false},"excerpt":{"rendered":"<p>L\u2019assurance B\u00e2timent L\u2019assurance b\u00e2timent couvre tous les risques importants, tels que les dommages caus\u00e9s par l\u2019incendie, les forces de la nature, les d\u00e9g\u00e2ts d\u2019eau et les bris de glace. Des compl\u00e9ments peuvent tr\u00e8s souvent \u00eatre inclus dans le contrat, tels que, par exemple:&nbsp; les frais de d\u00e9gagement d\u2019une conduite ayant saut\u00e9 ou d\u00e9fectueux, la perte &hellip;<\/p>\n","protected":false},"author":2,"featured_media":0,"parent":2484,"menu_order":0,"comment_status":"closed","ping_status":"closed","template":"","meta":{"footnotes":""},"_links":{"self":[{"href":"https:\/\/sgp-sa.com\/fr\/wp-json\/wp\/v2\/pages\/2354"}],"collection":[{"href":"https:\/\/sgp-sa.com\/fr\/wp-json\/wp\/v2\/pages"}],"about":[{"href":"https:\/\/sgp-sa.com\/fr\/wp-json\/wp\/v2\/types\/page"}],"author":[{"embeddable":true,"href":"https:\/\/sgp-sa.com\/fr\/wp-json\/wp\/v2\/users\/2"}],"replies":[{"embeddable":true,"href":"https:\/\/sgp-sa.com\/fr\/wp-json\/wp\/v2\/comments?post=2354"}],"version-history":[{"count":0,"href":"https:\/\/sgp-sa.com\/fr\/wp-json\/wp\/v2\/pages\/2354\/revisions"}],"up":[{"embeddable":true,"href":"https:\/\/sgp-sa.com\/fr\/wp-json\/wp\/v2\/pages\/2484"}],"wp:attachment":[{"href":"https:\/\/sgp-sa.com\/fr\/wp-json\/wp\/v2\/media?parent=2354"}],"curies":[{"name":"wp","href":"https:\/\/api.w.org\/{rel}","templated":true}]}}