{"id":2343,"date":"2018-11-07T14:47:59","date_gmt":"2018-11-07T14:47:59","guid":{"rendered":"https:\/\/www.sgp-sa.com\/?page_id=2343"},"modified":"2019-09-12T10:38:44","modified_gmt":"2019-09-12T10:38:44","slug":"assurance-responsabilite-civile-privee","status":"publish","type":"page","link":"https:\/\/sgp-sa.com\/fr\/assurances-particuliers\/assurance-responsabilite-civile-privee\/","title":{"rendered":"Assurance Responsabilit\u00e9 Civile Priv\u00e9e"},"content":{"rendered":"<p>Assurance Responsabilit\u00e9 Civile Priv\u00e9e Votre responsabilit\u00e9 civile est engag\u00e9e lorsque vous causez, de mani\u00e8re volontaire ou non, un dommage \u00e0 quelqu\u2019un. Vous avez alors l\u2019obligation de le r\u00e9parer. Votre responsabilit\u00e9 civile est \u00e9galement engag\u00e9e quand des personnes, des animaux ou des choses dont vous avez la responsabilit\u00e9 causent un dommage \u00e0 autrui. Ainsi, si vous cassez les lunettes de votre coll\u00e8gue, si votre enfant brise le carreau de votre voisin en jouant au ballon, si votre chien agresse un passant dans la rue et d\u00e9chire son manteau de cuir tout neuf ou encore si un pot de fleurs tombe de votre balcon et ab\u00eeme la voiture parqu\u00e9e en dessous, alors votre responsabilit\u00e9 civile sera engag\u00e9e. Chacun est responsable \u00e0 hauteur de la totalit\u00e9 de sa fortune, mais aussi de ses revenus actuels et futurs. C\u2019est pourquoi il est important de souscrire une assurance responsabilit\u00e9 civile priv\u00e9e, pour vous et votre famille. Besoin de plus d&#8217;informations ? Remplissez ce formulaire et nous vous contacterons rapidement. &nbsp; &nbsp; * En validant cette demande d\u2019offre, j&#8217;accepte de recevoir des mailings et je reconnais avoir pris connaissance de la POLITIQUE DE CONFIDENTIALIT\u00c9 Demander un rendez-vous Nos conseillers sp\u00e9cialis\u00e9s se feront un plaisir de vous rencontrez !<\/p>\n","protected":false},"excerpt":{"rendered":"<p>Assurance Responsabilit\u00e9 Civile Priv\u00e9e Votre responsabilit\u00e9 civile est engag\u00e9e lorsque vous causez, de mani\u00e8re volontaire ou non, un dommage \u00e0 quelqu\u2019un. Vous avez alors l\u2019obligation de le r\u00e9parer. Votre responsabilit\u00e9 civile est \u00e9galement engag\u00e9e quand des personnes, des animaux ou des choses dont vous avez la responsabilit\u00e9 causent un dommage \u00e0 autrui. Ainsi, si vous &hellip;<\/p>\n","protected":false},"author":2,"featured_media":0,"parent":2484,"menu_order":0,"comment_status":"closed","ping_status":"closed","template":"","meta":{"footnotes":""},"_links":{"self":[{"href":"https:\/\/sgp-sa.com\/fr\/wp-json\/wp\/v2\/pages\/2343"}],"collection":[{"href":"https:\/\/sgp-sa.com\/fr\/wp-json\/wp\/v2\/pages"}],"about":[{"href":"https:\/\/sgp-sa.com\/fr\/wp-json\/wp\/v2\/types\/page"}],"author":[{"embeddable":true,"href":"https:\/\/sgp-sa.com\/fr\/wp-json\/wp\/v2\/users\/2"}],"replies":[{"embeddable":true,"href":"https:\/\/sgp-sa.com\/fr\/wp-json\/wp\/v2\/comments?post=2343"}],"version-history":[{"count":0,"href":"https:\/\/sgp-sa.com\/fr\/wp-json\/wp\/v2\/pages\/2343\/revisions"}],"up":[{"embeddable":true,"href":"https:\/\/sgp-sa.com\/fr\/wp-json\/wp\/v2\/pages\/2484"}],"wp:attachment":[{"href":"https:\/\/sgp-sa.com\/fr\/wp-json\/wp\/v2\/media?parent=2343"}],"curies":[{"name":"wp","href":"https:\/\/api.w.org\/{rel}","templated":true}]}}