{"id":2328,"date":"2018-11-07T13:51:17","date_gmt":"2018-11-07T13:51:17","guid":{"rendered":"https:\/\/www.sgp-sa.com\/?page_id=2328"},"modified":"2019-03-14T01:00:32","modified_gmt":"2019-03-14T01:00:32","slug":"assurance-menage","status":"publish","type":"page","link":"https:\/\/sgp-sa.com\/fr\/assurances-particuliers\/assurance-menage\/","title":{"rendered":"Assurance m\u00e9nage"},"content":{"rendered":"<p>Assurance m\u00e9nage Besoins de plus d&#8217;informations ? Remplissez ce formulaire et nous vous contacterons rapidement. &nbsp; &nbsp; * En validant cette demande d\u2019offre, j&#8217;accepte de recevoir des mailings et je reconnais avoir pris connaissance de la POLITIQUE DE CONFIDENTIALIT\u00c9 Demander un rendez-vous Nos conseillers sp\u00e9cialis\u00e9s se feront un plaisir de vous rencontrez !<\/p>\n","protected":false},"excerpt":{"rendered":"<p>Assurance m\u00e9nage Besoins de plus d&#8217;informations ? Remplissez ce formulaire et nous vous contacterons rapidement. &nbsp; &nbsp; * En validant cette demande d\u2019offre, j&#8217;accepte de recevoir des mailings et je reconnais avoir pris connaissance de la POLITIQUE DE CONFIDENTIALIT\u00c9 Demander un rendez-vous Nos conseillers sp\u00e9cialis\u00e9s se feront un plaisir de vous rencontrez !<\/p>\n","protected":false},"author":2,"featured_media":0,"parent":2484,"menu_order":0,"comment_status":"closed","ping_status":"closed","template":"","meta":{"footnotes":""},"_links":{"self":[{"href":"https:\/\/sgp-sa.com\/fr\/wp-json\/wp\/v2\/pages\/2328"}],"collection":[{"href":"https:\/\/sgp-sa.com\/fr\/wp-json\/wp\/v2\/pages"}],"about":[{"href":"https:\/\/sgp-sa.com\/fr\/wp-json\/wp\/v2\/types\/page"}],"author":[{"embeddable":true,"href":"https:\/\/sgp-sa.com\/fr\/wp-json\/wp\/v2\/users\/2"}],"replies":[{"embeddable":true,"href":"https:\/\/sgp-sa.com\/fr\/wp-json\/wp\/v2\/comments?post=2328"}],"version-history":[{"count":0,"href":"https:\/\/sgp-sa.com\/fr\/wp-json\/wp\/v2\/pages\/2328\/revisions"}],"up":[{"embeddable":true,"href":"https:\/\/sgp-sa.com\/fr\/wp-json\/wp\/v2\/pages\/2484"}],"wp:attachment":[{"href":"https:\/\/sgp-sa.com\/fr\/wp-json\/wp\/v2\/media?parent=2328"}],"curies":[{"name":"wp","href":"https:\/\/api.w.org\/{rel}","templated":true}]}}