{"id":2291,"date":"2018-11-07T10:45:46","date_gmt":"2018-11-07T10:45:46","guid":{"rendered":"https:\/\/www.sgp-sa.com\/?page_id=2291"},"modified":"2019-04-28T22:38:56","modified_gmt":"2019-04-28T22:38:56","slug":"assurance-voiture","status":"publish","type":"page","link":"https:\/\/sgp-sa.com\/fr\/assurances-particuliers\/assurance-voiture\/","title":{"rendered":"Assurance voiture"},"content":{"rendered":"<p>Assurance voiture La mobilit\u00e9 est un gage de libert\u00e9. Que votre voiture soit pour vous un simple moyen de transport, un outil de travail, un hobby ou un moyen d\u2019\u00e9vasion. C\u2019est \u00e0 la fois une source de satisfaction et une condition sine qua non pour pouvoir affronter le quotidien. A l\u2019heure d\u2019aujourd\u2019hui, le trafic routier comporte des risques de plus en plus \u00e9lev\u00e9s. Les produits d\u2019assurance offrent dans tous les cas une souplesse d\u2019utilisation et une protection \u00e0 la carte. Ceci \u00e9tant en rapport avec les conditions de circulation, mais aussi essentiellement \u00e0 cause de la d\u00e9r\u00e9glementation de l\u2019assurance v\u00e9hicule \u00e0 moteur. D\u2019une compagnie d\u2019assurances \u00e0 une autre, il existe de notables diff\u00e9rences en ce qui concerne le montant des primes, l\u2019acceptation des risques, l\u2019importance du rabais en fonction de l\u2019exp\u00e9rience du conducteur, de son \u00e2ge, de son sexe, ainsi que les degr\u00e9s du syst\u00e8me de bonus\/malus et de la prime de base des soci\u00e9t\u00e9s. Une comparaison en temps opportun et un entretien valent la peine, sp\u00e9cialement lorsque l\u2019on peut se pr\u00e9valoir d\u2019une exp\u00e9rience de conducteur de plusieurs ann\u00e9es sans accident. Les primes, adapt\u00e9es aux risques, m\u00e9nagent votre budget. Selon votre situation, lors de la survenance du sinistre, vous pouvez b\u00e9n\u00e9ficier d\u2019une protection de bonus. Vous payez trop cher votre assurance voiture ? Vous n\u2019\u00eates pas satisfait du r\u00e8glement de votre dernier sinistre ? Ou tout simplement vous voulez comparer les offres du moment ? N\u2019h\u00e9sitez plus, cliquer sur la demande d\u2019offre ci-dessous et compl\u00e9ter le formulaire, nous pourrons ainsi vous soumettre les meilleures offres de nos partenaires ! Besoin de plus d&#8217;informations ? Remplissez ce formulaire et nous vous <a href=\"https:\/\/sgp-sa.com\/fr\/assurances-particuliers\/assurance-voiture\/\" title=\"Read more on Assurance voiture\" class=\"more-link\">read more<\/a><\/p>\n","protected":false},"excerpt":{"rendered":"<p>Assurance voiture La mobilit\u00e9 est un gage de libert\u00e9. Que votre voiture soit pour vous un simple moyen de transport, un outil de travail, un hobby ou un moyen d\u2019\u00e9vasion. C\u2019est \u00e0 la fois une source de satisfaction et une condition sine qua non pour pouvoir affronter le quotidien. A l\u2019heure d\u2019aujourd\u2019hui, le trafic routier &hellip;<\/p>\n","protected":false},"author":2,"featured_media":0,"parent":2484,"menu_order":0,"comment_status":"closed","ping_status":"closed","template":"","meta":{"footnotes":""},"_links":{"self":[{"href":"https:\/\/sgp-sa.com\/fr\/wp-json\/wp\/v2\/pages\/2291"}],"collection":[{"href":"https:\/\/sgp-sa.com\/fr\/wp-json\/wp\/v2\/pages"}],"about":[{"href":"https:\/\/sgp-sa.com\/fr\/wp-json\/wp\/v2\/types\/page"}],"author":[{"embeddable":true,"href":"https:\/\/sgp-sa.com\/fr\/wp-json\/wp\/v2\/users\/2"}],"replies":[{"embeddable":true,"href":"https:\/\/sgp-sa.com\/fr\/wp-json\/wp\/v2\/comments?post=2291"}],"version-history":[{"count":0,"href":"https:\/\/sgp-sa.com\/fr\/wp-json\/wp\/v2\/pages\/2291\/revisions"}],"up":[{"embeddable":true,"href":"https:\/\/sgp-sa.com\/fr\/wp-json\/wp\/v2\/pages\/2484"}],"wp:attachment":[{"href":"https:\/\/sgp-sa.com\/fr\/wp-json\/wp\/v2\/media?parent=2291"}],"curies":[{"name":"wp","href":"https:\/\/api.w.org\/{rel}","templated":true}]}}