{"id":18,"date":"2016-09-27T07:51:22","date_gmt":"2016-09-27T07:51:22","guid":{"rendered":"https:\/\/sgp.tactilpad.ch\/?page_id=18"},"modified":"2024-02-08T16:50:03","modified_gmt":"2024-02-08T15:50:03","slug":"contacts","status":"publish","type":"page","link":"https:\/\/sgp-sa.com\/fr\/contacts\/","title":{"rendered":"Contacts"},"content":{"rendered":"<p>Vous avez besoin de plus d\u2019informations ? Remplissez ce formulaire et nous vous contacterons rapidement : * En validant cette demande, j&#8217;accepte de recevoir des mailings et je reconnais avoir pris connaissance de la POLITIQUE DE CONFIDENTIALIT\u00c9 Contact T\u00e9l\u00e9phone: +41(22)7526880 Email: info@sgp-sa.com (plus\u2026)<\/p>\n","protected":false},"excerpt":{"rendered":"<p>Vous avez besoin de plus d\u2019informations ? Remplissez ce formulaire et nous vous contacterons rapidement : * En validant cette demande, j&#8217;accepte de recevoir des mailings et je reconnais avoir pris connaissance de la POLITIQUE DE CONFIDENTIALIT\u00c9 Contact T\u00e9l\u00e9phone: +41(22)7526880 Email: info@sgp-sa.com<\/p>\n","protected":false},"author":2,"featured_media":0,"parent":0,"menu_order":0,"comment_status":"closed","ping_status":"closed","template":"","meta":{"footnotes":""},"_links":{"self":[{"href":"https:\/\/sgp-sa.com\/fr\/wp-json\/wp\/v2\/pages\/18"}],"collection":[{"href":"https:\/\/sgp-sa.com\/fr\/wp-json\/wp\/v2\/pages"}],"about":[{"href":"https:\/\/sgp-sa.com\/fr\/wp-json\/wp\/v2\/types\/page"}],"author":[{"embeddable":true,"href":"https:\/\/sgp-sa.com\/fr\/wp-json\/wp\/v2\/users\/2"}],"replies":[{"embeddable":true,"href":"https:\/\/sgp-sa.com\/fr\/wp-json\/wp\/v2\/comments?post=18"}],"version-history":[{"count":29,"href":"https:\/\/sgp-sa.com\/fr\/wp-json\/wp\/v2\/pages\/18\/revisions"}],"predecessor-version":[{"id":9574,"href":"https:\/\/sgp-sa.com\/fr\/wp-json\/wp\/v2\/pages\/18\/revisions\/9574"}],"wp:attachment":[{"href":"https:\/\/sgp-sa.com\/fr\/wp-json\/wp\/v2\/media?parent=18"}],"curies":[{"name":"wp","href":"https:\/\/api.w.org\/{rel}","templated":true}]}}