{"id":4347,"date":"2018-11-30T11:49:37","date_gmt":"2018-11-30T11:49:37","guid":{"rendered":"http:\/\/sgp-sa.com\/?post_type=product&#038;p=4347"},"modified":"2019-03-04T22:02:38","modified_gmt":"2019-03-04T22:02:38","slug":"paiement-en-ligne","status":"publish","type":"product","link":"https:\/\/sgp-sa.com\/en\/product\/paiement-en-ligne\/","title":{"rendered":"Creation of a society S\u00e0rl"},"content":{"rendered":"<h3>Nous proposons de cr\u00e9er votre soci\u00e9t\u00e9 SARL a un tarif de 2\u2019200.- Chf* avec les prestations suivante :<\/h3>\n<h3>&#8211; Frais de notaire<br \/>\n&#8211; Frais de registre de commerce<br \/>\n&#8211; Frais d\u2019ouverture de compte de consignation<br \/>\n&#8211; Frais administratif<\/h3>\n<p><!--more--><\/p>\n<h3><!--more--><\/h3>\n<h3>Nous offrons \u00e9galement des formules\u00a0compl\u00e8tes pour la cr\u00e9ation de votre soci\u00e9t\u00e9 en SARL ( soci\u00e9t\u00e9 \u00e0 responsabilit\u00e9 limit\u00e9e ) \u00e0 un tarif comp\u00e9titif.<\/h3>\n<h3>Plusieurs solutions sont propos\u00e9es, de la cr\u00e9ation de la soci\u00e9t\u00e9 \u00e0 la gestion compl\u00e8te de votre soci\u00e9t\u00e9, en vous offrant une formule clef en main avec l\u2019enregistrement de votre soci\u00e9t\u00e9, la cr\u00e9ation de votre site internet et les adresse emails, le soutien administratif, la domiciliation, la gestion et la redistribution de votre courrier, la mise \u00e0 disposition d\u2019un num\u00e9ro de t\u00e9l\u00e9phone avec la possibilit\u00e9 d\u2019une d\u00e9viation sur votre smartphone ou sur notre centre d\u2019appel qui vous enverra par email les messages re\u00e7u par vos clients, la gestion de vos formulaires de contact sur votre site internet, le referencement de votre site, et d\u2019autres services \u00e0 la carte.<\/h3>\n<h3><!--more--><\/h3>\n<h3><!--more--><\/h3>\n<h3>* Vous devrez verser par vos propre moyen la sommes n\u00e9cessaire sur votre compte de consignation pour la constitution du capital de la soci\u00e9t\u00e9 soit 20\u2019000.- Chf<\/h3>","protected":false},"excerpt":{"rendered":"<p><u>Package for the creation of a society S\u00e0rl<\/u><\/p>","protected":false},"featured_media":2284,"template":"","meta":[],"product_cat":[110],"product_tag":[],"_links":{"self":[{"href":"https:\/\/sgp-sa.com\/en\/wp-json\/wp\/v2\/product\/4347"}],"collection":[{"href":"https:\/\/sgp-sa.com\/en\/wp-json\/wp\/v2\/product"}],"about":[{"href":"https:\/\/sgp-sa.com\/en\/wp-json\/wp\/v2\/types\/product"}],"wp:featuredmedia":[{"embeddable":true,"href":"https:\/\/sgp-sa.com\/en\/wp-json\/wp\/v2\/media\/2284"}],"wp:attachment":[{"href":"https:\/\/sgp-sa.com\/en\/wp-json\/wp\/v2\/media?parent=4347"}],"wp:term":[{"taxonomy":"product_cat","embeddable":true,"href":"https:\/\/sgp-sa.com\/en\/wp-json\/wp\/v2\/product_cat?post=4347"},{"taxonomy":"product_tag","embeddable":true,"href":"https:\/\/sgp-sa.com\/en\/wp-json\/wp\/v2\/product_tag?post=4347"}],"curies":[{"name":"wp","href":"https:\/\/api.w.org\/{rel}","templated":true}]}}