{"id":969,"date":"2016-12-21T17:52:56","date_gmt":"2016-12-21T17:52:56","guid":{"rendered":"https:\/\/sgp.tactilpad.ch\/?page_id=969"},"modified":"2019-03-14T01:12:54","modified_gmt":"2019-03-14T01:12:54","slug":"request-an-appointment","status":"publish","type":"page","link":"https:\/\/sgp-sa.com\/en\/request-an-appointment\/","title":{"rendered":"Estimate your health insurance"},"content":{"rendered":"<p>Vous d\u00e9sirez recevoir une offre comp\u00e8te et d\u00e9taill\u00e9e, veuillez remplir le formulaire de contact ci-dessous Besoins de plus d&#8217;informations ? Remplissez ce formulaire et nous vous contacterons rapidement. &nbsp; &nbsp; * En validant cette demande d\u2019offre, j&#8217;accepte de recevoir des mailings et je reconnais avoir pris connaissance de la POLITIQUE DE CONFIDENTIALIT\u00c9 Demander un rendez-vous Nos conseillers sp\u00e9cialis\u00e9s se feront un plaisir de vous rencontrez !<\/p>","protected":false},"excerpt":{"rendered":"<p>Vous d\u00e9sirez recevoir une offre comp\u00e8te et d\u00e9taill\u00e9e, veuillez remplir le formulaire de contact ci-dessous Besoins de plus d&#8217;informations ? Remplissez ce formulaire et nous vous contacterons rapidement. &nbsp; &nbsp; * En validant cette demande d\u2019offre, j&#8217;accepte de recevoir des mailings et je reconnais avoir pris connaissance de la POLITIQUE DE CONFIDENTIALIT\u00c9 Demander un rendez-vous &hellip;<\/p>","protected":false},"author":2,"featured_media":0,"parent":0,"menu_order":0,"comment_status":"closed","ping_status":"closed","template":"","meta":{"footnotes":""},"_links":{"self":[{"href":"https:\/\/sgp-sa.com\/en\/wp-json\/wp\/v2\/pages\/969"}],"collection":[{"href":"https:\/\/sgp-sa.com\/en\/wp-json\/wp\/v2\/pages"}],"about":[{"href":"https:\/\/sgp-sa.com\/en\/wp-json\/wp\/v2\/types\/page"}],"author":[{"embeddable":true,"href":"https:\/\/sgp-sa.com\/en\/wp-json\/wp\/v2\/users\/2"}],"replies":[{"embeddable":true,"href":"https:\/\/sgp-sa.com\/en\/wp-json\/wp\/v2\/comments?post=969"}],"version-history":[{"count":0,"href":"https:\/\/sgp-sa.com\/en\/wp-json\/wp\/v2\/pages\/969\/revisions"}],"wp:attachment":[{"href":"https:\/\/sgp-sa.com\/en\/wp-json\/wp\/v2\/media?parent=969"}],"curies":[{"name":"wp","href":"https:\/\/api.w.org\/{rel}","templated":true}]}}