{"id":817,"date":"2016-12-01T10:16:05","date_gmt":"2016-12-01T10:16:05","guid":{"rendered":"https:\/\/sgp.tactilpad.ch\/?page_id=817"},"modified":"2024-02-08T16:20:21","modified_gmt":"2024-02-08T15:20:21","slug":"services","status":"publish","type":"page","link":"https:\/\/sgp-sa.com\/en\/services\/","title":{"rendered":"Services"},"content":{"rendered":"<p>SERVICES Gr\u00e2ce \u00e0 nos partenaires nous avons une gamme compl\u00e8te de toutes les prestations d&#8217;assurance possibles et imaginables que nous pouvons vous offrir, et dont nos clients ont pu d\u00e9j\u00e0 appr\u00e9ci\u00e9s\u00a0 ! Besoins de plus d&#8217;informations ? Remplissez ce formulaire et nous vous contacteront rapidement. \u00a0 Demander un rendez-vous Nos conseillers sp\u00e9cialis\u00e9s se feront un plaisirs de vous rencontrez !<\/p>","protected":false},"excerpt":{"rendered":"<p>SERVICES Gr\u00e2ce \u00e0 nos partenaires nous avons une gamme compl\u00e8te de toutes les prestations d&#8217;assurance possibles et imaginables que nous pouvons vous offrir, et dont nos clients ont pu d\u00e9j\u00e0 appr\u00e9ci\u00e9s\u00a0 ! Besoins de plus d&#8217;informations ? Remplissez ce formulaire et nous vous contacteront rapidement. \u00a0 Demander un rendez-vous Nos conseillers sp\u00e9cialis\u00e9s se feront un &hellip;<\/p>","protected":false},"author":2,"featured_media":0,"parent":0,"menu_order":0,"comment_status":"closed","ping_status":"closed","template":"","meta":{"footnotes":""},"_links":{"self":[{"href":"https:\/\/sgp-sa.com\/en\/wp-json\/wp\/v2\/pages\/817"}],"collection":[{"href":"https:\/\/sgp-sa.com\/en\/wp-json\/wp\/v2\/pages"}],"about":[{"href":"https:\/\/sgp-sa.com\/en\/wp-json\/wp\/v2\/types\/page"}],"author":[{"embeddable":true,"href":"https:\/\/sgp-sa.com\/en\/wp-json\/wp\/v2\/users\/2"}],"replies":[{"embeddable":true,"href":"https:\/\/sgp-sa.com\/en\/wp-json\/wp\/v2\/comments?post=817"}],"version-history":[{"count":3,"href":"https:\/\/sgp-sa.com\/en\/wp-json\/wp\/v2\/pages\/817\/revisions"}],"predecessor-version":[{"id":9545,"href":"https:\/\/sgp-sa.com\/en\/wp-json\/wp\/v2\/pages\/817\/revisions\/9545"}],"wp:attachment":[{"href":"https:\/\/sgp-sa.com\/en\/wp-json\/wp\/v2\/media?parent=817"}],"curies":[{"name":"wp","href":"https:\/\/api.w.org\/{rel}","templated":true}]}}