{"id":8,"date":"2016-09-27T07:46:55","date_gmt":"2016-09-27T07:46:55","guid":{"rendered":"https:\/\/sgp.tactilpad.ch\/?page_id=8"},"modified":"2021-09-26T02:04:08","modified_gmt":"2021-09-26T00:04:08","slug":"nos-collaborateurs","status":"publish","type":"page","link":"https:\/\/sgp-sa.com\/en\/nos-collaborateurs\/","title":{"rendered":"Our team"},"content":{"rendered":"<p>Nos Collaborateurs Tous nos conseillers sont qualifi\u00e9s pour vous offrir un conseil global ainsi qu&#8217;une analyse compl\u00e8te de votre situation actuelle! Besoin de plus d\u2019information ? Remplissez ce formulaire et nous vous contacterons rapidement. * En validant cette demande d\u2019offre, j&#8217;accepte de recevoir des mailings et je reconnais avoir pris connaissance de la POLITIQUE DE CONFIDENTIALIT\u00c9 Prendre un rendez-vous Nos conseillers sp\u00e9cialis\u00e9s se feront un plaisir de vous rencontrer !<\/p>","protected":false},"excerpt":{"rendered":"","protected":false},"author":2,"featured_media":0,"parent":0,"menu_order":0,"comment_status":"closed","ping_status":"closed","template":"","meta":{"footnotes":""},"_links":{"self":[{"href":"https:\/\/sgp-sa.com\/en\/wp-json\/wp\/v2\/pages\/8"}],"collection":[{"href":"https:\/\/sgp-sa.com\/en\/wp-json\/wp\/v2\/pages"}],"about":[{"href":"https:\/\/sgp-sa.com\/en\/wp-json\/wp\/v2\/types\/page"}],"author":[{"embeddable":true,"href":"https:\/\/sgp-sa.com\/en\/wp-json\/wp\/v2\/users\/2"}],"replies":[{"embeddable":true,"href":"https:\/\/sgp-sa.com\/en\/wp-json\/wp\/v2\/comments?post=8"}],"version-history":[{"count":1,"href":"https:\/\/sgp-sa.com\/en\/wp-json\/wp\/v2\/pages\/8\/revisions"}],"predecessor-version":[{"id":9225,"href":"https:\/\/sgp-sa.com\/en\/wp-json\/wp\/v2\/pages\/8\/revisions\/9225"}],"wp:attachment":[{"href":"https:\/\/sgp-sa.com\/en\/wp-json\/wp\/v2\/media?parent=8"}],"curies":[{"name":"wp","href":"https:\/\/api.w.org\/{rel}","templated":true}]}}