{"id":6954,"date":"2019-03-09T12:43:59","date_gmt":"2019-03-09T12:43:59","guid":{"rendered":"https:\/\/sgp-sa.com\/?page_id=6954"},"modified":"2019-03-10T18:05:54","modified_gmt":"2019-03-10T18:05:54","slug":"testimonial","status":"publish","type":"page","link":"https:\/\/sgp-sa.com\/en\/testimonial\/","title":{"rendered":"Testimonial"},"content":{"rendered":"<p>T\u00e9moignages Gr\u00e2ce \u00e0 SGP j&#8217;ai pu modifier mon assurance maladie et l&#8217;adapter suite \u00e0 l&#8217;analyse compl\u00e8te de ma situation en incluant les couvertures ont j&#8217;avais besoin ! Ayant subis quelques sinistres je me suis retrouv\u00e9 dans une situation des plus d\u00e9licates mais Swiss Group &amp; Partners Sarl a su me rassurer et me trouver une compagnie assurance qui m&#8217;a accept\u00e9 avec mes ant\u00e9c\u00e9dents a des conditions avantageuses. Je ne peux que recommander cette super \u00e9quipe qui vous accueillera dans leur bureau au centre de Gen\u00e8ve. J&#8217;ai fais appel \u00e0 Swiss Group &amp; Partners Sarl suite au conseil d&#8217;un ami car j&#8217;avais besoin d&#8217;assurances pour mon nouveau restaurant, et j&#8217;ai \u00e9t\u00e9 enti\u00e8rement satisfait de leurs professionnalisme et de leurs analyse qui m&#8217;a permise de d\u00e9tecter certains aspect que je n&#8217;avais pas envisag\u00e9 et dont j&#8217;ai pu me pr\u00e9munir en souscrivant les couvertures d&#8217;assurances pour m&#8217;en prot\u00e9ger ! Je remercie toute l&#8217;\u00e9quipe pour le travail qu&#8217;ils ont fournis. Nos chiffres<\/p>","protected":false},"excerpt":{"rendered":"<p>T\u00e9moignages Gr\u00e2ce \u00e0 SGP j&#8217;ai pu modifier mon assurance maladie et l&#8217;adapter suite \u00e0 l&#8217;analyse compl\u00e8te de ma situation en incluant les couvertures ont j&#8217;avais besoin ! Ayant subis quelques sinistres je me suis retrouv\u00e9 dans une situation des plus d\u00e9licates mais Swiss Group &amp; Partners Sarl a su me rassurer et me trouver une &hellip;<\/p>","protected":false},"author":2,"featured_media":0,"parent":0,"menu_order":0,"comment_status":"closed","ping_status":"closed","template":"","meta":{"footnotes":""},"_links":{"self":[{"href":"https:\/\/sgp-sa.com\/en\/wp-json\/wp\/v2\/pages\/6954"}],"collection":[{"href":"https:\/\/sgp-sa.com\/en\/wp-json\/wp\/v2\/pages"}],"about":[{"href":"https:\/\/sgp-sa.com\/en\/wp-json\/wp\/v2\/types\/page"}],"author":[{"embeddable":true,"href":"https:\/\/sgp-sa.com\/en\/wp-json\/wp\/v2\/users\/2"}],"replies":[{"embeddable":true,"href":"https:\/\/sgp-sa.com\/en\/wp-json\/wp\/v2\/comments?post=6954"}],"version-history":[{"count":0,"href":"https:\/\/sgp-sa.com\/en\/wp-json\/wp\/v2\/pages\/6954\/revisions"}],"wp:attachment":[{"href":"https:\/\/sgp-sa.com\/en\/wp-json\/wp\/v2\/media?parent=6954"}],"curies":[{"name":"wp","href":"https:\/\/api.w.org\/{rel}","templated":true}]}}