{"id":6,"date":"2016-09-27T07:46:39","date_gmt":"2016-09-27T07:46:39","guid":{"rendered":"https:\/\/sgp.tactilpad.ch\/?page_id=6"},"modified":"2024-02-08T14:54:01","modified_gmt":"2024-02-08T13:54:01","slug":"a-propos","status":"publish","type":"page","link":"https:\/\/sgp-sa.com\/en\/a-propos\/","title":{"rendered":"About"},"content":{"rendered":"<p>Qui sommes-nous ? Swiss Group &amp; Partners Sarl est une soci\u00e9t\u00e9 de courtage en assurances. Votre \u00e9quipe de sp\u00e9cialistes est au b\u00e9n\u00e9fice de plusieurs ann\u00e9es d\u2019exp\u00e9rience dans le domaine. Adaptabilit\u00e9, disponibilit\u00e9, \u00e9coute et confiance sont nos ma\u00eetres-mots. N\u2019h\u00e9sitez pas \u00e0 contacter l\u2019un de nos sp\u00e9cialistes qui se fera un plaisir de vous accompagner, de vous conseiller dans le processus de prises de d\u00e9cision li\u00e9es aux risques de la vie, priv\u00e9e et professionnelle. Pourquoi nous choisir &nbsp; Swiss Group &amp; Partners vous propose d\u2019analyser votre situation actuelle et de d\u00e9terminer vos besoins en assurances, nous pourrons ainsi \u00e9tudier vos contrats et vous pr\u00e9senter des solutions am\u00e9lior\u00e9es qui combleront vos lacunes ou simplement comparer vos&nbsp;prestations actuelles avec les produits de nos partenaires. Swiss Group &amp; Partners Sarl est votre partenaire id\u00e9al pour la gestion de vos risques et de votre portefeuille d\u2019assurances. Nous identifions et analysons vos besoins, cherchons les meilleures solutions du march\u00e9, contr\u00f4lons vos primes et traitons vos formalit\u00e9s administratives. Swiss Group &amp; Partners vous propose d\u2019\u00eatre votre seul et unique interlocuteur&nbsp;pour tous vos contrats d\u2019assurances. Vous n\u2019aurez plus \u00e0 vous pr\u00e9occuper de faire le tour des compagnies pour trouver l\u2019offre id\u00e9ale. Nous le faisons pour vous et nous nous occupons \u00e9galement de toute la gestion de votre portefeuille d\u2019assurances. &nbsp; &nbsp; &nbsp; If only there was a way to have a sound backup plan, in case something goes wrong. Ah, Insurance! Mahatma Gandhi AVIS GOOGLE Swiss Group &#038; Partners S\u00e0rl 37 avis Google \u00c9crire un avis Krimo Vic 2023-10-02 Tr\u00e8s sympa le Phillipe \ud83d\udc4d\ud83d\udc4d\ud83d\udc4d Onur Oguzhan 2023-07-26 Always very helpful to work with Chedlia K L 2023-06-23 Merci Chedlia <a href=\"https:\/\/sgp-sa.com\/en\/a-propos\/\" title=\"Read more on A propos\" class=\"more-link\">read more<\/a><\/p>","protected":false},"excerpt":{"rendered":"<p>Qui sommes-nous ? Swiss Group &amp; Partners Sarl est une soci\u00e9t\u00e9 de courtage en assurances. Votre \u00e9quipe de sp\u00e9cialistes est au b\u00e9n\u00e9fice de plusieurs ann\u00e9es d\u2019exp\u00e9rience dans le domaine. Adaptabilit\u00e9, disponibilit\u00e9, \u00e9coute et confiance sont nos ma\u00eetres-mots. N\u2019h\u00e9sitez pas \u00e0 contacter l\u2019un de nos sp\u00e9cialistes qui se fera un plaisir de vous accompagner, de vous &hellip;<\/p>","protected":false},"author":2,"featured_media":0,"parent":0,"menu_order":0,"comment_status":"closed","ping_status":"closed","template":"","meta":{"footnotes":""},"_links":{"self":[{"href":"https:\/\/sgp-sa.com\/en\/wp-json\/wp\/v2\/pages\/6"}],"collection":[{"href":"https:\/\/sgp-sa.com\/en\/wp-json\/wp\/v2\/pages"}],"about":[{"href":"https:\/\/sgp-sa.com\/en\/wp-json\/wp\/v2\/types\/page"}],"author":[{"embeddable":true,"href":"https:\/\/sgp-sa.com\/en\/wp-json\/wp\/v2\/users\/2"}],"replies":[{"embeddable":true,"href":"https:\/\/sgp-sa.com\/en\/wp-json\/wp\/v2\/comments?post=6"}],"version-history":[{"count":4,"href":"https:\/\/sgp-sa.com\/en\/wp-json\/wp\/v2\/pages\/6\/revisions"}],"predecessor-version":[{"id":9528,"href":"https:\/\/sgp-sa.com\/en\/wp-json\/wp\/v2\/pages\/6\/revisions\/9528"}],"wp:attachment":[{"href":"https:\/\/sgp-sa.com\/en\/wp-json\/wp\/v2\/media?parent=6"}],"curies":[{"name":"wp","href":"https:\/\/api.w.org\/{rel}","templated":true}]}}