{"id":5686,"date":"2019-02-08T17:44:31","date_gmt":"2019-02-08T17:44:31","guid":{"rendered":"https:\/\/sgp-sa.com\/?page_id=5686"},"modified":"2019-02-08T17:44:31","modified_gmt":"2019-02-08T17:44:31","slug":"assurance-credit","status":"publish","type":"page","link":"https:\/\/sgp-sa.com\/en\/assurance-credit\/","title":{"rendered":"Assurance cr\u00e9dit"},"content":{"rendered":"<p>ASSURANCE CR\u00c9DIT COUVERTURE EFFICACE CONTRE L\u2019INSOLVABILIT\u00c9 DE VOS CLIENTS Avec l\u2019assurance cr\u00e9dit, vous couvrez votre entreprise contre les cons\u00e9quences financi\u00e8res en cas d\u2019insolvabilit\u00e9 de vos clients. Transactions \u00e0 l\u2019export ou sur le march\u00e9 domestique, produits ou services\u00a0: avec cette solution, assurez-vous efficacement contre les d\u00e9faillances de vos d\u00e9biteurs. Aper\u00e7u des prestations L\u2019assurance cr\u00e9dit prot\u00e8ge votre entreprise en cas d\u2019insolvabilit\u00e9 (p. ex. apr\u00e8s faillite) et de refus de paiement de vos clients Liquidit\u00e9 sup\u00e9rieure et emprunts facilit\u00e9s aupr\u00e8s des banques La couverture de vos risques d\u00e9biteurs vous facilite l\u2019acc\u00e8s \u00e0 de nouveaux march\u00e9s Evaluation en continu de la solvabilit\u00e9 de vos acheteurs et service en ligne rapide de consultation des limites de cr\u00e9dit &nbsp; Bon \u00e0 savoir La prime annuelle de votre assurance cr\u00e9dit d\u00e9pend du chiffre d\u2019affaires annuel que vous d\u00e9clarez ainsi que des sp\u00e9cificit\u00e9s propres \u00e0 votre entreprise Votre franchise s\u2019\u00e9l\u00e8ve en g\u00e9n\u00e9ral \u00e0 10\u00a0% de la perte assur\u00e9e sur d\u00e9biteurs En d\u00e9tail L\u2019assurance cr\u00e9dit est destin\u00e9e en particulier aux entreprises exportatrices soumises \u00e0 d\u2019importants risques de d\u00e9faillances de leurs d\u00e9biteurs\u00a0; mais elle est aussi int\u00e9ressante pour toutes les autres entreprises qui veulent optimiser la gestion de leurs d\u00e9biteurs. Vos avantages pour les exportations Nous connaissons les risques et dangers sp\u00e9cifiques des exportations internationales Pour l\u2019encaissement, la plupart des compagnies d\u2019assurances travaillent dans le monde entier avec des partenaires locaux Nous pouvons \u00e9galement vous offrir des solutions assurances aussi pour les cr\u00e9ances \u00e9lev\u00e9es Gestion optimis\u00e9e des d\u00e9biteurs Les compagnies d\u2019assurances v\u00e9rifient la solvabilit\u00e9 de vos clients Pour les petits clients, nous pouvons vous proposez l\u2019assurance au forfait des risques d\u00e9biteurs Les limites de cr\u00e9dit souhait\u00e9es sont examin\u00e9es et fix\u00e9es <a href=\"https:\/\/sgp-sa.com\/en\/assurance-credit\/\" title=\"Read more on Assurance cr\u00e9dit\" class=\"more-link\">read more<\/a><\/p>","protected":false},"excerpt":{"rendered":"<p>ASSURANCE CR\u00c9DIT COUVERTURE EFFICACE CONTRE L\u2019INSOLVABILIT\u00c9 DE VOS CLIENTS Avec l\u2019assurance cr\u00e9dit, vous couvrez votre entreprise contre les cons\u00e9quences financi\u00e8res en cas d\u2019insolvabilit\u00e9 de vos clients. Transactions \u00e0 l\u2019export ou sur le march\u00e9 domestique, produits ou services\u00a0: avec cette solution, assurez-vous efficacement contre les d\u00e9faillances de vos d\u00e9biteurs. Aper\u00e7u des prestations L\u2019assurance cr\u00e9dit prot\u00e8ge votre &hellip;<\/p>","protected":false},"author":2,"featured_media":0,"parent":0,"menu_order":0,"comment_status":"closed","ping_status":"closed","template":"","meta":{"footnotes":""},"_links":{"self":[{"href":"https:\/\/sgp-sa.com\/en\/wp-json\/wp\/v2\/pages\/5686"}],"collection":[{"href":"https:\/\/sgp-sa.com\/en\/wp-json\/wp\/v2\/pages"}],"about":[{"href":"https:\/\/sgp-sa.com\/en\/wp-json\/wp\/v2\/types\/page"}],"author":[{"embeddable":true,"href":"https:\/\/sgp-sa.com\/en\/wp-json\/wp\/v2\/users\/2"}],"replies":[{"embeddable":true,"href":"https:\/\/sgp-sa.com\/en\/wp-json\/wp\/v2\/comments?post=5686"}],"version-history":[{"count":0,"href":"https:\/\/sgp-sa.com\/en\/wp-json\/wp\/v2\/pages\/5686\/revisions"}],"wp:attachment":[{"href":"https:\/\/sgp-sa.com\/en\/wp-json\/wp\/v2\/media?parent=5686"}],"curies":[{"name":"wp","href":"https:\/\/api.w.org\/{rel}","templated":true}]}}