{"id":5683,"date":"2019-02-08T17:28:40","date_gmt":"2019-02-08T17:28:40","guid":{"rendered":"https:\/\/sgp-sa.com\/?page_id=5683"},"modified":"2019-03-13T16:16:05","modified_gmt":"2019-03-13T16:16:05","slug":"assurance-pour-grands-immeubles","status":"publish","type":"page","link":"https:\/\/sgp-sa.com\/en\/assurance-pour-grands-immeubles\/","title":{"rendered":"Large building insurance"},"content":{"rendered":"<p>ASSURANCE POUR GRANDS IM\u00adMEUBLES &nbsp; S\u00c9CURISER LES BIENS IMMOBILIERS CONTRE LES RISQUES &nbsp; Qu\u2019il s\u2019agisse d\u2019un immeuble utilis\u00e9 \u00e0 des fins commerciales ou d\u2019un immeuble locatif, des dommages peuvent entra\u00eener de lourdes pertes financi\u00e8res. Avec nos solutions d\u2019assurance, vous prot\u00e9gez votre capital investi. Aper\u00e7u des prestations Votre immeuble est assur\u00e9 \u00e0 sa valeur \u00e0 neuf Solution d\u2019assurance individuelle pour l\u2019assurance principale et les assurances compl\u00e9mentaires de votre b\u00e2timent Jusqu\u2019\u00e0 50\u00a0% d\u2019\u00e9cobonus si les installations techniques utilisent les \u00e9nergies renouvelables \u00c0 savoir Assurance cantonale des b\u00e2timents\u00a0: la plupart des cantons imposent aux propri\u00e9taires d\u2019assurer leurs immeubles contre l\u2019incendie et les dommages naturels aupr\u00e8s d\u2019assurances cantonales des b\u00e2timents. Ce n\u2019est pas le cas des cantons AI, GE, OW, SZ, TI, UR, VS, GL, o\u00f9 l\u2019assurance immeubles est donc particuli\u00e8rement indiqu\u00e9e Si vous \u00eates membre de l\u2019APF-HEV en tant que particulier, vous pouvez b\u00e9n\u00e9ficier d\u2019un rabais de prime de 10\u00a0% pour l\u2019assurance de votre b\u00e2timent d\u2019entreprise avec certaines de nos compagnies d\u2019assurances partenaires En d\u00e9tail En tant que propri\u00e9taire d\u2019immeubles, vous \u00eates expos\u00e9 \u00e0 diff\u00e9rents risques\u00a0\u2013 par exemple d\u00e9g\u00e2ts d\u2019eau ou perte de revenus. L\u2019assurance de Zurich immeuble se compose de diff\u00e9rents modules. Vous choisissez votre assurance principale et vos assurances compl\u00e9mentaires selon vos besoins et vous vous couvrez ainsi contre les pertes financi\u00e8res. Votre immeuble est assur\u00e9 \u00e0 sa valeur \u00e0 neuf. L\u2019assurance immeubles s\u2019applique aux types d\u2019immeubles suivants\u00a0: Immeubles locatifs Immeubles \u00e0 usage industriel et commercial L\u2019assurance principale peut couvrir les risques suivants\u00a0: Incendie ou \u00e9v\u00e9nements naturels tels que feu, fum\u00e9e, foudre, explosion Dommages caus\u00e9s par l\u2019eau, les liquides et les gaz, le gel, le refoulement des eaux de canalisation, l\u2019eau <a href=\"https:\/\/sgp-sa.com\/en\/assurance-pour-grands-immeubles\/\" title=\"Read more on Assurance pour grands immeubles\" class=\"more-link\">read more<\/a><\/p>","protected":false},"excerpt":{"rendered":"<p>ASSURANCE POUR GRANDS IM\u00adMEUBLES &nbsp; S\u00c9CURISER LES BIENS IMMOBILIERS CONTRE LES RISQUES &nbsp; Qu\u2019il s\u2019agisse d\u2019un immeuble utilis\u00e9 \u00e0 des fins commerciales ou d\u2019un immeuble locatif, des dommages peuvent entra\u00eener de lourdes pertes financi\u00e8res. Avec nos solutions d\u2019assurance, vous prot\u00e9gez votre capital investi. Aper\u00e7u des prestations Votre immeuble est assur\u00e9 \u00e0 sa valeur \u00e0 neuf &hellip;<\/p>","protected":false},"author":2,"featured_media":0,"parent":0,"menu_order":0,"comment_status":"closed","ping_status":"closed","template":"","meta":{"footnotes":""},"_links":{"self":[{"href":"https:\/\/sgp-sa.com\/en\/wp-json\/wp\/v2\/pages\/5683"}],"collection":[{"href":"https:\/\/sgp-sa.com\/en\/wp-json\/wp\/v2\/pages"}],"about":[{"href":"https:\/\/sgp-sa.com\/en\/wp-json\/wp\/v2\/types\/page"}],"author":[{"embeddable":true,"href":"https:\/\/sgp-sa.com\/en\/wp-json\/wp\/v2\/users\/2"}],"replies":[{"embeddable":true,"href":"https:\/\/sgp-sa.com\/en\/wp-json\/wp\/v2\/comments?post=5683"}],"version-history":[{"count":0,"href":"https:\/\/sgp-sa.com\/en\/wp-json\/wp\/v2\/pages\/5683\/revisions"}],"wp:attachment":[{"href":"https:\/\/sgp-sa.com\/en\/wp-json\/wp\/v2\/media?parent=5683"}],"curies":[{"name":"wp","href":"https:\/\/api.w.org\/{rel}","templated":true}]}}