{"id":5311,"date":"2019-01-28T22:29:09","date_gmt":"2019-01-28T22:29:09","guid":{"rendered":"https:\/\/sgp-sa.com\/?page_id=5311"},"modified":"2019-01-28T22:49:33","modified_gmt":"2019-01-28T22:49:33","slug":"acs-premium","status":"publish","type":"page","link":"https:\/\/sgp-sa.com\/en\/acs-premium\/","title":{"rendered":"ACS Premium assistance"},"content":{"rendered":"<p>ACS Premium Dans le monde entier en toute s\u00e9curit\u00e9 &nbsp; Qui sont les b\u00e9n\u00e9ficiaires? Le membre ainsi que les personnes faisant m\u00e9nage commun &nbsp; D\u00e9pannage Avec le service de d\u00e9pannage dans toute l\u2019Europe (voir ACS Classic), vous \u00eates parfaitement assur\u00e9s en cas de panne ou d\u2019accident. Le membre ACS Premium b\u00e9n\u00e9ficie en outre d\u2019une couverture plus \u00e9tendue que l\u2019ACS Classic. &nbsp; Frais d\u2019annulation\/couverture voyage Les frais d\u2019annulation sont pris en charge.Vous \u00eates couverts dans le monde entier en cas de maladie grave ou d\u2019accident survenant avant ou pendant les vacances, ou lors d\u2019un voyage (voir ACS Travel). &nbsp; Conduite de v\u00e9hicules de tiers Si vous \u00eates impliqu\u00e9s dans un sinistre au volant du v\u00e9hicule d\u2019un tiers (moins de 3,5 tonnes), vous b\u00e9n\u00e9ficiez des prestations suivantes: Franchise et perte du bonus au titre de l\u2019assurance responsabilit\u00e9 civile et dommages tous risques Si le v\u00e9hicule n\u2019est pas assur\u00e9 tous risques, les frais de remise en \u00e9tat sont par ailleurs pris en charge \u00e0 hauteur de CHF 5&#8217;000.\u2013 &nbsp; Utilisation d\u2019un v\u00e9hicule de location (garantie z\u00e9ro franchise) Vous louez un v\u00e9hicule pendant vos vacances. Si le loueur applique une franchise \u00e0 la restitution du v\u00e9hicule, suite \u00e0 un sinistre ou un vol, cette franchise est assur\u00e9e \u00e0 hauteur de CHF 3&#8217;000.\u2013 max. &nbsp; Protection juridique circulation monde entier La protection juridique circulation monde entier de la compagnie CAP vous offre des prestations optimales pour tous les litiges dans lesquels vous pourriez \u00eatre impliqu\u00e9s en tant qu\u2019usager de la route ou que d\u00e9tenteur ou conducteur d\u2019un v\u00e9hicule. La garantie s\u2019\u00e9l\u00e8ve \u00e0 CHF 500&#8217;000.\u2013 en Europe et \u00e0 CHF 50&#8217;000.\u2013 dans les autres pays (la <a href=\"https:\/\/sgp-sa.com\/en\/acs-premium\/\" title=\"Read more on ACS Premium\" class=\"more-link\">read more<\/a><\/p>","protected":false},"excerpt":{"rendered":"<p>ACS Premium Dans le monde entier en toute s\u00e9curit\u00e9 &nbsp; Qui sont les b\u00e9n\u00e9ficiaires? Le membre ainsi que les personnes faisant m\u00e9nage commun &nbsp; D\u00e9pannage Avec le service de d\u00e9pannage dans toute l\u2019Europe (voir ACS Classic), vous \u00eates parfaitement assur\u00e9s en cas de panne ou d\u2019accident. Le membre ACS Premium b\u00e9n\u00e9ficie en outre d\u2019une couverture &hellip;<\/p>","protected":false},"author":2,"featured_media":0,"parent":0,"menu_order":0,"comment_status":"closed","ping_status":"closed","template":"","meta":{"footnotes":""},"_links":{"self":[{"href":"https:\/\/sgp-sa.com\/en\/wp-json\/wp\/v2\/pages\/5311"}],"collection":[{"href":"https:\/\/sgp-sa.com\/en\/wp-json\/wp\/v2\/pages"}],"about":[{"href":"https:\/\/sgp-sa.com\/en\/wp-json\/wp\/v2\/types\/page"}],"author":[{"embeddable":true,"href":"https:\/\/sgp-sa.com\/en\/wp-json\/wp\/v2\/users\/2"}],"replies":[{"embeddable":true,"href":"https:\/\/sgp-sa.com\/en\/wp-json\/wp\/v2\/comments?post=5311"}],"version-history":[{"count":0,"href":"https:\/\/sgp-sa.com\/en\/wp-json\/wp\/v2\/pages\/5311\/revisions"}],"wp:attachment":[{"href":"https:\/\/sgp-sa.com\/en\/wp-json\/wp\/v2\/media?parent=5311"}],"curies":[{"name":"wp","href":"https:\/\/api.w.org\/{rel}","templated":true}]}}