{"id":5291,"date":"2019-01-28T21:43:05","date_gmt":"2019-01-28T21:43:05","guid":{"rendered":"https:\/\/sgp-sa.com\/?page_id=5291"},"modified":"2019-01-28T23:34:05","modified_gmt":"2019-01-28T23:34:05","slug":"acs-classic","status":"publish","type":"page","link":"https:\/\/sgp-sa.com\/en\/acs-classic\/","title":{"rendered":"ACS Classic"},"content":{"rendered":"<p>ACS Classic &nbsp; Gr\u00e2ce \u00e0 notre excellent r\u00e9seau dans toute l\u2019Europe, votre mobilit\u00e9 au quotidien est assur\u00e9e.Vous pouvez reprendre la route dans les meilleurs d\u00e9lais, sans frais suppl\u00e9mentaires. Cette formule correspond \u00e0 votre affiliation actuelle. Quelle est l\u2019\u00e9tendue de la garantie? L\u2019Europe (selon carte Internationale d\u2019Assurance Automobile \u2013 carte verte) &nbsp; Qui sont les b\u00e9n\u00e9ficiaires? Le membre ainsi que les personnes faisant m\u00e9nage commun &nbsp; Quels sont les v\u00e9hicules assur\u00e9s? Les voitures de tourisme et les motocycles d\u2019un poids total inf\u00e9rieur \u00e0 3,5 tonnes, ainsi que les camping-cars jusqu&#8217;\u00e0 9 tonnes &nbsp; Quels sont les \u00e9v\u00e8nements garantis? Panne Vol Accident Quelles sont les frais pris en charge? D\u00e9pannage sur place Evacuation et gardiennage du v\u00e9hicule Exp\u00e9dition de pi\u00e8ces d\u00e9tach\u00e9es Assistance en cas de panne d\u2019essence ou de probl\u00e8me de cl\u00e9s H\u00e9bergement sur place Fin du trajet avec les transports publics ou en taxi V\u00e9hicule de remplacement Rapatriement du v\u00e9hicule depuis l\u2019\u00e9tranger Au maximum 3 cas de panne sont indemnis\u00e9s par ann\u00e9e civile. L\u2019organisation du d\u00e9pannage est \u00e9galement garantie au&#8211;del\u00e0 de 3 cas, mais les frais en d\u00e9coulant sont \u00e0 r\u00e9gler sur place. &nbsp; Cotisation CHF 98.00 &#8211; Offre sp\u00e9ciale pour la premi\u00e8re ann\u00e9e avec adh\u00e9sion en ligne (le montant de la cotisation d\u00e9pend de la section pour les ann\u00e9es &nbsp; &nbsp; Liens vers la page officielle ACS Classic<\/p>","protected":false},"excerpt":{"rendered":"<p>ACS Classic &nbsp; Gr\u00e2ce \u00e0 notre excellent r\u00e9seau dans toute l\u2019Europe, votre mobilit\u00e9 au quotidien est assur\u00e9e.Vous pouvez reprendre la route dans les meilleurs d\u00e9lais, sans frais suppl\u00e9mentaires. Cette formule correspond \u00e0 votre affiliation actuelle. Quelle est l\u2019\u00e9tendue de la garantie? L\u2019Europe (selon carte Internationale d\u2019Assurance Automobile \u2013 carte verte) &nbsp; Qui sont les b\u00e9n\u00e9ficiaires? &hellip;<\/p>","protected":false},"author":2,"featured_media":0,"parent":0,"menu_order":0,"comment_status":"closed","ping_status":"closed","template":"","meta":{"footnotes":""},"_links":{"self":[{"href":"https:\/\/sgp-sa.com\/en\/wp-json\/wp\/v2\/pages\/5291"}],"collection":[{"href":"https:\/\/sgp-sa.com\/en\/wp-json\/wp\/v2\/pages"}],"about":[{"href":"https:\/\/sgp-sa.com\/en\/wp-json\/wp\/v2\/types\/page"}],"author":[{"embeddable":true,"href":"https:\/\/sgp-sa.com\/en\/wp-json\/wp\/v2\/users\/2"}],"replies":[{"embeddable":true,"href":"https:\/\/sgp-sa.com\/en\/wp-json\/wp\/v2\/comments?post=5291"}],"version-history":[{"count":0,"href":"https:\/\/sgp-sa.com\/en\/wp-json\/wp\/v2\/pages\/5291\/revisions"}],"wp:attachment":[{"href":"https:\/\/sgp-sa.com\/en\/wp-json\/wp\/v2\/media?parent=5291"}],"curies":[{"name":"wp","href":"https:\/\/api.w.org\/{rel}","templated":true}]}}