{"id":5238,"date":"2019-01-28T17:26:42","date_gmt":"2019-01-28T17:26:42","guid":{"rendered":"https:\/\/sgp-sa.com\/?page_id=5238"},"modified":"2019-03-13T16:00:37","modified_gmt":"2019-03-13T16:00:37","slug":"acs","status":"publish","type":"page","link":"https:\/\/sgp-sa.com\/en\/acs\/","title":{"rendered":"ACS"},"content":{"rendered":"<p>Automobile Club Suisse &nbsp; B\u00e9n\u00e9ficiez d\u2019une ann\u00e9e d\u2019assistante offerte avec notre partenaire ACS pour toute nouvelle conclusion d\u2019assurance avec notre soci\u00e9t\u00e9 &nbsp; Gr\u00e2ce \u00e0 l\u2019excellent r\u00e9seau de l\u2019ACS dans toute l\u2019Europe, votre mobilit\u00e9 au quotidien est assur\u00e9e.Vous pouvez reprendre la route dans les meilleurs d\u00e9lais, sans frais suppl\u00e9mentaires. Cette formule correspond \u00e0 votre affiliation actuelle. &nbsp; Quelle est l\u2019\u00e9tendue de la garantie? L\u2019Europe (selon carte Internationale d\u2019Assurance Automobile) &nbsp; Qui sont les b\u00e9n\u00e9ficiaires? Le membre ainsi que les personnes faisant m\u00e9nage commun &nbsp; Quels sont les v\u00e9hicules assur\u00e9s? Les voitures de tourisme et les motocycles d\u2019un poids total inf\u00e9rieur \u00e0 3,5 tonnes, ainsi que les camping-cars jusqu&#8217;\u00e0 9 tonnes &nbsp; Quels sont les \u00e9v\u00e8nements garantis? \u00a0Panne \u00a0Vol \u00a0Accident &nbsp; Quelles sont les frais pris en charge? D\u00e9pannage sur place Evacuation et gardiennage du v\u00e9hicule Exp\u00e9dition de pi\u00e8ces d\u00e9tach\u00e9es Assistance en cas de panne d\u2019essence ou de probl\u00e8me de cl\u00e9s H\u00e9bergement sur place Fin du trajet avec les transports publics ou en taxi V\u00e9hicule de remplacement Rapatriement du v\u00e9hicule &nbsp; Au maximum 3 cas de panne sont indemnis\u00e9s par ann\u00e9e civile. L\u2019organisation du d\u00e9pannage est \u00e9galement garantie au-del\u00e0 de 3 cas, mais les frais en d\u00e9coulant sont \u00e0 r\u00e9gler sur place. &nbsp; &#x25ab;&#xfe0f;ACS Light &#x25ab;&#xfe0f;ACS Classic &#x25ab;&#xfe0f;ACS Travel &#x25ab;&#xfe0f;ACS Classic &amp; Travel &#x25ab;&#xfe0f;ACS Premium &#x25ab;&#xfe0f;ACS Entreprise ____________________________________________________________________ Pour profiter de cette ann\u00e9e d\u2019assistance gratuite veuillez remplir le formulaire de demande ci-dessous\u00a0 &nbsp; * En validant cette demande d\u2019offre, j&#8217;accepte de recevoir des mailings et je reconnais avoir pris connaissance de la POLITIQUE DE CONFIDENTIALIT\u00c9 ACS Hotline +41 31 328 31 11 Num\u00e9ro d\u2019assistance ACS +41 44 283 33 77 ACS Gen\u00e8ve <a href=\"https:\/\/sgp-sa.com\/en\/acs\/\" title=\"Read more on ACS\" class=\"more-link\">read more<\/a><\/p>","protected":false},"excerpt":{"rendered":"<p>Automobile Club Suisse &nbsp; B\u00e9n\u00e9ficiez d\u2019une ann\u00e9e d\u2019assistante offerte avec notre partenaire ACS pour toute nouvelle conclusion d\u2019assurance avec notre soci\u00e9t\u00e9 &nbsp; Gr\u00e2ce \u00e0 l\u2019excellent r\u00e9seau de l\u2019ACS dans toute l\u2019Europe, votre mobilit\u00e9 au quotidien est assur\u00e9e.Vous pouvez reprendre la route dans les meilleurs d\u00e9lais, sans frais suppl\u00e9mentaires. Cette formule correspond \u00e0 votre affiliation actuelle. &hellip;<\/p>","protected":false},"author":2,"featured_media":0,"parent":0,"menu_order":0,"comment_status":"closed","ping_status":"closed","template":"","meta":{"footnotes":""},"_links":{"self":[{"href":"https:\/\/sgp-sa.com\/en\/wp-json\/wp\/v2\/pages\/5238"}],"collection":[{"href":"https:\/\/sgp-sa.com\/en\/wp-json\/wp\/v2\/pages"}],"about":[{"href":"https:\/\/sgp-sa.com\/en\/wp-json\/wp\/v2\/types\/page"}],"author":[{"embeddable":true,"href":"https:\/\/sgp-sa.com\/en\/wp-json\/wp\/v2\/users\/2"}],"replies":[{"embeddable":true,"href":"https:\/\/sgp-sa.com\/en\/wp-json\/wp\/v2\/comments?post=5238"}],"version-history":[{"count":1,"href":"https:\/\/sgp-sa.com\/en\/wp-json\/wp\/v2\/pages\/5238\/revisions"}],"predecessor-version":[{"id":9226,"href":"https:\/\/sgp-sa.com\/en\/wp-json\/wp\/v2\/pages\/5238\/revisions\/9226"}],"wp:attachment":[{"href":"https:\/\/sgp-sa.com\/en\/wp-json\/wp\/v2\/media?parent=5238"}],"curies":[{"name":"wp","href":"https:\/\/api.w.org\/{rel}","templated":true}]}}