{"id":39,"date":"2016-09-28T07:43:57","date_gmt":"2016-09-28T07:43:57","guid":{"rendered":"https:\/\/sgp.tactilpad.ch\/?page_id=39"},"modified":"2024-02-08T16:11:29","modified_gmt":"2024-02-08T15:11:29","slug":"home","status":"publish","type":"page","link":"https:\/\/sgp-sa.com\/en\/","title":{"rendered":"Home"},"content":{"rendered":"<p>Des prestations pour particuliers et professionnelsSwiss Group &amp; Partners a n\u00e9goci\u00e9 des conditions avantageuses avec les plus grandes compagnies d\u2019assurance en Suisse.Des solutions pour les expatri\u00e9s\u00a0Swiss Group &amp; Partners propose des solutions compl\u00e8tes pour assurer les expatri\u00e9s s\u2019installant en Suisse. Un service de qualit\u00e9\u00a0Swiss Group &amp; Partners prend \u00e0 c\u0153ur d&#8217;offrir un conseil personnalis\u00e9 et de qualit\u00e9 \u00e0 tous ses clients, en fran\u00e7ais ou en anglais. Une client\u00e8le haut de gamme\u00a0Swiss Group &amp; Partners Sarl identifie, analyse et recherche les meilleures solutions d\u2019assurances pour sa client\u00e8le exigeante et haut de gamme, dans une transparence et loyaut\u00e9 absolue. Sp\u00e9cialis\u00e9s dans les risques sp\u00e9ciaux\u00a0Les risques sp\u00e9ciaux requi\u00e8rent une attention sp\u00e9ciale. Nos sp\u00e9cialistes vous conseillent dans les domaines de la responsabilit\u00e9 civile patrimoniale, de l\u2019assurance contre le crime, de l\u2019assurance en cas d\u2019extorsion de fonds et de demande de ran\u00e7on, de l\u2019assurance cr\u00e9dit, des cyber risques et dans bien d\u2019autres domaines encore. Vous assurer est notre m\u00e9tier, faites confiance \u00e0 notre exp\u00e9rienceQuand vous souscrivez une assurance, que ce soit pour votre sant\u00e9, votre retraite, votre hypoth\u00e8que, votre activit\u00e9 professionnelle, votre v\u00e9hicule, &#8230; nous recherchons pour vous les meilleurs prestataires. Des conseils transparents et des solutions sur-mesureUn seul interlocuteur pour g\u00e9rer votre portefeuille d&#8217;assurancesNotre gestion nous permet d\u2019\u00eatre r\u00e9guli\u00e8rement en contact avec nos clientsNos conseillers sont au b\u00e9n\u00e9fice de plusieurs ann\u00e9es d\u2019exp\u00e9riences\u00a0\u00a0\u00a0 \u00a0\u00a0Pr\u00e9voyance : 3\u00e8me Pilier 3A li\u00e9 ou 3B libreAvant de souscrire un 3\u00e8me Pilier il est important de faire un comparatif d\u2019offre et de choisir la meilleure couverture adapt\u00e9e \u00e0 vos besoins. Montant max. 6\u2019826.- Chf ( employ\u00e9 )Montant max. 34&#8217;128.- Chf ( ind\u00e9pandant ) (more&hellip;)<\/p>","protected":false},"excerpt":{"rendered":"<p>Des prestations pour particuliers et professionnelsSwiss Group &amp; Partners a n\u00e9goci\u00e9 des conditions avantageuses avec les plus grandes compagnies d\u2019assurance en Suisse.Des solutions pour les expatri\u00e9s\u00a0Swiss Group &amp; Partners propose des solutions compl\u00e8tes pour assurer les expatri\u00e9s s\u2019installant en Suisse. Un service de qualit\u00e9\u00a0Swiss Group &amp; Partners prend \u00e0 c\u0153ur d&#8217;offrir un conseil personnalis\u00e9 et &hellip;<\/p>","protected":false},"author":2,"featured_media":0,"parent":0,"menu_order":0,"comment_status":"closed","ping_status":"closed","template":"","meta":{"footnotes":""},"_links":{"self":[{"href":"https:\/\/sgp-sa.com\/en\/wp-json\/wp\/v2\/pages\/39"}],"collection":[{"href":"https:\/\/sgp-sa.com\/en\/wp-json\/wp\/v2\/pages"}],"about":[{"href":"https:\/\/sgp-sa.com\/en\/wp-json\/wp\/v2\/types\/page"}],"author":[{"embeddable":true,"href":"https:\/\/sgp-sa.com\/en\/wp-json\/wp\/v2\/users\/2"}],"replies":[{"embeddable":true,"href":"https:\/\/sgp-sa.com\/en\/wp-json\/wp\/v2\/comments?post=39"}],"version-history":[{"count":12,"href":"https:\/\/sgp-sa.com\/en\/wp-json\/wp\/v2\/pages\/39\/revisions"}],"predecessor-version":[{"id":9541,"href":"https:\/\/sgp-sa.com\/en\/wp-json\/wp\/v2\/pages\/39\/revisions\/9541"}],"wp:attachment":[{"href":"https:\/\/sgp-sa.com\/en\/wp-json\/wp\/v2\/media?parent=39"}],"curies":[{"name":"wp","href":"https:\/\/api.w.org\/{rel}","templated":true}]}}