{"id":3608,"date":"2018-11-22T23:50:39","date_gmt":"2018-11-22T23:50:39","guid":{"rendered":"https:\/\/sgp-sa.com\/?page_id=3608"},"modified":"2019-03-31T14:41:31","modified_gmt":"2019-03-31T14:41:31","slug":"paiement-en-ligne","status":"publish","type":"page","link":"https:\/\/sgp-sa.com\/en\/paiement-en-ligne\/","title":{"rendered":"Online payment"},"content":{"rendered":"<p>Paiement en ligne Swiss Group &amp; Partners Sarl vous offre la possibilit\u00e9, sous certaines conditions, de payer vos assurances avec votre carte bancaire visa, MasterCard, American Express, Postfinance et Maestro. Pour r\u00e9gler vos primes, la meilleure option reste le virement bancaire par ebanking ou le bulletin de versement Postal, mais il peut y avoir des\u00a0situations o\u00f9 l\u2019on n\u2019a pas d\u2019autre moyen que de payer avec une carte bancaire et c\u2019est pour cette raison que Swiss Group &amp; Partners Sarl a d\u00e9cid\u00e9 d\u2019offrir cette solution pour sa fid\u00e8le client\u00e8le. Compte bancaire Swiss Group &amp; Partners S\u00e0rl \u00a0 \u00a0 \u00a0IBAN : CH33 0900 0000 1507 8032 9 Paiement de chf 50.- Paiement de chf 100.- Paiement de chf 250.- * En validant cette demande, j&#8217;accepte de recevoir des mailings et je reconnais avoir pris connaissance de la POLITIQUE DE CONFIDENTIALIT\u00c9<\/p>","protected":false},"excerpt":{"rendered":"<p>Paiement en ligne Swiss Group &amp; Partners Sarl vous offre la possibilit\u00e9, sous certaines conditions, de payer vos assurances avec votre carte bancaire visa, MasterCard, American Express, Postfinance et Maestro. Pour r\u00e9gler vos primes, la meilleure option reste le virement bancaire par ebanking ou le bulletin de versement Postal, mais il peut y avoir des\u00a0situations &hellip;<\/p>","protected":false},"author":2,"featured_media":0,"parent":0,"menu_order":0,"comment_status":"closed","ping_status":"closed","template":"","meta":{"footnotes":""},"_links":{"self":[{"href":"https:\/\/sgp-sa.com\/en\/wp-json\/wp\/v2\/pages\/3608"}],"collection":[{"href":"https:\/\/sgp-sa.com\/en\/wp-json\/wp\/v2\/pages"}],"about":[{"href":"https:\/\/sgp-sa.com\/en\/wp-json\/wp\/v2\/types\/page"}],"author":[{"embeddable":true,"href":"https:\/\/sgp-sa.com\/en\/wp-json\/wp\/v2\/users\/2"}],"replies":[{"embeddable":true,"href":"https:\/\/sgp-sa.com\/en\/wp-json\/wp\/v2\/comments?post=3608"}],"version-history":[{"count":0,"href":"https:\/\/sgp-sa.com\/en\/wp-json\/wp\/v2\/pages\/3608\/revisions"}],"wp:attachment":[{"href":"https:\/\/sgp-sa.com\/en\/wp-json\/wp\/v2\/media?parent=3608"}],"curies":[{"name":"wp","href":"https:\/\/api.w.org\/{rel}","templated":true}]}}