{"id":3475,"date":"2018-11-20T23:22:07","date_gmt":"2018-11-20T23:22:07","guid":{"rendered":"https:\/\/sgp-sa.com\/?page_id=3475"},"modified":"2019-03-22T14:23:45","modified_gmt":"2019-03-22T14:23:45","slug":"assurance-vie-3eme-pilier-frontaliers","status":"publish","type":"page","link":"https:\/\/sgp-sa.com\/en\/assurance-vie-3eme-pilier-frontaliers\/","title":{"rendered":"Life insurance for frontier workers"},"content":{"rendered":"<p>Assurance pr\u00e9voyance &#8211; 3\u00e8me Pilier frontaliers Si vous \u00eates travailleur frontalier, c\u2019est-\u00e0-dire que vous r\u00e9sidez en France et travaillez en Suisse, vous avez la possibilit\u00e9 de souscrire un 3e pilier. Ainsi, vous pr\u00e9parez votre retraite de fa\u00e7on optimale tout en limitant votre facture \u00e0 l\u2019administration fiscale. Mais pour \u00eatre certain de r\u00e9aliser la bonne op\u00e9ration, il vous faut conna\u00eetre parfaitement ce \u00e0 quoi vous avez droit et dans quelle condition, notamment en fonction de vos projets de vie et professionnels. Si vous travaillez en Suisse, vous avez le droit aux 1er\u00a0et 2e\u00a0piliers, mais ils ne seront certainement pas suffisants \u00e0 vous assurer une retraite confortable. Pour maintenir votre niveau de vie, souscrire un 3e\u00a0pilier en Suisse est une fa\u00e7on de vous cr\u00e9er une \u00e9pargne pour votre retraite. En tant que frontalier, vous avez la possibilit\u00e9 d\u2019ouvrir un 3e\u00a0pilier li\u00e9 A, dans une banque ou chez un assureur, ou un 3e\u00a0pilier libre B aupr\u00e8s d\u2019une compagnie d\u2019assurance. A savoir que toutes les compagnies d\u2019assurance n\u2019acceptent pas les frontaliers. Les deux formules pr\u00e9sentent par ailleurs des diff\u00e9rences, notamment en termes de d\u00e9fiscalisation, de dur\u00e9e de contrat et d\u2019imposition. Avant de choisir pour telle ou telle solution, renseignez-vous correctement en amont. Ce syst\u00e8me de pr\u00e9voyance individuelle est facultatif et les montants vers\u00e9s sur un 3e\u00a0pilier li\u00e9 sont d\u00e9ductibles des imp\u00f4ts sur le revenu pr\u00e9lev\u00e9 \u00e0 la source. Besoin de plus d\u2019informations ? Demander un rendez-vous &nbsp; Nos conseillers sp\u00e9cialis\u00e9s se feront un un plaisirs de vous rencontrez !<\/p>","protected":false},"excerpt":{"rendered":"<p>Assurance pr\u00e9voyance &#8211; 3\u00e8me Pilier frontaliers Si vous \u00eates travailleur frontalier, c\u2019est-\u00e0-dire que vous r\u00e9sidez en France et travaillez en Suisse, vous avez la possibilit\u00e9 de souscrire un 3e pilier. Ainsi, vous pr\u00e9parez votre retraite de fa\u00e7on optimale tout en limitant votre facture \u00e0 l\u2019administration fiscale. Mais pour \u00eatre certain de r\u00e9aliser la bonne op\u00e9ration, &hellip;<\/p>","protected":false},"author":2,"featured_media":0,"parent":0,"menu_order":0,"comment_status":"closed","ping_status":"closed","template":"","meta":{"footnotes":""},"_links":{"self":[{"href":"https:\/\/sgp-sa.com\/en\/wp-json\/wp\/v2\/pages\/3475"}],"collection":[{"href":"https:\/\/sgp-sa.com\/en\/wp-json\/wp\/v2\/pages"}],"about":[{"href":"https:\/\/sgp-sa.com\/en\/wp-json\/wp\/v2\/types\/page"}],"author":[{"embeddable":true,"href":"https:\/\/sgp-sa.com\/en\/wp-json\/wp\/v2\/users\/2"}],"replies":[{"embeddable":true,"href":"https:\/\/sgp-sa.com\/en\/wp-json\/wp\/v2\/comments?post=3475"}],"version-history":[{"count":0,"href":"https:\/\/sgp-sa.com\/en\/wp-json\/wp\/v2\/pages\/3475\/revisions"}],"wp:attachment":[{"href":"https:\/\/sgp-sa.com\/en\/wp-json\/wp\/v2\/media?parent=3475"}],"curies":[{"name":"wp","href":"https:\/\/api.w.org\/{rel}","templated":true}]}}