{"id":2773,"date":"2018-11-14T12:36:08","date_gmt":"2018-11-14T12:36:08","guid":{"rendered":"https:\/\/www.sgp-sa.com\/?page_id=2773"},"modified":"2018-11-14T13:46:49","modified_gmt":"2018-11-14T13:46:49","slug":"login-client","status":"publish","type":"page","link":"https:\/\/sgp-sa.com\/en\/login-client\/","title":{"rendered":"Login Client"},"content":{"rendered":"<p>Vous avez la possibilit\u00e9 de vous enregistrez et d&#8217;avoir un login ainsi qu&#8217;un mot de passe pour acc\u00e9der \u00e0 votre compte client de cette fa\u00e7on vous aurez acc\u00e8s a tous vos documents d&#8217;assurances.<\/p>","protected":false},"excerpt":{"rendered":"<p>Vous avez la possibilit\u00e9 de vous enregistrez et d&#8217;avoir un login ainsi qu&#8217;un mot de passe pour acc\u00e9der \u00e0 votre compte client de cette fa\u00e7on vous aurez acc\u00e8s a tous vos documents d&#8217;assurances.<\/p>","protected":false},"author":2,"featured_media":0,"parent":0,"menu_order":0,"comment_status":"closed","ping_status":"closed","template":"","meta":{"footnotes":""},"_links":{"self":[{"href":"https:\/\/sgp-sa.com\/en\/wp-json\/wp\/v2\/pages\/2773"}],"collection":[{"href":"https:\/\/sgp-sa.com\/en\/wp-json\/wp\/v2\/pages"}],"about":[{"href":"https:\/\/sgp-sa.com\/en\/wp-json\/wp\/v2\/types\/page"}],"author":[{"embeddable":true,"href":"https:\/\/sgp-sa.com\/en\/wp-json\/wp\/v2\/users\/2"}],"replies":[{"embeddable":true,"href":"https:\/\/sgp-sa.com\/en\/wp-json\/wp\/v2\/comments?post=2773"}],"version-history":[{"count":0,"href":"https:\/\/sgp-sa.com\/en\/wp-json\/wp\/v2\/pages\/2773\/revisions"}],"wp:attachment":[{"href":"https:\/\/sgp-sa.com\/en\/wp-json\/wp\/v2\/media?parent=2773"}],"curies":[{"name":"wp","href":"https:\/\/api.w.org\/{rel}","templated":true}]}}