{"id":2567,"date":"2018-11-12T12:19:28","date_gmt":"2018-11-12T12:19:28","guid":{"rendered":"https:\/\/www.sgp-sa.com\/?page_id=2567"},"modified":"2019-03-14T01:10:13","modified_gmt":"2019-03-14T01:10:13","slug":"assurance-kidnapping","status":"publish","type":"page","link":"https:\/\/sgp-sa.com\/en\/assurances-professionelles\/assurance-kidnapping\/","title":{"rendered":"Kidnapping insurance"},"content":{"rendered":"<p>L\u2019assurance kidnapping et ran\u00e7on L\u2019assurance Kidnapping et Ran\u00e7on couvre des soci\u00e9t\u00e9s (multinationales, PME, PMI\u2026) qui op\u00e8rent dans des r\u00e9gions \u00e0 haut risque ou dont les activit\u00e9s impliquent des d\u00e9placements \u00e0 l\u2019\u00e9tranger. Quelle que soit sa taille ou son secteur d\u2019activit\u00e9, toute entreprise peut \u00eatre confront\u00e9e \u00e0 des risques d\u2019enl\u00e8vements et d\u2019extorsion (y compris les menaces de mort, de blessure, d\u2019enl\u00e8vement ou les menaces de dommages aux biens). Il est indispensable d\u2019anticiper les risques et de prot\u00e9ger votre entreprise et vos salari\u00e9s. Les entreprises ont une obligation de s\u00e9curit\u00e9 envers leurs salari\u00e9s. L\u2019assurance Kidnapping &amp; Ran\u00e7on couvre l\u2019entreprise et tous ses employ\u00e9s\u00a0: expatri\u00e9s, salari\u00e9s en d\u00e9placements professionnels, salari\u00e9s locaux, sous-traitants, famille. Les couvertures : \u2013\u00a0Remboursement de la ran\u00e7on \u2013\u00a0Perte de la ran\u00e7on \u2013 Responsabilit\u00e9 civile \u2013 Frais de consultants en gestion de crise \u2013 Frais engag\u00e9s pour faire face \u00e0 la crise \u2013 Perte exploitation \u2013\u00a0Indemnit\u00e9s d\u00e9c\u00e8s et invalidit\u00e9 \u2013 \u00c9vacuation et rapatriement Exemples : RAPT :\u00a0Enl\u00e8vement avec demande de ran\u00e7on Circonstance Un salari\u00e9 expatri\u00e9 en Argentine d\u2019une soci\u00e9t\u00e9 fran\u00e7aise est kidnapp\u00e9 dans sa voiture sur la route du travail et forc\u00e9 de monter dans la voiture des assaillants. Gestion de la crise \u2022 les membres de sa famille contactent la ligne d\u2019urgence mise en place par la compagnie d\u2019assurance \u2022 le service sinistres de la compagnie d\u2019assurance confirme la garantie et 2 consultants sont d\u00e9ploy\u00e9s sur place le jour m\u00eame \u2022 les consultants ont aid\u00e9 la famille dans les n\u00e9gociations avec les kidnappeurs Issue \u2022 la victime a \u00e9t\u00e9 lib\u00e9r\u00e9e apr\u00e8s le paiement de la ran\u00e7on de plus de 1MUSD Frais engag\u00e9s \u2022 paiement de la ran\u00e7on \u2022 frais des <a href=\"https:\/\/sgp-sa.com\/en\/assurances-professionelles\/assurance-kidnapping\/\" title=\"Read more on Assurance kidnapping\" class=\"more-link\">read more<\/a><\/p>","protected":false},"excerpt":{"rendered":"<p>L\u2019assurance kidnapping et ran\u00e7on L\u2019assurance Kidnapping et Ran\u00e7on couvre des soci\u00e9t\u00e9s (multinationales, PME, PMI\u2026) qui op\u00e8rent dans des r\u00e9gions \u00e0 haut risque ou dont les activit\u00e9s impliquent des d\u00e9placements \u00e0 l\u2019\u00e9tranger. Quelle que soit sa taille ou son secteur d\u2019activit\u00e9, toute entreprise peut \u00eatre confront\u00e9e \u00e0 des risques d\u2019enl\u00e8vements et d\u2019extorsion (y compris les menaces &hellip;<\/p>","protected":false},"author":2,"featured_media":0,"parent":2486,"menu_order":0,"comment_status":"closed","ping_status":"closed","template":"","meta":{"footnotes":""},"_links":{"self":[{"href":"https:\/\/sgp-sa.com\/en\/wp-json\/wp\/v2\/pages\/2567"}],"collection":[{"href":"https:\/\/sgp-sa.com\/en\/wp-json\/wp\/v2\/pages"}],"about":[{"href":"https:\/\/sgp-sa.com\/en\/wp-json\/wp\/v2\/types\/page"}],"author":[{"embeddable":true,"href":"https:\/\/sgp-sa.com\/en\/wp-json\/wp\/v2\/users\/2"}],"replies":[{"embeddable":true,"href":"https:\/\/sgp-sa.com\/en\/wp-json\/wp\/v2\/comments?post=2567"}],"version-history":[{"count":0,"href":"https:\/\/sgp-sa.com\/en\/wp-json\/wp\/v2\/pages\/2567\/revisions"}],"up":[{"embeddable":true,"href":"https:\/\/sgp-sa.com\/en\/wp-json\/wp\/v2\/pages\/2486"}],"wp:attachment":[{"href":"https:\/\/sgp-sa.com\/en\/wp-json\/wp\/v2\/media?parent=2567"}],"curies":[{"name":"wp","href":"https:\/\/api.w.org\/{rel}","templated":true}]}}